{"id":6742,"date":"2019-12-06T09:17:41","date_gmt":"2019-12-06T08:17:41","guid":{"rendered":"https:\/\/cyranie.com\/produit\/sweet-instant-5-cereals-cyralines-vanilla-ref-y490\/"},"modified":"2021-02-12T14:34:20","modified_gmt":"2021-02-12T13:34:20","slug":"sweet-instant-5-cereals-cyralines-vanilla-ref-y490","status":"publish","type":"product","link":"https:\/\/cyranie.com\/en\/produit\/sweet-instant-5-cereals-cyralines-vanilla-ref-y490\/","title":{"rendered":"SWEET INSTANT 5 CEREALS CYRALINES Vanilla <br\/><span style=\"font-size: 14px;\"><strong>Ref. :<\/strong> Y490<\/span>"},"content":{"rendered":"<h2 style=\"font-size: 18px; margin-bottom: 0;\">Ingredients<\/h2>\n<p>Farines de 5 c\u00e9r\u00e9ales 59% (bl\u00e9, riz, ma\u00efs, orge, avoine), sucre, dextrose, prot\u00e9ine de bl\u00e9 soluble, ar\u00f4me, extrait de carthame, vitamines (C, niacine, E, acide pantoth\u00e9nique, B6, riboflavine, thiamine, A, acide folique, biotine, D3, B12), min\u00e9raux (zinc, fer, cuivre, mangan\u00e8se, iode, s\u00e9l\u00e9nium), maltodextrines.<\/p>\n","protected":false},"excerpt":{"rendered":"<p><a href=\"http:\/\/cyranie.com\/wp-content\/uploads\/2019\/09\/logo-nutexcy.png\"><img decoding=\"async\" class=\"alignnone wp-image-683\" src=\"http:\/\/cyranie.com\/wp-content\/uploads\/2019\/09\/logo-nutexcy.png\" alt=\"\" width=\"183\" height=\"53\" srcset=\"https:\/\/cyranie.com\/wp-content\/uploads\/2019\/09\/logo-nutexcy-200x58.png 200w, https:\/\/cyranie.com\/wp-content\/uploads\/2019\/09\/logo-nutexcy-300x87.png 300w, https:\/\/cyranie.com\/wp-content\/uploads\/2019\/09\/logo-nutexcy-400x116.png 400w, https:\/\/cyranie.com\/wp-content\/uploads\/2019\/09\/logo-nutexcy-500x145.png 500w, https:\/\/cyranie.com\/wp-content\/uploads\/2019\/09\/logo-nutexcy-600x174.png 600w, https:\/\/cyranie.com\/wp-content\/uploads\/2019\/09\/logo-nutexcy-700x203.png 700w, https:\/\/cyranie.com\/wp-content\/uploads\/2019\/09\/logo-nutexcy-768x222.png 768w, https:\/\/cyranie.com\/wp-content\/uploads\/2019\/09\/logo-nutexcy-800x232.png 800w, https:\/\/cyranie.com\/wp-content\/uploads\/2019\/09\/logo-nutexcy.png 929w\" sizes=\"(max-width: 183px) 100vw, 183px\" \/><\/a><\/p>\n<div class=\"fusion-layout-column fusion_builder_column fusion_builder_column_3_4 fusion-builder-column-14 fusion-three-fourth fusion-column-last 3_4\">\n<div class=\"fusion-column-wrapper\" data-bg-url=\"\">\n<div class=\"fusion-text\">\n<p>Based on cereals, Cyralines are porridge that can be eaten for breakfast or as a snack. Their texture is suitable for people who have problems with swallowing liquids and \/ or chewing. Their composition complies with the regulations for Food products intended for Special Medical Purposes.\n<\/p><\/div>\n<\/div>\n<\/div>\n<div class=\"parfums\" style=\"display: inline-block;\">\n    <a href=\"https:\/\/cyranie.com\/en\/produit\/sweet-instant-5-cereals-cyralines-honey-hazelnut-ref-y491\/\"><\/p>\n<div class=\"is_cadre_prod_img\">\n            <img decoding=\"async\" src=\"https:\/\/cyranie.com\/wp-content\/uploads\/2020\/02\/MIEL-NOISETTE.png\" \/><br \/>\n        \tHoney Hazelnut\n        <\/div>\n<p>    <\/a><br \/>\n    <a href=\"https:\/\/cyranie.com\/en\/produit\/sweet-instant-5-cereals-cyralines-vanilla-ref-y490\/\"><\/p>\n<div class=\"is_cadre_prod_img\">\n            <img decoding=\"async\" src=\"https:\/\/cyranie.com\/wp-content\/uploads\/2020\/02\/VANILLE.png\" \/><br \/>\n        \tVanilla\n        <\/div>\n<p>    <\/a><br \/>\n    <a href=\"https:\/\/cyranie.com\/en\/produit\/sweet-instant-5-cereals-cyralines-chocolate-ref-y489\/\"><\/p>\n<div class=\"is_cadre_prod_img\">\n            <img decoding=\"async\" src=\"https:\/\/cyranie.com\/wp-content\/uploads\/2020\/02\/CHOCOLAT.png\" \/><br \/>\n        \tChocolate\n        <\/div>\n<p>    <\/a><br \/>\n    <a href=\"https:\/\/cyranie.com\/en\/produit\/sweet-instant-5-cereals-cyralines-biscuit-ref-y488\/\"><\/p>\n<div class=\"is_cadre_prod_img\">\n            <img decoding=\"async\" src=\"https:\/\/cyranie.com\/wp-content\/uploads\/2020\/02\/BISCUIT.png\" \/><br \/>\n        \tBiscuit\n        <\/div>\n<p>    <\/a><br \/>\n    <a href=\"https:\/\/cyranie.com\/en\/produit\/sweet-instant-5-cereals-cyralines-natural-taste-ref-y487\/\"><\/p>\n<div class=\"is_cadre_prod_img\">\n            <img decoding=\"async\" src=\"https:\/\/cyranie.com\/wp-content\/uploads\/2020\/02\/5-C\u00c9R\u00c9ALES.png\" \/><br \/>\n        \tNature\n        <\/div>\n<p>    <\/a>\n<\/div>\n[fusion_builder_container hundred_percent=\"no\" hundred_percent_height=\"no\" hundred_percent_height_scroll=\"no\" hundred_percent_height_center_content=\"yes\" equal_height_columns=\"no\" menu_anchor=\"\" hide_on_mobile=\"small-visibility,medium-visibility,large-visibility\" status=\"published\" publish_date=\"\" class=\"widgets-container\" id=\"\" background_color=\"\" background_image=\"\" background_position=\"center center\" background_repeat=\"no-repeat\" fade=\"no\" background_parallax=\"none\" enable_mobile=\"no\" parallax_speed=\"0.3\" video_mp4=\"\" video_webm=\"\" video_ogv=\"\" video_url=\"\" video_aspect_ratio=\"16:9\" video_loop=\"yes\" video_mute=\"yes\" video_preview_image=\"\" border_size=\"\" border_color=\"\" border_style=\"solid\" margin_top=\"\" margin_bottom=\"\" padding_top=\"\" padding_right=\"\" padding_bottom=\"\" padding_left=\"\" fusion_global=\"359\"][fusion_builder_row][fusion_builder_column type=\"1_1\" layout=\"1_1\" spacing=\"\" center_content=\"no\" link=\"\" target=\"_self\" min_height=\"\" hide_on_mobile=\"small-visibility,medium-visibility,large-visibility\" class=\"\" id=\"\" background_color=\"\" background_image=\"\" background_position=\"left top\" background_repeat=\"no-repeat\" hover_type=\"none\" border_size=\"0\" border_color=\"\" border_style=\"solid\" border_position=\"all\" padding_top=\"\" padding_right=\"\" padding_bottom=\"\" padding_left=\"\" margin_top=\"\" margin_bottom=\"\" animation_type=\"\" animation_direction=\"left\" animation_speed=\"0.3\" animation_offset=\"\" last=\"no\"][fusion_widget_area name=\"avada-custom-sidebar-slidingbarsalesforce\" title_size=\"\" title_color=\"\" background_color=\"\" padding_top=\"\" padding_right=\"\" padding_bottom=\"\" padding_left=\"\" hide_on_mobile=\"small-visibility,medium-visibility,large-visibility\" class=\"\" id=\"\" \/][fusion_widget_area name=\"avada-custom-sidebar-slidingbarnewsletter\" title_size=\"\" title_color=\"\" background_color=\"\" padding_top=\"\" padding_right=\"\" padding_bottom=\"\" padding_left=\"\" hide_on_mobile=\"small-visibility,medium-visibility,large-visibility\" class=\"\" id=\"\" \/][fusion_widget_area name=\"avada-custom-sidebar-slidingbarcontact\" title_size=\"\" title_color=\"\" background_color=\"\" padding_top=\"\" padding_right=\"\" padding_bottom=\"\" padding_left=\"\" hide_on_mobile=\"small-visibility,medium-visibility,large-visibility\" class=\"\" id=\"\" \/][fusion_widget_area name=\"avada-custom-sidebar-slidingbarlinkedin\" title_size=\"\" title_color=\"\" background_color=\"\" padding_top=\"\" padding_right=\"\" padding_bottom=\"\" padding_left=\"\" hide_on_mobile=\"small-visibility,medium-visibility,large-visibility\" class=\"\" id=\"\" \/][\/fusion_builder_column][\/fusion_builder_row][\/fusion_builder_container]\n","protected":false},"featured_media":3991,"template":"","meta":{"footnotes":""},"product_brand":[],"product_cat":[132,133],"product_tag":[],"class_list":{"0":"post-6742","1":"product","2":"type-product","3":"status-publish","4":"has-post-thumbnail","6":"product_cat-texture-adaptee-en","7":"product_cat-deglutition-en","9":"first","10":"instock","11":"sold-individually","12":"shipping-taxable","13":"product-type-simple"},"yoast_head":"<!-- This site is optimized with the Yoast SEO plugin v27.3 - https:\/\/yoast.com\/product\/yoast-seo-wordpress\/ -->\n<title>SWEET INSTANT 5 CEREALS CYRALINES Vanilla Ref. : Y490 - Cyranie<\/title>\n<meta name=\"robots\" content=\"index, follow, max-snippet:-1, max-image-preview:large, max-video-preview:-1\" \/>\n<link rel=\"canonical\" href=\"https:\/\/cyranie.com\/en\/produit\/sweet-instant-5-cereals-cyralines-vanilla-ref-y490\/\" \/>\n<meta property=\"og:locale\" content=\"en_US\" \/>\n<meta property=\"og:type\" content=\"article\" \/>\n<meta property=\"og:title\" content=\"SWEET INSTANT 5 CEREALS CYRALINES Vanilla Ref. : Y490 - Cyranie\" \/>\n<meta property=\"og:description\" content=\"Based on cereals, Cyralines are porridge that can be eaten for breakfast or as a snack. Their texture is suitable for people who have problems with swallowing liquids and \/ or chewing. Their composition complies with the regulations for Food products intended for Special Medical Purposes.                         Honey Hazelnut                             Vanilla                             Chocolate                             Biscuit                             Nature\" \/>\n<meta property=\"og:url\" content=\"https:\/\/cyranie.com\/en\/produit\/sweet-instant-5-cereals-cyralines-vanilla-ref-y490\/\" \/>\n<meta property=\"og:site_name\" content=\"Cyranie\" \/>\n<meta property=\"article:modified_time\" content=\"2021-02-12T13:34:20+00:00\" \/>\n<meta property=\"og:image\" content=\"https:\/\/cyranie.com\/wp-content\/uploads\/2019\/12\/Cyranie-texture-adaptee-Cyraline-5-cereales-instant-vanille-fiche-produit.jpg\" \/>\n\t<meta property=\"og:image:width\" content=\"1000\" \/>\n\t<meta property=\"og:image:height\" content=\"666\" \/>\n\t<meta property=\"og:image:type\" content=\"image\/jpeg\" \/>\n<meta name=\"twitter:card\" content=\"summary_large_image\" \/>\n<script type=\"application\/ld+json\" class=\"yoast-schema-graph\">{\"@context\":\"https:\\\/\\\/schema.org\",\"@graph\":[{\"@type\":\"WebPage\",\"@id\":\"https:\\\/\\\/cyranie.com\\\/en\\\/produit\\\/sweet-instant-5-cereals-cyralines-vanilla-ref-y490\\\/\",\"url\":\"https:\\\/\\\/cyranie.com\\\/en\\\/produit\\\/sweet-instant-5-cereals-cyralines-vanilla-ref-y490\\\/\",\"name\":\"SWEET INSTANT 5 CEREALS CYRALINES Vanilla Ref. : Y490 - Cyranie\",\"isPartOf\":{\"@id\":\"https:\\\/\\\/cyranie.com\\\/en\\\/#website\"},\"primaryImageOfPage\":{\"@id\":\"https:\\\/\\\/cyranie.com\\\/en\\\/produit\\\/sweet-instant-5-cereals-cyralines-vanilla-ref-y490\\\/#primaryimage\"},\"image\":{\"@id\":\"https:\\\/\\\/cyranie.com\\\/en\\\/produit\\\/sweet-instant-5-cereals-cyralines-vanilla-ref-y490\\\/#primaryimage\"},\"thumbnailUrl\":\"https:\\\/\\\/cyranie.com\\\/wp-content\\\/uploads\\\/2019\\\/12\\\/Cyranie-texture-adaptee-Cyraline-5-cereales-instant-vanille-fiche-produit.jpg\",\"datePublished\":\"2019-12-06T08:17:41+00:00\",\"dateModified\":\"2021-02-12T13:34:20+00:00\",\"breadcrumb\":{\"@id\":\"https:\\\/\\\/cyranie.com\\\/en\\\/produit\\\/sweet-instant-5-cereals-cyralines-vanilla-ref-y490\\\/#breadcrumb\"},\"inLanguage\":\"en-US\",\"potentialAction\":[{\"@type\":\"ReadAction\",\"target\":[\"https:\\\/\\\/cyranie.com\\\/en\\\/produit\\\/sweet-instant-5-cereals-cyralines-vanilla-ref-y490\\\/\"]}]},{\"@type\":\"ImageObject\",\"inLanguage\":\"en-US\",\"@id\":\"https:\\\/\\\/cyranie.com\\\/en\\\/produit\\\/sweet-instant-5-cereals-cyralines-vanilla-ref-y490\\\/#primaryimage\",\"url\":\"https:\\\/\\\/cyranie.com\\\/wp-content\\\/uploads\\\/2019\\\/12\\\/Cyranie-texture-adaptee-Cyraline-5-cereales-instant-vanille-fiche-produit.jpg\",\"contentUrl\":\"https:\\\/\\\/cyranie.com\\\/wp-content\\\/uploads\\\/2019\\\/12\\\/Cyranie-texture-adaptee-Cyraline-5-cereales-instant-vanille-fiche-produit.jpg\",\"width\":1000,\"height\":666},{\"@type\":\"BreadcrumbList\",\"@id\":\"https:\\\/\\\/cyranie.com\\\/en\\\/produit\\\/sweet-instant-5-cereals-cyralines-vanilla-ref-y490\\\/#breadcrumb\",\"itemListElement\":[{\"@type\":\"ListItem\",\"position\":1,\"name\":\"Accueil\",\"item\":\"https:\\\/\\\/cyranie.com\\\/en\\\/\"},{\"@type\":\"ListItem\",\"position\":2,\"name\":\"Shop\",\"item\":\"https:\\\/\\\/cyranie.com\\\/en\\\/shop\\\/\"},{\"@type\":\"ListItem\",\"position\":3,\"name\":\"SWEET INSTANT 5 CEREALS CYRALINES Vanilla Ref. : Y490\"}]},{\"@type\":\"WebSite\",\"@id\":\"https:\\\/\\\/cyranie.com\\\/en\\\/#website\",\"url\":\"https:\\\/\\\/cyranie.com\\\/en\\\/\",\"name\":\"Cyranie\",\"description\":\"Nourrir avec plaisir\",\"potentialAction\":[{\"@type\":\"SearchAction\",\"target\":{\"@type\":\"EntryPoint\",\"urlTemplate\":\"https:\\\/\\\/cyranie.com\\\/en\\\/?s={search_term_string}\"},\"query-input\":{\"@type\":\"PropertyValueSpecification\",\"valueRequired\":true,\"valueName\":\"search_term_string\"}}],\"inLanguage\":\"en-US\"}]}<\/script>\n<!-- \/ Yoast SEO plugin. -->","yoast_head_json":{"title":"SWEET INSTANT 5 CEREALS CYRALINES Vanilla Ref. : Y490 - Cyranie","robots":{"index":"index","follow":"follow","max-snippet":"max-snippet:-1","max-image-preview":"max-image-preview:large","max-video-preview":"max-video-preview:-1"},"canonical":"https:\/\/cyranie.com\/en\/produit\/sweet-instant-5-cereals-cyralines-vanilla-ref-y490\/","og_locale":"en_US","og_type":"article","og_title":"SWEET INSTANT 5 CEREALS CYRALINES Vanilla Ref. : Y490 - Cyranie","og_description":"Based on cereals, Cyralines are porridge that can be eaten for breakfast or as a snack. Their texture is suitable for people who have problems with swallowing liquids and \/ or chewing. Their composition complies with the regulations for Food products intended for Special Medical Purposes.                         Honey Hazelnut                             Vanilla                             Chocolate                             Biscuit                             Nature","og_url":"https:\/\/cyranie.com\/en\/produit\/sweet-instant-5-cereals-cyralines-vanilla-ref-y490\/","og_site_name":"Cyranie","article_modified_time":"2021-02-12T13:34:20+00:00","og_image":[{"width":1000,"height":666,"url":"https:\/\/cyranie.com\/wp-content\/uploads\/2019\/12\/Cyranie-texture-adaptee-Cyraline-5-cereales-instant-vanille-fiche-produit.jpg","type":"image\/jpeg"}],"twitter_card":"summary_large_image","schema":{"@context":"https:\/\/schema.org","@graph":[{"@type":"WebPage","@id":"https:\/\/cyranie.com\/en\/produit\/sweet-instant-5-cereals-cyralines-vanilla-ref-y490\/","url":"https:\/\/cyranie.com\/en\/produit\/sweet-instant-5-cereals-cyralines-vanilla-ref-y490\/","name":"SWEET INSTANT 5 CEREALS CYRALINES Vanilla Ref. : Y490 - Cyranie","isPartOf":{"@id":"https:\/\/cyranie.com\/en\/#website"},"primaryImageOfPage":{"@id":"https:\/\/cyranie.com\/en\/produit\/sweet-instant-5-cereals-cyralines-vanilla-ref-y490\/#primaryimage"},"image":{"@id":"https:\/\/cyranie.com\/en\/produit\/sweet-instant-5-cereals-cyralines-vanilla-ref-y490\/#primaryimage"},"thumbnailUrl":"https:\/\/cyranie.com\/wp-content\/uploads\/2019\/12\/Cyranie-texture-adaptee-Cyraline-5-cereales-instant-vanille-fiche-produit.jpg","datePublished":"2019-12-06T08:17:41+00:00","dateModified":"2021-02-12T13:34:20+00:00","breadcrumb":{"@id":"https:\/\/cyranie.com\/en\/produit\/sweet-instant-5-cereals-cyralines-vanilla-ref-y490\/#breadcrumb"},"inLanguage":"en-US","potentialAction":[{"@type":"ReadAction","target":["https:\/\/cyranie.com\/en\/produit\/sweet-instant-5-cereals-cyralines-vanilla-ref-y490\/"]}]},{"@type":"ImageObject","inLanguage":"en-US","@id":"https:\/\/cyranie.com\/en\/produit\/sweet-instant-5-cereals-cyralines-vanilla-ref-y490\/#primaryimage","url":"https:\/\/cyranie.com\/wp-content\/uploads\/2019\/12\/Cyranie-texture-adaptee-Cyraline-5-cereales-instant-vanille-fiche-produit.jpg","contentUrl":"https:\/\/cyranie.com\/wp-content\/uploads\/2019\/12\/Cyranie-texture-adaptee-Cyraline-5-cereales-instant-vanille-fiche-produit.jpg","width":1000,"height":666},{"@type":"BreadcrumbList","@id":"https:\/\/cyranie.com\/en\/produit\/sweet-instant-5-cereals-cyralines-vanilla-ref-y490\/#breadcrumb","itemListElement":[{"@type":"ListItem","position":1,"name":"Accueil","item":"https:\/\/cyranie.com\/en\/"},{"@type":"ListItem","position":2,"name":"Shop","item":"https:\/\/cyranie.com\/en\/shop\/"},{"@type":"ListItem","position":3,"name":"SWEET INSTANT 5 CEREALS CYRALINES Vanilla Ref. : Y490"}]},{"@type":"WebSite","@id":"https:\/\/cyranie.com\/en\/#website","url":"https:\/\/cyranie.com\/en\/","name":"Cyranie","description":"Nourrir avec plaisir","potentialAction":[{"@type":"SearchAction","target":{"@type":"EntryPoint","urlTemplate":"https:\/\/cyranie.com\/en\/?s={search_term_string}"},"query-input":{"@type":"PropertyValueSpecification","valueRequired":true,"valueName":"search_term_string"}}],"inLanguage":"en-US"}]}},"_links":{"self":[{"href":"https:\/\/cyranie.com\/en\/wp-json\/wp\/v2\/product\/6742","targetHints":{"allow":["GET"]}}],"collection":[{"href":"https:\/\/cyranie.com\/en\/wp-json\/wp\/v2\/product"}],"about":[{"href":"https:\/\/cyranie.com\/en\/wp-json\/wp\/v2\/types\/product"}],"version-history":[{"count":0,"href":"https:\/\/cyranie.com\/en\/wp-json\/wp\/v2\/product\/6742\/revisions"}],"wp:featuredmedia":[{"embeddable":true,"href":"https:\/\/cyranie.com\/en\/wp-json\/wp\/v2\/media\/3991"}],"wp:attachment":[{"href":"https:\/\/cyranie.com\/en\/wp-json\/wp\/v2\/media?parent=6742"}],"wp:term":[{"taxonomy":"product_brand","embeddable":true,"href":"https:\/\/cyranie.com\/en\/wp-json\/wp\/v2\/product_brand?post=6742"},{"taxonomy":"product_cat","embeddable":true,"href":"https:\/\/cyranie.com\/en\/wp-json\/wp\/v2\/product_cat?post=6742"},{"taxonomy":"product_tag","embeddable":true,"href":"https:\/\/cyranie.com\/en\/wp-json\/wp\/v2\/product_tag?post=6742"}],"curies":[{"name":"wp","href":"https:\/\/api.w.org\/{rel}","templated":true}]}}