{"id":7890,"date":"2023-06-15T11:14:11","date_gmt":"2023-06-15T09:14:11","guid":{"rendered":"https:\/\/cyranie.com\/?post_type=product&#038;p=7890"},"modified":"2026-03-16T16:57:07","modified_gmt":"2026-03-16T15:57:07","slug":"peptides-de-collagene-ft-colbo-la06-00011","status":"publish","type":"product","link":"https:\/\/cyranie.com\/en\/produit\/peptides-de-collagene-ft-colbo-la06-00011\/","title":{"rendered":"Peptides de collag\u00e8ne \u2013 COLBO-JA02-00400"},"content":{"rendered":"<h2 style=\"font-size: 18px;margin-bottom: 0\">Ingr\u00e9dients<\/h2>\n<p><strong>Peptides de collag\u00e8ne.<\/strong><\/p>\n","protected":false},"excerpt":{"rendered":"<p><span class=\"reference\"><strong>R\u00e8f. :<\/strong>\u00a0 COLBO-JA06- 00400<\/span><br \/>\n<img decoding=\"async\" class=\"alignnone wp-image-681\" src=\"http:\/\/cyranie.com\/wp-content\/uploads\/2019\/09\/logo-orexcy-300x93.png\" alt=\"\" width=\"161\" height=\"50\" srcset=\"https:\/\/cyranie.com\/wp-content\/uploads\/2019\/09\/logo-orexcy-200x62.png 200w, https:\/\/cyranie.com\/wp-content\/uploads\/2019\/09\/logo-orexcy-300x93.png 300w, https:\/\/cyranie.com\/wp-content\/uploads\/2019\/09\/logo-orexcy-400x124.png 400w, https:\/\/cyranie.com\/wp-content\/uploads\/2019\/09\/logo-orexcy-500x156.png 500w, https:\/\/cyranie.com\/wp-content\/uploads\/2019\/09\/logo-orexcy-600x187.png 600w, https:\/\/cyranie.com\/wp-content\/uploads\/2019\/09\/logo-orexcy-700x218.png 700w, https:\/\/cyranie.com\/wp-content\/uploads\/2019\/09\/logo-orexcy.png 723w\" sizes=\"(max-width: 161px) 100vw, 161px\" \/><\/p>\n<div class=\"fusion-layout-column fusion_builder_column fusion_builder_column_3_4 fusion-builder-column-14 fusion-three-fourth fusion-column-last 3_4\">\n<div class=\"fusion-column-wrapper\" data-bg-url=\"\">\n<div class=\"fusion-text\">Le collag\u00e8ne est une prot\u00e9ine peu pr\u00e9sente dans l\u2019alimentation moderne.<br \/>\nUne fois hydrolys\u00e9 (= coup\u00e9), les <strong>peptides <\/strong>obtenus deviennent <strong>hautement digestible.<\/strong><br \/>\nLes peptides de collag\u00e8ne de la gamme d\u00e9velopp\u00e9s par Cyranie sont destin\u00e9s \u00e0 enrichir l\u2019alimentation en cas de d\u00e9nutrition ou de besoins prot\u00e9iques accrus.<br \/>\nGr\u00e2ce \u00e0 leurs <strong>excellentes solubilit\u00e9 et stabilit\u00e9<\/strong>, ils s\u2019int\u00e8grent facilement dans tout type de pr\u00e9paration (plat\/boisson, sal\u00e9e\/sucr\u00e9e, \u00e0 chaud\/\u00e0 froid).<br \/>\nIls n<strong>e modifient ni l\u2019aspect, ni l\u2019odeur, ni le go\u00fbt<\/strong> des produits dans lesquels ils sont incorpor\u00e9s.<\/div>\n<\/div>\n<\/div>\n[fusion_builder_container hundred_percent=\"no\" hundred_percent_height=\"no\" hundred_percent_height_scroll=\"no\" hundred_percent_height_center_content=\"yes\" equal_height_columns=\"no\" menu_anchor=\"\" hide_on_mobile=\"small-visibility,medium-visibility,large-visibility\" status=\"published\" publish_date=\"\" class=\"widgets-container\" id=\"\" background_color=\"\" background_image=\"\" background_position=\"center center\" background_repeat=\"no-repeat\" fade=\"no\" background_parallax=\"none\" enable_mobile=\"no\" parallax_speed=\"0.3\" video_mp4=\"\" video_webm=\"\" video_ogv=\"\" video_url=\"\" video_aspect_ratio=\"16:9\" video_loop=\"yes\" video_mute=\"yes\" video_preview_image=\"\" border_size=\"\" border_color=\"\" border_style=\"solid\" margin_top=\"\" margin_bottom=\"\" padding_top=\"\" padding_right=\"\" padding_bottom=\"\" padding_left=\"\" fusion_global=\"359\"][fusion_builder_row][fusion_builder_column type=\"1_1\" layout=\"1_1\" spacing=\"\" center_content=\"no\" link=\"\" target=\"_self\" min_height=\"\" hide_on_mobile=\"small-visibility,medium-visibility,large-visibility\" class=\"\" id=\"\" background_color=\"\" background_image=\"\" background_position=\"left top\" background_repeat=\"no-repeat\" hover_type=\"none\" border_size=\"0\" border_color=\"\" border_style=\"solid\" border_position=\"all\" padding_top=\"\" padding_right=\"\" padding_bottom=\"\" padding_left=\"\" margin_top=\"\" margin_bottom=\"\" animation_type=\"\" animation_direction=\"left\" animation_speed=\"0.3\" animation_offset=\"\" last=\"no\"][fusion_widget_area name=\"avada-custom-sidebar-slidingbarsalesforce\" title_size=\"\" title_color=\"\" background_color=\"\" padding_top=\"\" padding_right=\"\" padding_bottom=\"\" padding_left=\"\" hide_on_mobile=\"small-visibility,medium-visibility,large-visibility\" class=\"\" id=\"\" \/][fusion_widget_area name=\"avada-custom-sidebar-slidingbarnewsletter\" title_size=\"\" title_color=\"\" background_color=\"\" padding_top=\"\" padding_right=\"\" padding_bottom=\"\" padding_left=\"\" hide_on_mobile=\"small-visibility,medium-visibility,large-visibility\" class=\"\" id=\"\" \/][fusion_widget_area name=\"avada-custom-sidebar-slidingbarcontact\" title_size=\"\" title_color=\"\" background_color=\"\" padding_top=\"\" padding_right=\"\" padding_bottom=\"\" padding_left=\"\" hide_on_mobile=\"small-visibility,medium-visibility,large-visibility\" class=\"\" id=\"\" \/][fusion_widget_area name=\"avada-custom-sidebar-slidingbarlinkedin\" title_size=\"\" title_color=\"\" background_color=\"\" padding_top=\"\" padding_right=\"\" padding_bottom=\"\" padding_left=\"\" hide_on_mobile=\"small-visibility,medium-visibility,large-visibility\" class=\"\" id=\"\" \/][\/fusion_builder_column][\/fusion_builder_row][\/fusion_builder_container]\n","protected":false},"featured_media":8812,"template":"","meta":{"footnotes":""},"product_brand":[],"product_cat":[30,29],"product_tag":[],"class_list":{"0":"post-7890","1":"product","2":"type-product","3":"status-publish","4":"has-post-thumbnail","6":"product_cat-renutrition","7":"product_cat-solutions-deshydratees-orexcy","9":"first","10":"instock","11":"sold-individually","12":"shipping-taxable","13":"product-type-simple"},"yoast_head":"<!-- This site is optimized with the Yoast SEO plugin v27.3 - https:\/\/yoast.com\/product\/yoast-seo-wordpress\/ -->\n<title>Peptides de collag\u00e8ne - Cyra\u2019g\u00e8ne | Cyranie<\/title>\n<meta name=\"description\" content=\"Les peptides de collag\u00e8ne de la gamme Orexcy d\u00e9velopp\u00e9s par Cyranie sont destin\u00e9s \u00e0 enrichir l\u2019alimentation en cas de d\u00e9nutrition ou de besoins prot\u00e9iques.\" \/>\n<meta name=\"robots\" content=\"index, follow, max-snippet:-1, max-image-preview:large, max-video-preview:-1\" \/>\n<link rel=\"canonical\" href=\"https:\/\/cyranie.com\/en\/produit\/peptides-de-collagene-ft-colbo-la06-00011\/\" \/>\n<meta property=\"og:locale\" content=\"en_US\" \/>\n<meta property=\"og:type\" content=\"article\" \/>\n<meta property=\"og:title\" content=\"Peptides de collag\u00e8ne - Cyra\u2019g\u00e8ne | Cyranie\" \/>\n<meta property=\"og:description\" content=\"Les peptides de collag\u00e8ne de la gamme Orexcy d\u00e9velopp\u00e9s par Cyranie sont destin\u00e9s \u00e0 enrichir l\u2019alimentation en cas de d\u00e9nutrition ou de besoins prot\u00e9iques.\" \/>\n<meta property=\"og:url\" content=\"https:\/\/cyranie.com\/en\/produit\/peptides-de-collagene-ft-colbo-la06-00011\/\" \/>\n<meta property=\"og:site_name\" content=\"Cyranie\" \/>\n<meta property=\"article:modified_time\" content=\"2026-03-16T15:57:07+00:00\" \/>\n<meta property=\"og:image\" content=\"https:\/\/cyranie.com\/wp-content\/uploads\/2022\/07\/cyragene-peptides-de-collagene.png\" \/>\n\t<meta property=\"og:image:width\" content=\"1290\" \/>\n\t<meta property=\"og:image:height\" content=\"2000\" \/>\n\t<meta property=\"og:image:type\" content=\"image\/png\" \/>\n<meta name=\"twitter:card\" content=\"summary_large_image\" \/>\n<meta name=\"twitter:label1\" content=\"Est. reading time\" \/>\n\t<meta name=\"twitter:data1\" content=\"1 minute\" \/>\n<script type=\"application\/ld+json\" class=\"yoast-schema-graph\">{\"@context\":\"https:\\\/\\\/schema.org\",\"@graph\":[{\"@type\":\"WebPage\",\"@id\":\"https:\\\/\\\/cyranie.com\\\/en\\\/produit\\\/peptides-de-collagene-ft-colbo-la06-00011\\\/\",\"url\":\"https:\\\/\\\/cyranie.com\\\/en\\\/produit\\\/peptides-de-collagene-ft-colbo-la06-00011\\\/\",\"name\":\"Peptides de collag\u00e8ne - Cyra\u2019g\u00e8ne | Cyranie\",\"isPartOf\":{\"@id\":\"https:\\\/\\\/cyranie.com\\\/en\\\/#website\"},\"primaryImageOfPage\":{\"@id\":\"https:\\\/\\\/cyranie.com\\\/en\\\/produit\\\/peptides-de-collagene-ft-colbo-la06-00011\\\/#primaryimage\"},\"image\":{\"@id\":\"https:\\\/\\\/cyranie.com\\\/en\\\/produit\\\/peptides-de-collagene-ft-colbo-la06-00011\\\/#primaryimage\"},\"thumbnailUrl\":\"https:\\\/\\\/cyranie.com\\\/wp-content\\\/uploads\\\/2022\\\/07\\\/cyragene-peptides-de-collagene.png\",\"datePublished\":\"2023-06-15T09:14:11+00:00\",\"dateModified\":\"2026-03-16T15:57:07+00:00\",\"description\":\"Les peptides de collag\u00e8ne de la gamme Orexcy d\u00e9velopp\u00e9s par Cyranie sont destin\u00e9s \u00e0 enrichir l\u2019alimentation en cas de d\u00e9nutrition ou de besoins prot\u00e9iques.\",\"breadcrumb\":{\"@id\":\"https:\\\/\\\/cyranie.com\\\/en\\\/produit\\\/peptides-de-collagene-ft-colbo-la06-00011\\\/#breadcrumb\"},\"inLanguage\":\"en-US\",\"potentialAction\":[{\"@type\":\"ReadAction\",\"target\":[\"https:\\\/\\\/cyranie.com\\\/en\\\/produit\\\/peptides-de-collagene-ft-colbo-la06-00011\\\/\"]}]},{\"@type\":\"ImageObject\",\"inLanguage\":\"en-US\",\"@id\":\"https:\\\/\\\/cyranie.com\\\/en\\\/produit\\\/peptides-de-collagene-ft-colbo-la06-00011\\\/#primaryimage\",\"url\":\"https:\\\/\\\/cyranie.com\\\/wp-content\\\/uploads\\\/2022\\\/07\\\/cyragene-peptides-de-collagene.png\",\"contentUrl\":\"https:\\\/\\\/cyranie.com\\\/wp-content\\\/uploads\\\/2022\\\/07\\\/cyragene-peptides-de-collagene.png\",\"width\":1290,\"height\":2000,\"caption\":\"cyragene peptides de collagene\"},{\"@type\":\"BreadcrumbList\",\"@id\":\"https:\\\/\\\/cyranie.com\\\/en\\\/produit\\\/peptides-de-collagene-ft-colbo-la06-00011\\\/#breadcrumb\",\"itemListElement\":[{\"@type\":\"ListItem\",\"position\":1,\"name\":\"Accueil\",\"item\":\"https:\\\/\\\/cyranie.com\\\/en\\\/\"},{\"@type\":\"ListItem\",\"position\":2,\"name\":\"Shop\",\"item\":\"https:\\\/\\\/cyranie.com\\\/en\\\/shop\\\/\"},{\"@type\":\"ListItem\",\"position\":3,\"name\":\"Peptides de collag\u00e8ne \u2013 COLBO-JA02-00400\"}]},{\"@type\":\"WebSite\",\"@id\":\"https:\\\/\\\/cyranie.com\\\/en\\\/#website\",\"url\":\"https:\\\/\\\/cyranie.com\\\/en\\\/\",\"name\":\"Cyranie\",\"description\":\"Nourrir avec plaisir\",\"potentialAction\":[{\"@type\":\"SearchAction\",\"target\":{\"@type\":\"EntryPoint\",\"urlTemplate\":\"https:\\\/\\\/cyranie.com\\\/en\\\/?s={search_term_string}\"},\"query-input\":{\"@type\":\"PropertyValueSpecification\",\"valueRequired\":true,\"valueName\":\"search_term_string\"}}],\"inLanguage\":\"en-US\"}]}<\/script>\n<!-- \/ Yoast SEO plugin. -->","yoast_head_json":{"title":"Peptides de collag\u00e8ne - Cyra\u2019g\u00e8ne | Cyranie","description":"Les peptides de collag\u00e8ne de la gamme Orexcy d\u00e9velopp\u00e9s par Cyranie sont destin\u00e9s \u00e0 enrichir l\u2019alimentation en cas de d\u00e9nutrition ou de besoins prot\u00e9iques.","robots":{"index":"index","follow":"follow","max-snippet":"max-snippet:-1","max-image-preview":"max-image-preview:large","max-video-preview":"max-video-preview:-1"},"canonical":"https:\/\/cyranie.com\/en\/produit\/peptides-de-collagene-ft-colbo-la06-00011\/","og_locale":"en_US","og_type":"article","og_title":"Peptides de collag\u00e8ne - Cyra\u2019g\u00e8ne | Cyranie","og_description":"Les peptides de collag\u00e8ne de la gamme Orexcy d\u00e9velopp\u00e9s par Cyranie sont destin\u00e9s \u00e0 enrichir l\u2019alimentation en cas de d\u00e9nutrition ou de besoins prot\u00e9iques.","og_url":"https:\/\/cyranie.com\/en\/produit\/peptides-de-collagene-ft-colbo-la06-00011\/","og_site_name":"Cyranie","article_modified_time":"2026-03-16T15:57:07+00:00","og_image":[{"width":1290,"height":2000,"url":"https:\/\/cyranie.com\/wp-content\/uploads\/2022\/07\/cyragene-peptides-de-collagene.png","type":"image\/png"}],"twitter_card":"summary_large_image","twitter_misc":{"Est. reading time":"1 minute"},"schema":{"@context":"https:\/\/schema.org","@graph":[{"@type":"WebPage","@id":"https:\/\/cyranie.com\/en\/produit\/peptides-de-collagene-ft-colbo-la06-00011\/","url":"https:\/\/cyranie.com\/en\/produit\/peptides-de-collagene-ft-colbo-la06-00011\/","name":"Peptides de collag\u00e8ne - Cyra\u2019g\u00e8ne | Cyranie","isPartOf":{"@id":"https:\/\/cyranie.com\/en\/#website"},"primaryImageOfPage":{"@id":"https:\/\/cyranie.com\/en\/produit\/peptides-de-collagene-ft-colbo-la06-00011\/#primaryimage"},"image":{"@id":"https:\/\/cyranie.com\/en\/produit\/peptides-de-collagene-ft-colbo-la06-00011\/#primaryimage"},"thumbnailUrl":"https:\/\/cyranie.com\/wp-content\/uploads\/2022\/07\/cyragene-peptides-de-collagene.png","datePublished":"2023-06-15T09:14:11+00:00","dateModified":"2026-03-16T15:57:07+00:00","description":"Les peptides de collag\u00e8ne de la gamme Orexcy d\u00e9velopp\u00e9s par Cyranie sont destin\u00e9s \u00e0 enrichir l\u2019alimentation en cas de d\u00e9nutrition ou de besoins prot\u00e9iques.","breadcrumb":{"@id":"https:\/\/cyranie.com\/en\/produit\/peptides-de-collagene-ft-colbo-la06-00011\/#breadcrumb"},"inLanguage":"en-US","potentialAction":[{"@type":"ReadAction","target":["https:\/\/cyranie.com\/en\/produit\/peptides-de-collagene-ft-colbo-la06-00011\/"]}]},{"@type":"ImageObject","inLanguage":"en-US","@id":"https:\/\/cyranie.com\/en\/produit\/peptides-de-collagene-ft-colbo-la06-00011\/#primaryimage","url":"https:\/\/cyranie.com\/wp-content\/uploads\/2022\/07\/cyragene-peptides-de-collagene.png","contentUrl":"https:\/\/cyranie.com\/wp-content\/uploads\/2022\/07\/cyragene-peptides-de-collagene.png","width":1290,"height":2000,"caption":"cyragene peptides de collagene"},{"@type":"BreadcrumbList","@id":"https:\/\/cyranie.com\/en\/produit\/peptides-de-collagene-ft-colbo-la06-00011\/#breadcrumb","itemListElement":[{"@type":"ListItem","position":1,"name":"Accueil","item":"https:\/\/cyranie.com\/en\/"},{"@type":"ListItem","position":2,"name":"Shop","item":"https:\/\/cyranie.com\/en\/shop\/"},{"@type":"ListItem","position":3,"name":"Peptides de collag\u00e8ne \u2013 COLBO-JA02-00400"}]},{"@type":"WebSite","@id":"https:\/\/cyranie.com\/en\/#website","url":"https:\/\/cyranie.com\/en\/","name":"Cyranie","description":"Nourrir avec plaisir","potentialAction":[{"@type":"SearchAction","target":{"@type":"EntryPoint","urlTemplate":"https:\/\/cyranie.com\/en\/?s={search_term_string}"},"query-input":{"@type":"PropertyValueSpecification","valueRequired":true,"valueName":"search_term_string"}}],"inLanguage":"en-US"}]}},"_links":{"self":[{"href":"https:\/\/cyranie.com\/en\/wp-json\/wp\/v2\/product\/7890","targetHints":{"allow":["GET"]}}],"collection":[{"href":"https:\/\/cyranie.com\/en\/wp-json\/wp\/v2\/product"}],"about":[{"href":"https:\/\/cyranie.com\/en\/wp-json\/wp\/v2\/types\/product"}],"version-history":[{"count":1,"href":"https:\/\/cyranie.com\/en\/wp-json\/wp\/v2\/product\/7890\/revisions"}],"predecessor-version":[{"id":12053,"href":"https:\/\/cyranie.com\/en\/wp-json\/wp\/v2\/product\/7890\/revisions\/12053"}],"wp:featuredmedia":[{"embeddable":true,"href":"https:\/\/cyranie.com\/en\/wp-json\/wp\/v2\/media\/8812"}],"wp:attachment":[{"href":"https:\/\/cyranie.com\/en\/wp-json\/wp\/v2\/media?parent=7890"}],"wp:term":[{"taxonomy":"product_brand","embeddable":true,"href":"https:\/\/cyranie.com\/en\/wp-json\/wp\/v2\/product_brand?post=7890"},{"taxonomy":"product_cat","embeddable":true,"href":"https:\/\/cyranie.com\/en\/wp-json\/wp\/v2\/product_cat?post=7890"},{"taxonomy":"product_tag","embeddable":true,"href":"https:\/\/cyranie.com\/en\/wp-json\/wp\/v2\/product_tag?post=7890"}],"curies":[{"name":"wp","href":"https:\/\/api.w.org\/{rel}","templated":true}]}}