{"id":8371,"date":"2023-01-04T15:31:27","date_gmt":"2023-01-04T14:31:28","guid":{"rendered":"https:\/\/cyranie.com\/?post_type=product&#038;p=8371"},"modified":"2023-01-04T16:39:08","modified_gmt":"2023-01-04T15:39:08","slug":"high-protein-tomato-grill-sauce-ft-z268-ga02-00750","status":"publish","type":"product","link":"https:\/\/cyranie.com\/en\/produit\/high-protein-tomato-grill-sauce-ft-z268-ga02-00750\/","title":{"rendered":"High Protein Tomato-Grill Sauce<br\/><span style=\"font-size: 14px;\"><strong>Ref. :<\/strong>FT \u2013 Z268-GA02-00750<\/span>"},"content":{"rendered":"<h2 style=\"font-size: 18px; margin-bottom: 0px;\">Ingredients<\/h2>\n<p>Peptides de collag\u00e8ne, tomate (31%), amidon de ma\u00efs, prot\u00e9ines de lait (dont l\u00e9cithine de tournesol), sel, oignon, sucre, ail, herbes aromatiques.<\/p>\n","protected":false},"excerpt":{"rendered":"<p><img decoding=\"async\" class=\"alignnone wp-image-681\" src=\"http:\/\/cyranie.com\/wp-content\/uploads\/2019\/09\/logo-orexcy-300x93.png\" alt=\"\" width=\"161\" height=\"50\" srcset=\"https:\/\/cyranie.com\/wp-content\/uploads\/2019\/09\/logo-orexcy-200x62.png 200w, https:\/\/cyranie.com\/wp-content\/uploads\/2019\/09\/logo-orexcy-300x93.png 300w, https:\/\/cyranie.com\/wp-content\/uploads\/2019\/09\/logo-orexcy-400x124.png 400w, https:\/\/cyranie.com\/wp-content\/uploads\/2019\/09\/logo-orexcy-500x156.png 500w, https:\/\/cyranie.com\/wp-content\/uploads\/2019\/09\/logo-orexcy-600x187.png 600w, https:\/\/cyranie.com\/wp-content\/uploads\/2019\/09\/logo-orexcy-700x218.png 700w, https:\/\/cyranie.com\/wp-content\/uploads\/2019\/09\/logo-orexcy.png 723w\" sizes=\"(max-width: 161px) 100vw, 161px\" \/><\/p>\n<div class=\"fusion-layout-column fusion_builder_column fusion_builder_column_3_4 fusion-builder-column-14 fusion-three-fourth fusion-column-last 3_4\">\n<div class=\"fusion-column-wrapper\" data-bg-url=\"\">\n<div class=\"fusion-text\">\n<p>The HP sauces of the Orexcy range developed by Cyranie allow an additional salty <strong>proteinic contribution<\/strong>, <strong>without modifying<\/strong> the food intake. <strong>Easy and quick<\/strong> to prepare, they are a natural addition to <strong>traditional cooking<\/strong>. They are <strong>tasty<\/strong> and are the ideal accompaniment to <strong>all types of dishes<\/strong> (pasta, rice, potatoes served with fish, poultry and other white or red meats&#8230;).<\/p>\n<\/div>\n<\/div>\n<\/div>\n[slide-anything id='8392']\n[fusion_builder_container hundred_percent=\"no\" hundred_percent_height=\"no\" hundred_percent_height_scroll=\"no\" hundred_percent_height_center_content=\"yes\" equal_height_columns=\"no\" menu_anchor=\"\" hide_on_mobile=\"small-visibility,medium-visibility,large-visibility\" status=\"published\" publish_date=\"\" class=\"widgets-container\" id=\"\" background_color=\"\" background_image=\"\" background_position=\"center center\" background_repeat=\"no-repeat\" fade=\"no\" background_parallax=\"none\" enable_mobile=\"no\" parallax_speed=\"0.3\" video_mp4=\"\" video_webm=\"\" video_ogv=\"\" video_url=\"\" video_aspect_ratio=\"16:9\" video_loop=\"yes\" video_mute=\"yes\" video_preview_image=\"\" border_size=\"\" border_color=\"\" border_style=\"solid\" margin_top=\"\" margin_bottom=\"\" padding_top=\"\" padding_right=\"\" padding_bottom=\"\" padding_left=\"\" fusion_global=\"359\"][fusion_builder_row][fusion_builder_column type=\"1_1\" layout=\"1_1\" spacing=\"\" center_content=\"no\" link=\"\" target=\"_self\" min_height=\"\" hide_on_mobile=\"small-visibility,medium-visibility,large-visibility\" class=\"\" id=\"\" background_color=\"\" background_image=\"\" background_position=\"left top\" background_repeat=\"no-repeat\" hover_type=\"none\" border_size=\"0\" border_color=\"\" border_style=\"solid\" border_position=\"all\" padding_top=\"\" padding_right=\"\" padding_bottom=\"\" padding_left=\"\" margin_top=\"\" margin_bottom=\"\" animation_type=\"\" animation_direction=\"left\" animation_speed=\"0.3\" animation_offset=\"\" last=\"no\"][fusion_widget_area name=\"avada-custom-sidebar-slidingbarsalesforce\" title_size=\"\" title_color=\"\" background_color=\"\" padding_top=\"\" padding_right=\"\" padding_bottom=\"\" padding_left=\"\" hide_on_mobile=\"small-visibility,medium-visibility,large-visibility\" class=\"\" id=\"\" \/][fusion_widget_area name=\"avada-custom-sidebar-slidingbarnewsletter\" title_size=\"\" title_color=\"\" background_color=\"\" padding_top=\"\" padding_right=\"\" padding_bottom=\"\" padding_left=\"\" hide_on_mobile=\"small-visibility,medium-visibility,large-visibility\" class=\"\" id=\"\" \/][fusion_widget_area name=\"avada-custom-sidebar-slidingbarcontact\" title_size=\"\" title_color=\"\" background_color=\"\" padding_top=\"\" padding_right=\"\" padding_bottom=\"\" padding_left=\"\" hide_on_mobile=\"small-visibility,medium-visibility,large-visibility\" class=\"\" id=\"\" \/][fusion_widget_area name=\"avada-custom-sidebar-slidingbarlinkedin\" title_size=\"\" title_color=\"\" background_color=\"\" padding_top=\"\" padding_right=\"\" padding_bottom=\"\" padding_left=\"\" hide_on_mobile=\"small-visibility,medium-visibility,large-visibility\" class=\"\" id=\"\" \/][\/fusion_builder_column][\/fusion_builder_row][\/fusion_builder_container]\n","protected":false},"featured_media":8374,"template":"","meta":{"footnotes":""},"product_brand":[],"product_cat":[112,113],"product_tag":[],"class_list":{"0":"post-8371","1":"product","2":"type-product","3":"status-publish","4":"has-post-thumbnail","6":"product_cat-solutions-deshydratees-orexcy-en","7":"product_cat-renutrition-en","9":"first","10":"instock","11":"sold-individually","12":"shipping-taxable","13":"product-type-simple"},"yoast_head":"<!-- This site is optimized with the Yoast SEO plugin v27.0 - https:\/\/yoast.com\/product\/yoast-seo-wordpress\/ -->\n<title>High Protein Tomato-Grill SauceRef. :FT \u2013 Z268-GA02-00750 - Cyranie<\/title>\n<meta name=\"robots\" content=\"index, follow, max-snippet:-1, max-image-preview:large, max-video-preview:-1\" \/>\n<link rel=\"canonical\" href=\"https:\/\/cyranie.com\/en\/produit\/high-protein-tomato-grill-sauce-ft-z268-ga02-00750\/\" \/>\n<meta property=\"og:locale\" content=\"en_US\" \/>\n<meta property=\"og:type\" content=\"article\" \/>\n<meta property=\"og:title\" content=\"High Protein Tomato-Grill SauceRef. :FT \u2013 Z268-GA02-00750 - Cyranie\" \/>\n<meta property=\"og:description\" content=\"The HP sauces of the Orexcy range developed by Cyranie allow an additional salty proteinic contribution, without modifying the food intake. Easy and quick to prepare, they are a natural addition to traditional cooking. They are tasty and are the ideal accompaniment to all types of dishes (pasta, rice, potatoes served with fish, poultry and other white or red meats...).\" \/>\n<meta property=\"og:url\" content=\"https:\/\/cyranie.com\/en\/produit\/high-protein-tomato-grill-sauce-ft-z268-ga02-00750\/\" \/>\n<meta property=\"og:site_name\" content=\"Cyranie\" \/>\n<meta property=\"article:modified_time\" content=\"2023-01-04T15:39:08+00:00\" \/>\n<meta property=\"og:image\" content=\"https:\/\/cyranie.com\/wp-content\/uploads\/2023\/01\/produit-sauce-hp-tomate.webp\" \/>\n\t<meta property=\"og:image:width\" content=\"511\" \/>\n\t<meta property=\"og:image:height\" content=\"393\" \/>\n\t<meta property=\"og:image:type\" content=\"image\/webp\" \/>\n<meta name=\"twitter:card\" content=\"summary_large_image\" \/>\n<script type=\"application\/ld+json\" class=\"yoast-schema-graph\">{\"@context\":\"https:\/\/schema.org\",\"@graph\":[{\"@type\":\"WebPage\",\"@id\":\"https:\/\/cyranie.com\/en\/produit\/high-protein-tomato-grill-sauce-ft-z268-ga02-00750\/\",\"url\":\"https:\/\/cyranie.com\/en\/produit\/high-protein-tomato-grill-sauce-ft-z268-ga02-00750\/\",\"name\":\"High Protein Tomato-Grill Sauce Ref. :FT \u2013 Z268-GA02-00750 - Cyranie\",\"isPartOf\":{\"@id\":\"https:\/\/cyranie.com\/en\/#website\"},\"primaryImageOfPage\":{\"@id\":\"https:\/\/cyranie.com\/en\/produit\/high-protein-tomato-grill-sauce-ft-z268-ga02-00750\/#primaryimage\"},\"image\":{\"@id\":\"https:\/\/cyranie.com\/en\/produit\/high-protein-tomato-grill-sauce-ft-z268-ga02-00750\/#primaryimage\"},\"thumbnailUrl\":\"https:\/\/cyranie.com\/wp-content\/uploads\/2023\/01\/produit-sauce-hp-tomate.webp\",\"datePublished\":\"2023-01-04T14:31:28+00:00\",\"dateModified\":\"2023-01-04T15:39:08+00:00\",\"breadcrumb\":{\"@id\":\"https:\/\/cyranie.com\/en\/produit\/high-protein-tomato-grill-sauce-ft-z268-ga02-00750\/#breadcrumb\"},\"inLanguage\":\"en-US\",\"potentialAction\":[{\"@type\":\"ReadAction\",\"target\":[\"https:\/\/cyranie.com\/en\/produit\/high-protein-tomato-grill-sauce-ft-z268-ga02-00750\/\"]}]},{\"@type\":\"ImageObject\",\"inLanguage\":\"en-US\",\"@id\":\"https:\/\/cyranie.com\/en\/produit\/high-protein-tomato-grill-sauce-ft-z268-ga02-00750\/#primaryimage\",\"url\":\"https:\/\/cyranie.com\/wp-content\/uploads\/2023\/01\/produit-sauce-hp-tomate.webp\",\"contentUrl\":\"https:\/\/cyranie.com\/wp-content\/uploads\/2023\/01\/produit-sauce-hp-tomate.webp\",\"width\":511,\"height\":393,\"caption\":\"product hp tomato sauce\"},{\"@type\":\"BreadcrumbList\",\"@id\":\"https:\/\/cyranie.com\/en\/produit\/high-protein-tomato-grill-sauce-ft-z268-ga02-00750\/#breadcrumb\",\"itemListElement\":[{\"@type\":\"ListItem\",\"position\":1,\"name\":\"Accueil\",\"item\":\"https:\/\/cyranie.com\/en\/\"},{\"@type\":\"ListItem\",\"position\":2,\"name\":\"Shop\",\"item\":\"https:\/\/cyranie.com\/en\/shop\/\"},{\"@type\":\"ListItem\",\"position\":3,\"name\":\"High Protein Tomato-Grill SauceRef. :FT \u2013 Z268-GA02-00750\"}]},{\"@type\":\"WebSite\",\"@id\":\"https:\/\/cyranie.com\/en\/#website\",\"url\":\"https:\/\/cyranie.com\/en\/\",\"name\":\"Cyranie\",\"description\":\"Nourrir avec plaisir\",\"potentialAction\":[{\"@type\":\"SearchAction\",\"target\":{\"@type\":\"EntryPoint\",\"urlTemplate\":\"https:\/\/cyranie.com\/en\/?s={search_term_string}\"},\"query-input\":{\"@type\":\"PropertyValueSpecification\",\"valueRequired\":true,\"valueName\":\"search_term_string\"}}],\"inLanguage\":\"en-US\"}]}<\/script>\n<!-- \/ Yoast SEO plugin. -->","yoast_head_json":{"title":"High Protein Tomato-Grill SauceRef. :FT \u2013 Z268-GA02-00750 - Cyranie","robots":{"index":"index","follow":"follow","max-snippet":"max-snippet:-1","max-image-preview":"max-image-preview:large","max-video-preview":"max-video-preview:-1"},"canonical":"https:\/\/cyranie.com\/en\/produit\/high-protein-tomato-grill-sauce-ft-z268-ga02-00750\/","og_locale":"en_US","og_type":"article","og_title":"High Protein Tomato-Grill SauceRef. :FT \u2013 Z268-GA02-00750 - Cyranie","og_description":"The HP sauces of the Orexcy range developed by Cyranie allow an additional salty proteinic contribution, without modifying the food intake. Easy and quick to prepare, they are a natural addition to traditional cooking. They are tasty and are the ideal accompaniment to all types of dishes (pasta, rice, potatoes served with fish, poultry and other white or red meats...).","og_url":"https:\/\/cyranie.com\/en\/produit\/high-protein-tomato-grill-sauce-ft-z268-ga02-00750\/","og_site_name":"Cyranie","article_modified_time":"2023-01-04T15:39:08+00:00","og_image":[{"width":511,"height":393,"url":"https:\/\/cyranie.com\/wp-content\/uploads\/2023\/01\/produit-sauce-hp-tomate.webp","type":"image\/webp"}],"twitter_card":"summary_large_image","schema":{"@context":"https:\/\/schema.org","@graph":[{"@type":"WebPage","@id":"https:\/\/cyranie.com\/en\/produit\/high-protein-tomato-grill-sauce-ft-z268-ga02-00750\/","url":"https:\/\/cyranie.com\/en\/produit\/high-protein-tomato-grill-sauce-ft-z268-ga02-00750\/","name":"High Protein Tomato-Grill Sauce Ref. :FT \u2013 Z268-GA02-00750 - Cyranie","isPartOf":{"@id":"https:\/\/cyranie.com\/en\/#website"},"primaryImageOfPage":{"@id":"https:\/\/cyranie.com\/en\/produit\/high-protein-tomato-grill-sauce-ft-z268-ga02-00750\/#primaryimage"},"image":{"@id":"https:\/\/cyranie.com\/en\/produit\/high-protein-tomato-grill-sauce-ft-z268-ga02-00750\/#primaryimage"},"thumbnailUrl":"https:\/\/cyranie.com\/wp-content\/uploads\/2023\/01\/produit-sauce-hp-tomate.webp","datePublished":"2023-01-04T14:31:28+00:00","dateModified":"2023-01-04T15:39:08+00:00","breadcrumb":{"@id":"https:\/\/cyranie.com\/en\/produit\/high-protein-tomato-grill-sauce-ft-z268-ga02-00750\/#breadcrumb"},"inLanguage":"en-US","potentialAction":[{"@type":"ReadAction","target":["https:\/\/cyranie.com\/en\/produit\/high-protein-tomato-grill-sauce-ft-z268-ga02-00750\/"]}]},{"@type":"ImageObject","inLanguage":"en-US","@id":"https:\/\/cyranie.com\/en\/produit\/high-protein-tomato-grill-sauce-ft-z268-ga02-00750\/#primaryimage","url":"https:\/\/cyranie.com\/wp-content\/uploads\/2023\/01\/produit-sauce-hp-tomate.webp","contentUrl":"https:\/\/cyranie.com\/wp-content\/uploads\/2023\/01\/produit-sauce-hp-tomate.webp","width":511,"height":393,"caption":"product hp tomato sauce"},{"@type":"BreadcrumbList","@id":"https:\/\/cyranie.com\/en\/produit\/high-protein-tomato-grill-sauce-ft-z268-ga02-00750\/#breadcrumb","itemListElement":[{"@type":"ListItem","position":1,"name":"Accueil","item":"https:\/\/cyranie.com\/en\/"},{"@type":"ListItem","position":2,"name":"Shop","item":"https:\/\/cyranie.com\/en\/shop\/"},{"@type":"ListItem","position":3,"name":"High Protein Tomato-Grill SauceRef. :FT \u2013 Z268-GA02-00750"}]},{"@type":"WebSite","@id":"https:\/\/cyranie.com\/en\/#website","url":"https:\/\/cyranie.com\/en\/","name":"Cyranie","description":"Nourrir avec plaisir","potentialAction":[{"@type":"SearchAction","target":{"@type":"EntryPoint","urlTemplate":"https:\/\/cyranie.com\/en\/?s={search_term_string}"},"query-input":{"@type":"PropertyValueSpecification","valueRequired":true,"valueName":"search_term_string"}}],"inLanguage":"en-US"}]}},"_links":{"self":[{"href":"https:\/\/cyranie.com\/en\/wp-json\/wp\/v2\/product\/8371","targetHints":{"allow":["GET"]}}],"collection":[{"href":"https:\/\/cyranie.com\/en\/wp-json\/wp\/v2\/product"}],"about":[{"href":"https:\/\/cyranie.com\/en\/wp-json\/wp\/v2\/types\/product"}],"version-history":[{"count":0,"href":"https:\/\/cyranie.com\/en\/wp-json\/wp\/v2\/product\/8371\/revisions"}],"wp:featuredmedia":[{"embeddable":true,"href":"https:\/\/cyranie.com\/en\/wp-json\/wp\/v2\/media\/8374"}],"wp:attachment":[{"href":"https:\/\/cyranie.com\/en\/wp-json\/wp\/v2\/media?parent=8371"}],"wp:term":[{"taxonomy":"product_brand","embeddable":true,"href":"https:\/\/cyranie.com\/en\/wp-json\/wp\/v2\/product_brand?post=8371"},{"taxonomy":"product_cat","embeddable":true,"href":"https:\/\/cyranie.com\/en\/wp-json\/wp\/v2\/product_cat?post=8371"},{"taxonomy":"product_tag","embeddable":true,"href":"https:\/\/cyranie.com\/en\/wp-json\/wp\/v2\/product_tag?post=8371"}],"curies":[{"name":"wp","href":"https:\/\/api.w.org\/{rel}","templated":true}]}}