{"id":1264,"date":"2019-11-26T12:26:40","date_gmt":"2019-11-26T11:26:40","guid":{"rendered":"http:\/\/cyranie.com\/?post_type=product&#038;p=1264"},"modified":"2020-03-18T12:34:30","modified_gmt":"2020-03-18T11:34:30","slug":"entremet-hyper-proteine-caferef-d283","status":"publish","type":"product","link":"https:\/\/cyranie.com\/es\/produit\/entremet-hyper-proteine-caferef-d283\/","title":{"rendered":"Entremet Hyper-prot\u00e9in\u00e9 Parfum Caf\u00e9<br\/><span style=\"font-size: 14px;\"><strong>R\u00e9f. :<\/strong> D283<\/span>"},"content":{"rendered":"<h2 style=\"font-size: 18px; margin-bottom: 0;\">Ingr\u00e9dients<\/h2>\n<p><span class=\"fontstyle0\">Fructose, prot\u00e9ines de <\/span><span class=\"fontstyle2\">lait<\/span><span class=\"fontstyle0\">, caf\u00e9 (4%), g\u00e9lifiant : carragh\u00e9nane, ar\u00f4me, colorant : caramel E150c, acide amin\u00e9 : cystine.<\/span><\/p>\n","protected":false},"excerpt":{"rendered":"<p><img decoding=\"async\" class=\"alignnone wp-image-681\" src=\"http:\/\/cyranie.com\/wp-content\/uploads\/2019\/09\/logo-orexcy-300x93.png\" alt=\"\" width=\"161\" height=\"50\" srcset=\"https:\/\/cyranie.com\/wp-content\/uploads\/2019\/09\/logo-orexcy-200x62.png 200w, https:\/\/cyranie.com\/wp-content\/uploads\/2019\/09\/logo-orexcy-300x93.png 300w, https:\/\/cyranie.com\/wp-content\/uploads\/2019\/09\/logo-orexcy-400x124.png 400w, https:\/\/cyranie.com\/wp-content\/uploads\/2019\/09\/logo-orexcy-500x156.png 500w, https:\/\/cyranie.com\/wp-content\/uploads\/2019\/09\/logo-orexcy-600x187.png 600w, https:\/\/cyranie.com\/wp-content\/uploads\/2019\/09\/logo-orexcy-700x218.png 700w, https:\/\/cyranie.com\/wp-content\/uploads\/2019\/09\/logo-orexcy.png 723w\" sizes=\"(max-width: 161px) 100vw, 161px\" \/><\/p>\n<p><span data-contrast=\"none\">De texture lisse et\u00a0<\/span><span data-contrast=\"none\">tranchable<\/span><span data-contrast=\"none\">, les entremets\u00a0<\/span><span data-contrast=\"none\">hyperprot\u00e9in\u00e9s<\/span><span data-contrast=\"none\">\u00a0sont sp\u00e9cialement con\u00e7us pour\u00a0<\/span><span data-contrast=\"none\">pallier\u00a0<\/span><span data-contrast=\"none\">la d\u00e9nutrition prot\u00e9ique.\u00a0<\/span><span data-contrast=\"none\">Leurs parfums divers et vari\u00e9s seront appr\u00e9ci\u00e9s aussi bien en encas qu\u2019en dessert.<\/span><span data-ccp-props=\"{\">\u00a0<\/span><span data-contrast=\"none\">Ils se mettent en \u0153uvre de mani\u00e8re traditionnelle, avec du lait port\u00e9 \u00e0 \u00e9bullition.<\/span><\/p>\n[slide-anything id='1907']\n[fusion_builder_container hundred_percent=\"no\" hundred_percent_height=\"no\" hundred_percent_height_scroll=\"no\" hundred_percent_height_center_content=\"yes\" equal_height_columns=\"no\" menu_anchor=\"\" hide_on_mobile=\"small-visibility,medium-visibility,large-visibility\" status=\"published\" publish_date=\"\" class=\"widgets-container\" id=\"\" background_color=\"\" background_image=\"\" background_position=\"center center\" background_repeat=\"no-repeat\" fade=\"no\" background_parallax=\"none\" enable_mobile=\"no\" parallax_speed=\"0.3\" video_mp4=\"\" video_webm=\"\" video_ogv=\"\" video_url=\"\" video_aspect_ratio=\"16:9\" video_loop=\"yes\" video_mute=\"yes\" video_preview_image=\"\" border_size=\"\" border_color=\"\" border_style=\"solid\" margin_top=\"\" margin_bottom=\"\" padding_top=\"\" padding_right=\"\" padding_bottom=\"\" padding_left=\"\" fusion_global=\"359\"][fusion_builder_row][fusion_builder_column type=\"1_1\" layout=\"1_1\" spacing=\"\" center_content=\"no\" link=\"\" target=\"_self\" min_height=\"\" hide_on_mobile=\"small-visibility,medium-visibility,large-visibility\" class=\"\" id=\"\" background_color=\"\" background_image=\"\" background_position=\"left top\" background_repeat=\"no-repeat\" hover_type=\"none\" border_size=\"0\" border_color=\"\" border_style=\"solid\" border_position=\"all\" padding_top=\"\" padding_right=\"\" padding_bottom=\"\" padding_left=\"\" margin_top=\"\" margin_bottom=\"\" animation_type=\"\" animation_direction=\"left\" animation_speed=\"0.3\" animation_offset=\"\" last=\"no\"][fusion_widget_area name=\"avada-custom-sidebar-slidingbarsalesforce\" title_size=\"\" title_color=\"\" background_color=\"\" padding_top=\"\" padding_right=\"\" padding_bottom=\"\" padding_left=\"\" hide_on_mobile=\"small-visibility,medium-visibility,large-visibility\" class=\"\" id=\"\" \/][fusion_widget_area name=\"avada-custom-sidebar-slidingbarnewsletter\" title_size=\"\" title_color=\"\" background_color=\"\" padding_top=\"\" padding_right=\"\" padding_bottom=\"\" padding_left=\"\" hide_on_mobile=\"small-visibility,medium-visibility,large-visibility\" class=\"\" id=\"\" \/][fusion_widget_area name=\"avada-custom-sidebar-slidingbarcontact\" title_size=\"\" title_color=\"\" background_color=\"\" padding_top=\"\" padding_right=\"\" padding_bottom=\"\" padding_left=\"\" hide_on_mobile=\"small-visibility,medium-visibility,large-visibility\" class=\"\" id=\"\" \/][fusion_widget_area name=\"avada-custom-sidebar-slidingbarlinkedin\" title_size=\"\" title_color=\"\" background_color=\"\" padding_top=\"\" padding_right=\"\" padding_bottom=\"\" padding_left=\"\" hide_on_mobile=\"small-visibility,medium-visibility,large-visibility\" class=\"\" id=\"\" \/][\/fusion_builder_column][\/fusion_builder_row][\/fusion_builder_container]\n","protected":false},"featured_media":2781,"template":"","meta":{"footnotes":""},"product_brand":[],"product_cat":[30,29],"product_tag":[],"class_list":{"0":"post-1264","1":"product","2":"type-product","3":"status-publish","4":"has-post-thumbnail","6":"product_cat-renutrition","7":"product_cat-solutions-deshydratees-orexcy","9":"first","10":"instock","11":"sold-individually","12":"shipping-taxable","13":"product-type-simple"},"yoast_head":"<!-- This site is optimized with the Yoast SEO plugin v27.3 - https:\/\/yoast.com\/product\/yoast-seo-wordpress\/ -->\n<title>Entremet Hyper-prot\u00e9in\u00e9 Parfum Caf\u00e9R\u00e9f. : D283 - Cyranie<\/title>\n<meta name=\"robots\" content=\"index, follow, max-snippet:-1, max-image-preview:large, max-video-preview:-1\" \/>\n<link rel=\"canonical\" href=\"https:\/\/cyranie.com\/es\/produit\/entremet-hyper-proteine-caferef-d283\/\" \/>\n<meta property=\"og:locale\" content=\"es_ES\" \/>\n<meta property=\"og:type\" content=\"article\" \/>\n<meta property=\"og:title\" content=\"Entremet Hyper-prot\u00e9in\u00e9 Parfum Caf\u00e9R\u00e9f. : D283 - Cyranie\" \/>\n<meta property=\"og:description\" content=\"De texture lisse et\u00a0tranchable, les entremets\u00a0hyperprot\u00e9in\u00e9s\u00a0sont sp\u00e9cialement con\u00e7us pour\u00a0pallier\u00a0la d\u00e9nutrition prot\u00e9ique.\u00a0Leurs parfums divers et vari\u00e9s seront appr\u00e9ci\u00e9s aussi bien en encas qu\u2019en dessert.\u00a0Ils se mettent en \u0153uvre de mani\u00e8re traditionnelle, avec du lait port\u00e9 \u00e0 \u00e9bullition.\" \/>\n<meta property=\"og:url\" content=\"https:\/\/cyranie.com\/es\/produit\/entremet-hyper-proteine-caferef-d283\/\" \/>\n<meta property=\"og:site_name\" content=\"Cyranie\" \/>\n<meta property=\"article:modified_time\" content=\"2020-03-18T11:34:30+00:00\" \/>\n<meta property=\"og:image\" content=\"https:\/\/cyranie.com\/wp-content\/uploads\/2019\/11\/Cyranie-renutrition-entremet-hyperproteine-cafe-fiche-produit.jpg\" \/>\n\t<meta property=\"og:image:width\" content=\"2083\" \/>\n\t<meta property=\"og:image:height\" content=\"1388\" \/>\n\t<meta property=\"og:image:type\" content=\"image\/jpeg\" \/>\n<meta name=\"twitter:card\" content=\"summary_large_image\" \/>\n<script type=\"application\/ld+json\" class=\"yoast-schema-graph\">{\"@context\":\"https:\\\/\\\/schema.org\",\"@graph\":[{\"@type\":\"WebPage\",\"@id\":\"https:\\\/\\\/cyranie.com\\\/es\\\/produit\\\/entremet-hyper-proteine-caferef-d283\\\/\",\"url\":\"https:\\\/\\\/cyranie.com\\\/es\\\/produit\\\/entremet-hyper-proteine-caferef-d283\\\/\",\"name\":\"Entremet Hyper-prot\u00e9in\u00e9 Parfum Caf\u00e9 R\u00e9f. : D283 - Cyranie\",\"isPartOf\":{\"@id\":\"https:\\\/\\\/cyranie.com\\\/es\\\/#website\"},\"primaryImageOfPage\":{\"@id\":\"https:\\\/\\\/cyranie.com\\\/es\\\/produit\\\/entremet-hyper-proteine-caferef-d283\\\/#primaryimage\"},\"image\":{\"@id\":\"https:\\\/\\\/cyranie.com\\\/es\\\/produit\\\/entremet-hyper-proteine-caferef-d283\\\/#primaryimage\"},\"thumbnailUrl\":\"https:\\\/\\\/cyranie.com\\\/wp-content\\\/uploads\\\/2019\\\/11\\\/Cyranie-renutrition-entremet-hyperproteine-cafe-fiche-produit.jpg\",\"datePublished\":\"2019-11-26T11:26:40+00:00\",\"dateModified\":\"2020-03-18T11:34:30+00:00\",\"breadcrumb\":{\"@id\":\"https:\\\/\\\/cyranie.com\\\/es\\\/produit\\\/entremet-hyper-proteine-caferef-d283\\\/#breadcrumb\"},\"inLanguage\":\"es\",\"potentialAction\":[{\"@type\":\"ReadAction\",\"target\":[\"https:\\\/\\\/cyranie.com\\\/es\\\/produit\\\/entremet-hyper-proteine-caferef-d283\\\/\"]}]},{\"@type\":\"ImageObject\",\"inLanguage\":\"es\",\"@id\":\"https:\\\/\\\/cyranie.com\\\/es\\\/produit\\\/entremet-hyper-proteine-caferef-d283\\\/#primaryimage\",\"url\":\"https:\\\/\\\/cyranie.com\\\/wp-content\\\/uploads\\\/2019\\\/11\\\/Cyranie-renutrition-entremet-hyperproteine-cafe-fiche-produit.jpg\",\"contentUrl\":\"https:\\\/\\\/cyranie.com\\\/wp-content\\\/uploads\\\/2019\\\/11\\\/Cyranie-renutrition-entremet-hyperproteine-cafe-fiche-produit.jpg\",\"width\":2083,\"height\":1388},{\"@type\":\"BreadcrumbList\",\"@id\":\"https:\\\/\\\/cyranie.com\\\/es\\\/produit\\\/entremet-hyper-proteine-caferef-d283\\\/#breadcrumb\",\"itemListElement\":[{\"@type\":\"ListItem\",\"position\":1,\"name\":\"Accueil\",\"item\":\"https:\\\/\\\/cyranie.com\\\/es\\\/\"},{\"@type\":\"ListItem\",\"position\":2,\"name\":\"Boutique\",\"item\":\"https:\\\/\\\/cyranie.com\\\/boutique\\\/\"},{\"@type\":\"ListItem\",\"position\":3,\"name\":\"Entremet Hyper-prot\u00e9in\u00e9 Parfum Caf\u00e9R\u00e9f. : D283\"}]},{\"@type\":\"WebSite\",\"@id\":\"https:\\\/\\\/cyranie.com\\\/es\\\/#website\",\"url\":\"https:\\\/\\\/cyranie.com\\\/es\\\/\",\"name\":\"Cyranie\",\"description\":\"Nourrir avec plaisir\",\"potentialAction\":[{\"@type\":\"SearchAction\",\"target\":{\"@type\":\"EntryPoint\",\"urlTemplate\":\"https:\\\/\\\/cyranie.com\\\/es\\\/?s={search_term_string}\"},\"query-input\":{\"@type\":\"PropertyValueSpecification\",\"valueRequired\":true,\"valueName\":\"search_term_string\"}}],\"inLanguage\":\"es\"}]}<\/script>\n<!-- \/ Yoast SEO plugin. -->","yoast_head_json":{"title":"Entremet Hyper-prot\u00e9in\u00e9 Parfum Caf\u00e9R\u00e9f. : D283 - Cyranie","robots":{"index":"index","follow":"follow","max-snippet":"max-snippet:-1","max-image-preview":"max-image-preview:large","max-video-preview":"max-video-preview:-1"},"canonical":"https:\/\/cyranie.com\/es\/produit\/entremet-hyper-proteine-caferef-d283\/","og_locale":"es_ES","og_type":"article","og_title":"Entremet Hyper-prot\u00e9in\u00e9 Parfum Caf\u00e9R\u00e9f. : D283 - Cyranie","og_description":"De texture lisse et\u00a0tranchable, les entremets\u00a0hyperprot\u00e9in\u00e9s\u00a0sont sp\u00e9cialement con\u00e7us pour\u00a0pallier\u00a0la d\u00e9nutrition prot\u00e9ique.\u00a0Leurs parfums divers et vari\u00e9s seront appr\u00e9ci\u00e9s aussi bien en encas qu\u2019en dessert.\u00a0Ils se mettent en \u0153uvre de mani\u00e8re traditionnelle, avec du lait port\u00e9 \u00e0 \u00e9bullition.","og_url":"https:\/\/cyranie.com\/es\/produit\/entremet-hyper-proteine-caferef-d283\/","og_site_name":"Cyranie","article_modified_time":"2020-03-18T11:34:30+00:00","og_image":[{"width":2083,"height":1388,"url":"https:\/\/cyranie.com\/wp-content\/uploads\/2019\/11\/Cyranie-renutrition-entremet-hyperproteine-cafe-fiche-produit.jpg","type":"image\/jpeg"}],"twitter_card":"summary_large_image","schema":{"@context":"https:\/\/schema.org","@graph":[{"@type":"WebPage","@id":"https:\/\/cyranie.com\/es\/produit\/entremet-hyper-proteine-caferef-d283\/","url":"https:\/\/cyranie.com\/es\/produit\/entremet-hyper-proteine-caferef-d283\/","name":"Entremet Hyper-prot\u00e9in\u00e9 Parfum Caf\u00e9 R\u00e9f. : D283 - Cyranie","isPartOf":{"@id":"https:\/\/cyranie.com\/es\/#website"},"primaryImageOfPage":{"@id":"https:\/\/cyranie.com\/es\/produit\/entremet-hyper-proteine-caferef-d283\/#primaryimage"},"image":{"@id":"https:\/\/cyranie.com\/es\/produit\/entremet-hyper-proteine-caferef-d283\/#primaryimage"},"thumbnailUrl":"https:\/\/cyranie.com\/wp-content\/uploads\/2019\/11\/Cyranie-renutrition-entremet-hyperproteine-cafe-fiche-produit.jpg","datePublished":"2019-11-26T11:26:40+00:00","dateModified":"2020-03-18T11:34:30+00:00","breadcrumb":{"@id":"https:\/\/cyranie.com\/es\/produit\/entremet-hyper-proteine-caferef-d283\/#breadcrumb"},"inLanguage":"es","potentialAction":[{"@type":"ReadAction","target":["https:\/\/cyranie.com\/es\/produit\/entremet-hyper-proteine-caferef-d283\/"]}]},{"@type":"ImageObject","inLanguage":"es","@id":"https:\/\/cyranie.com\/es\/produit\/entremet-hyper-proteine-caferef-d283\/#primaryimage","url":"https:\/\/cyranie.com\/wp-content\/uploads\/2019\/11\/Cyranie-renutrition-entremet-hyperproteine-cafe-fiche-produit.jpg","contentUrl":"https:\/\/cyranie.com\/wp-content\/uploads\/2019\/11\/Cyranie-renutrition-entremet-hyperproteine-cafe-fiche-produit.jpg","width":2083,"height":1388},{"@type":"BreadcrumbList","@id":"https:\/\/cyranie.com\/es\/produit\/entremet-hyper-proteine-caferef-d283\/#breadcrumb","itemListElement":[{"@type":"ListItem","position":1,"name":"Accueil","item":"https:\/\/cyranie.com\/es\/"},{"@type":"ListItem","position":2,"name":"Boutique","item":"https:\/\/cyranie.com\/boutique\/"},{"@type":"ListItem","position":3,"name":"Entremet Hyper-prot\u00e9in\u00e9 Parfum Caf\u00e9R\u00e9f. : D283"}]},{"@type":"WebSite","@id":"https:\/\/cyranie.com\/es\/#website","url":"https:\/\/cyranie.com\/es\/","name":"Cyranie","description":"Nourrir avec plaisir","potentialAction":[{"@type":"SearchAction","target":{"@type":"EntryPoint","urlTemplate":"https:\/\/cyranie.com\/es\/?s={search_term_string}"},"query-input":{"@type":"PropertyValueSpecification","valueRequired":true,"valueName":"search_term_string"}}],"inLanguage":"es"}]}},"_links":{"self":[{"href":"https:\/\/cyranie.com\/es\/wp-json\/wp\/v2\/product\/1264","targetHints":{"allow":["GET"]}}],"collection":[{"href":"https:\/\/cyranie.com\/es\/wp-json\/wp\/v2\/product"}],"about":[{"href":"https:\/\/cyranie.com\/es\/wp-json\/wp\/v2\/types\/product"}],"version-history":[{"count":0,"href":"https:\/\/cyranie.com\/es\/wp-json\/wp\/v2\/product\/1264\/revisions"}],"wp:featuredmedia":[{"embeddable":true,"href":"https:\/\/cyranie.com\/es\/wp-json\/wp\/v2\/media\/2781"}],"wp:attachment":[{"href":"https:\/\/cyranie.com\/es\/wp-json\/wp\/v2\/media?parent=1264"}],"wp:term":[{"taxonomy":"product_brand","embeddable":true,"href":"https:\/\/cyranie.com\/es\/wp-json\/wp\/v2\/product_brand?post=1264"},{"taxonomy":"product_cat","embeddable":true,"href":"https:\/\/cyranie.com\/es\/wp-json\/wp\/v2\/product_cat?post=1264"},{"taxonomy":"product_tag","embeddable":true,"href":"https:\/\/cyranie.com\/es\/wp-json\/wp\/v2\/product_tag?post=1264"}],"curies":[{"name":"wp","href":"https:\/\/api.w.org\/{rel}","templated":true}]}}