{"id":1519,"date":"2019-12-06T09:37:15","date_gmt":"2019-12-06T08:37:15","guid":{"rendered":"http:\/\/cyranie.com\/?post_type=product&#038;p=1519"},"modified":"2022-07-22T09:38:49","modified_gmt":"2022-07-22T07:38:49","slug":"epaicyr-epaississantref-mx490","status":"publish","type":"product","link":"https:\/\/cyranie.com\/es\/produit\/epaicyr-epaississantref-mx490\/","title":{"rendered":"EPAI&rsquo;CYR+ \u00c9paississantR\u00e9f. : MX490"},"content":{"rendered":"<h2 style=\"font-size: 18px;margin-bottom: 0\">Ingr\u00e9dients<\/h2>\n<p><span class=\"fontstyle0\">Maltodextrine de ma\u00efs, amidon modifi\u00e9 de pomme de terre, \u00e9paississants : gomme xanthane, farine de graine de guar, gomme tara.<\/span><\/p>\n","protected":false},"excerpt":{"rendered":"<p><a href=\"http:\/\/cyranie.com\/wp-content\/uploads\/2019\/09\/logo-nutexcy.png\"><img decoding=\"async\" class=\"alignnone wp-image-683\" src=\"http:\/\/cyranie.com\/wp-content\/uploads\/2019\/09\/logo-nutexcy.png\" alt=\"\" width=\"183\" height=\"53\" srcset=\"https:\/\/cyranie.com\/wp-content\/uploads\/2019\/09\/logo-nutexcy-200x58.png 200w, https:\/\/cyranie.com\/wp-content\/uploads\/2019\/09\/logo-nutexcy-300x87.png 300w, https:\/\/cyranie.com\/wp-content\/uploads\/2019\/09\/logo-nutexcy-400x116.png 400w, https:\/\/cyranie.com\/wp-content\/uploads\/2019\/09\/logo-nutexcy-500x145.png 500w, https:\/\/cyranie.com\/wp-content\/uploads\/2019\/09\/logo-nutexcy-600x174.png 600w, https:\/\/cyranie.com\/wp-content\/uploads\/2019\/09\/logo-nutexcy-700x203.png 700w, https:\/\/cyranie.com\/wp-content\/uploads\/2019\/09\/logo-nutexcy-768x222.png 768w, https:\/\/cyranie.com\/wp-content\/uploads\/2019\/09\/logo-nutexcy-800x232.png 800w, https:\/\/cyranie.com\/wp-content\/uploads\/2019\/09\/logo-nutexcy.png 929w\" sizes=\"(max-width: 183px) 100vw, 183px\" \/><\/a><\/p>\n<div class=\"fusion-text\">\n<p><span data-contrast=\"none\">Epai\u2019cyr+ est un \u00e9paississant en poudre qui se disperse facilement pour \u00e9paissir les boissons et pr\u00e9parations alimentaires sans grumeaux. Neutre en go\u00fbt, il s\u2019utilise autant en sucr\u00e9 qu\u2019en sal\u00e9. Le produit est stable sur une large plage de pH et peut s\u2019employer \u00e0 chaud comme \u00e0 froid. La pr\u00e9sence de gommes permet une r\u00e9sistance \u00e0 l\u2019amylase salivaire.<\/span><span data-ccp-props=\"{&quot;201341983&quot;:0,&quot;335559740&quot;:240}\">\u00a0<\/span><span data-contrast=\"none\">Sa composition est conforme \u00e0 la r\u00e9glementation des Denr\u00e9es Alimentaires Destin\u00e9es \u00e0 des Fins M\u00e9dicales Sp\u00e9ciales.<\/span><\/p>\n<\/div>\n[fusion_builder_container hundred_percent=\"no\" hundred_percent_height=\"no\" hundred_percent_height_scroll=\"no\" hundred_percent_height_center_content=\"yes\" equal_height_columns=\"no\" menu_anchor=\"\" hide_on_mobile=\"small-visibility,medium-visibility,large-visibility\" status=\"published\" publish_date=\"\" class=\"widgets-container\" id=\"\" background_color=\"\" background_image=\"\" background_position=\"center center\" background_repeat=\"no-repeat\" fade=\"no\" background_parallax=\"none\" enable_mobile=\"no\" parallax_speed=\"0.3\" video_mp4=\"\" video_webm=\"\" video_ogv=\"\" video_url=\"\" video_aspect_ratio=\"16:9\" video_loop=\"yes\" video_mute=\"yes\" video_preview_image=\"\" border_size=\"\" border_color=\"\" border_style=\"solid\" margin_top=\"\" margin_bottom=\"\" padding_top=\"\" padding_right=\"\" padding_bottom=\"\" padding_left=\"\" fusion_global=\"359\"][fusion_builder_row][fusion_builder_column type=\"1_1\" layout=\"1_1\" spacing=\"\" center_content=\"no\" link=\"\" target=\"_self\" min_height=\"\" hide_on_mobile=\"small-visibility,medium-visibility,large-visibility\" class=\"\" id=\"\" background_color=\"\" background_image=\"\" background_position=\"left top\" background_repeat=\"no-repeat\" hover_type=\"none\" border_size=\"0\" border_color=\"\" border_style=\"solid\" border_position=\"all\" padding_top=\"\" padding_right=\"\" padding_bottom=\"\" padding_left=\"\" margin_top=\"\" margin_bottom=\"\" animation_type=\"\" animation_direction=\"left\" animation_speed=\"0.3\" animation_offset=\"\" last=\"no\"][fusion_widget_area name=\"avada-custom-sidebar-slidingbarsalesforce\" title_size=\"\" title_color=\"\" background_color=\"\" padding_top=\"\" padding_right=\"\" padding_bottom=\"\" padding_left=\"\" hide_on_mobile=\"small-visibility,medium-visibility,large-visibility\" class=\"\" id=\"\" \/][fusion_widget_area name=\"avada-custom-sidebar-slidingbarnewsletter\" title_size=\"\" title_color=\"\" background_color=\"\" padding_top=\"\" padding_right=\"\" padding_bottom=\"\" padding_left=\"\" hide_on_mobile=\"small-visibility,medium-visibility,large-visibility\" class=\"\" id=\"\" \/][fusion_widget_area name=\"avada-custom-sidebar-slidingbarcontact\" title_size=\"\" title_color=\"\" background_color=\"\" padding_top=\"\" padding_right=\"\" padding_bottom=\"\" padding_left=\"\" hide_on_mobile=\"small-visibility,medium-visibility,large-visibility\" class=\"\" id=\"\" \/][fusion_widget_area name=\"avada-custom-sidebar-slidingbarlinkedin\" title_size=\"\" title_color=\"\" background_color=\"\" padding_top=\"\" padding_right=\"\" padding_bottom=\"\" padding_left=\"\" hide_on_mobile=\"small-visibility,medium-visibility,large-visibility\" class=\"\" id=\"\" \/][\/fusion_builder_column][\/fusion_builder_row][\/fusion_builder_container]\n","protected":false},"featured_media":2826,"template":"","meta":{"footnotes":""},"product_brand":[],"product_cat":[38,37],"product_tag":[],"class_list":{"0":"post-1519","1":"product","2":"type-product","3":"status-publish","4":"has-post-thumbnail","6":"product_cat-deglutition","7":"product_cat-texture-adaptee","9":"first","10":"instock","11":"sold-individually","12":"shipping-taxable","13":"product-type-simple"},"yoast_head":"<!-- This site is optimized with the Yoast SEO plugin v27.3 - https:\/\/yoast.com\/product\/yoast-seo-wordpress\/ -->\n<title>EPAI&rsquo;CYR+ \u00c9paississantR\u00e9f. : MX490 - Cyranie<\/title>\n<meta name=\"robots\" content=\"index, follow, max-snippet:-1, max-image-preview:large, max-video-preview:-1\" \/>\n<link rel=\"canonical\" href=\"https:\/\/cyranie.com\/es\/produit\/epaicyr-epaississantref-mx490\/\" \/>\n<meta property=\"og:locale\" content=\"es_ES\" \/>\n<meta property=\"og:type\" content=\"article\" \/>\n<meta property=\"og:title\" content=\"EPAI&rsquo;CYR+ \u00c9paississantR\u00e9f. : MX490 - Cyranie\" \/>\n<meta property=\"og:description\" content=\"Epai\u2019cyr+ est un \u00e9paississant en poudre qui se disperse facilement pour \u00e9paissir les boissons et pr\u00e9parations alimentaires sans grumeaux. Neutre en go\u00fbt, il s\u2019utilise autant en sucr\u00e9 qu\u2019en sal\u00e9. Le produit est stable sur une large plage de pH et peut s\u2019employer \u00e0 chaud comme \u00e0 froid. La pr\u00e9sence de gommes permet une r\u00e9sistance \u00e0 l\u2019amylase salivaire.\u00a0Sa composition est conforme \u00e0 la r\u00e9glementation des Denr\u00e9es Alimentaires Destin\u00e9es \u00e0 des Fins M\u00e9dicales Sp\u00e9ciales.\" \/>\n<meta property=\"og:url\" content=\"https:\/\/cyranie.com\/es\/produit\/epaicyr-epaississantref-mx490\/\" \/>\n<meta property=\"og:site_name\" content=\"Cyranie\" \/>\n<meta property=\"article:modified_time\" content=\"2022-07-22T07:38:49+00:00\" \/>\n<meta property=\"og:image\" content=\"https:\/\/cyranie.com\/wp-content\/uploads\/2019\/12\/Cyranie-texture-adaptee-epaycyr-fiche-produit.jpg\" \/>\n\t<meta property=\"og:image:width\" content=\"2083\" \/>\n\t<meta property=\"og:image:height\" content=\"1388\" \/>\n\t<meta property=\"og:image:type\" content=\"image\/jpeg\" \/>\n<meta name=\"twitter:card\" content=\"summary_large_image\" \/>\n<meta name=\"twitter:label1\" content=\"Tiempo de lectura\" \/>\n\t<meta name=\"twitter:data1\" content=\"1 minuto\" \/>\n<script type=\"application\/ld+json\" class=\"yoast-schema-graph\">{\"@context\":\"https:\\\/\\\/schema.org\",\"@graph\":[{\"@type\":\"WebPage\",\"@id\":\"https:\\\/\\\/cyranie.com\\\/es\\\/produit\\\/epaicyr-epaississantref-mx490\\\/\",\"url\":\"https:\\\/\\\/cyranie.com\\\/es\\\/produit\\\/epaicyr-epaississantref-mx490\\\/\",\"name\":\"EPAI&rsquo;CYR+ \u00c9paississantR\u00e9f. : MX490 - Cyranie\",\"isPartOf\":{\"@id\":\"https:\\\/\\\/cyranie.com\\\/es\\\/#website\"},\"primaryImageOfPage\":{\"@id\":\"https:\\\/\\\/cyranie.com\\\/es\\\/produit\\\/epaicyr-epaississantref-mx490\\\/#primaryimage\"},\"image\":{\"@id\":\"https:\\\/\\\/cyranie.com\\\/es\\\/produit\\\/epaicyr-epaississantref-mx490\\\/#primaryimage\"},\"thumbnailUrl\":\"https:\\\/\\\/cyranie.com\\\/wp-content\\\/uploads\\\/2019\\\/12\\\/Cyranie-texture-adaptee-epaycyr-fiche-produit.jpg\",\"datePublished\":\"2019-12-06T08:37:15+00:00\",\"dateModified\":\"2022-07-22T07:38:49+00:00\",\"breadcrumb\":{\"@id\":\"https:\\\/\\\/cyranie.com\\\/es\\\/produit\\\/epaicyr-epaississantref-mx490\\\/#breadcrumb\"},\"inLanguage\":\"es\",\"potentialAction\":[{\"@type\":\"ReadAction\",\"target\":[\"https:\\\/\\\/cyranie.com\\\/es\\\/produit\\\/epaicyr-epaississantref-mx490\\\/\"]}]},{\"@type\":\"ImageObject\",\"inLanguage\":\"es\",\"@id\":\"https:\\\/\\\/cyranie.com\\\/es\\\/produit\\\/epaicyr-epaississantref-mx490\\\/#primaryimage\",\"url\":\"https:\\\/\\\/cyranie.com\\\/wp-content\\\/uploads\\\/2019\\\/12\\\/Cyranie-texture-adaptee-epaycyr-fiche-produit.jpg\",\"contentUrl\":\"https:\\\/\\\/cyranie.com\\\/wp-content\\\/uploads\\\/2019\\\/12\\\/Cyranie-texture-adaptee-epaycyr-fiche-produit.jpg\",\"width\":2083,\"height\":1388},{\"@type\":\"BreadcrumbList\",\"@id\":\"https:\\\/\\\/cyranie.com\\\/es\\\/produit\\\/epaicyr-epaississantref-mx490\\\/#breadcrumb\",\"itemListElement\":[{\"@type\":\"ListItem\",\"position\":1,\"name\":\"Accueil\",\"item\":\"https:\\\/\\\/cyranie.com\\\/es\\\/\"},{\"@type\":\"ListItem\",\"position\":2,\"name\":\"Boutique\",\"item\":\"https:\\\/\\\/cyranie.com\\\/boutique\\\/\"},{\"@type\":\"ListItem\",\"position\":3,\"name\":\"EPAI&rsquo;CYR+ \u00c9paississantR\u00e9f. : MX490\"}]},{\"@type\":\"WebSite\",\"@id\":\"https:\\\/\\\/cyranie.com\\\/es\\\/#website\",\"url\":\"https:\\\/\\\/cyranie.com\\\/es\\\/\",\"name\":\"Cyranie\",\"description\":\"Nourrir avec plaisir\",\"potentialAction\":[{\"@type\":\"SearchAction\",\"target\":{\"@type\":\"EntryPoint\",\"urlTemplate\":\"https:\\\/\\\/cyranie.com\\\/es\\\/?s={search_term_string}\"},\"query-input\":{\"@type\":\"PropertyValueSpecification\",\"valueRequired\":true,\"valueName\":\"search_term_string\"}}],\"inLanguage\":\"es\"}]}<\/script>\n<!-- \/ Yoast SEO plugin. -->","yoast_head_json":{"title":"EPAI&rsquo;CYR+ \u00c9paississantR\u00e9f. : MX490 - Cyranie","robots":{"index":"index","follow":"follow","max-snippet":"max-snippet:-1","max-image-preview":"max-image-preview:large","max-video-preview":"max-video-preview:-1"},"canonical":"https:\/\/cyranie.com\/es\/produit\/epaicyr-epaississantref-mx490\/","og_locale":"es_ES","og_type":"article","og_title":"EPAI&rsquo;CYR+ \u00c9paississantR\u00e9f. : MX490 - Cyranie","og_description":"Epai\u2019cyr+ est un \u00e9paississant en poudre qui se disperse facilement pour \u00e9paissir les boissons et pr\u00e9parations alimentaires sans grumeaux. Neutre en go\u00fbt, il s\u2019utilise autant en sucr\u00e9 qu\u2019en sal\u00e9. Le produit est stable sur une large plage de pH et peut s\u2019employer \u00e0 chaud comme \u00e0 froid. La pr\u00e9sence de gommes permet une r\u00e9sistance \u00e0 l\u2019amylase salivaire.\u00a0Sa composition est conforme \u00e0 la r\u00e9glementation des Denr\u00e9es Alimentaires Destin\u00e9es \u00e0 des Fins M\u00e9dicales Sp\u00e9ciales.","og_url":"https:\/\/cyranie.com\/es\/produit\/epaicyr-epaississantref-mx490\/","og_site_name":"Cyranie","article_modified_time":"2022-07-22T07:38:49+00:00","og_image":[{"width":2083,"height":1388,"url":"https:\/\/cyranie.com\/wp-content\/uploads\/2019\/12\/Cyranie-texture-adaptee-epaycyr-fiche-produit.jpg","type":"image\/jpeg"}],"twitter_card":"summary_large_image","twitter_misc":{"Tiempo de lectura":"1 minuto"},"schema":{"@context":"https:\/\/schema.org","@graph":[{"@type":"WebPage","@id":"https:\/\/cyranie.com\/es\/produit\/epaicyr-epaississantref-mx490\/","url":"https:\/\/cyranie.com\/es\/produit\/epaicyr-epaississantref-mx490\/","name":"EPAI&rsquo;CYR+ \u00c9paississantR\u00e9f. : MX490 - Cyranie","isPartOf":{"@id":"https:\/\/cyranie.com\/es\/#website"},"primaryImageOfPage":{"@id":"https:\/\/cyranie.com\/es\/produit\/epaicyr-epaississantref-mx490\/#primaryimage"},"image":{"@id":"https:\/\/cyranie.com\/es\/produit\/epaicyr-epaississantref-mx490\/#primaryimage"},"thumbnailUrl":"https:\/\/cyranie.com\/wp-content\/uploads\/2019\/12\/Cyranie-texture-adaptee-epaycyr-fiche-produit.jpg","datePublished":"2019-12-06T08:37:15+00:00","dateModified":"2022-07-22T07:38:49+00:00","breadcrumb":{"@id":"https:\/\/cyranie.com\/es\/produit\/epaicyr-epaississantref-mx490\/#breadcrumb"},"inLanguage":"es","potentialAction":[{"@type":"ReadAction","target":["https:\/\/cyranie.com\/es\/produit\/epaicyr-epaississantref-mx490\/"]}]},{"@type":"ImageObject","inLanguage":"es","@id":"https:\/\/cyranie.com\/es\/produit\/epaicyr-epaississantref-mx490\/#primaryimage","url":"https:\/\/cyranie.com\/wp-content\/uploads\/2019\/12\/Cyranie-texture-adaptee-epaycyr-fiche-produit.jpg","contentUrl":"https:\/\/cyranie.com\/wp-content\/uploads\/2019\/12\/Cyranie-texture-adaptee-epaycyr-fiche-produit.jpg","width":2083,"height":1388},{"@type":"BreadcrumbList","@id":"https:\/\/cyranie.com\/es\/produit\/epaicyr-epaississantref-mx490\/#breadcrumb","itemListElement":[{"@type":"ListItem","position":1,"name":"Accueil","item":"https:\/\/cyranie.com\/es\/"},{"@type":"ListItem","position":2,"name":"Boutique","item":"https:\/\/cyranie.com\/boutique\/"},{"@type":"ListItem","position":3,"name":"EPAI&rsquo;CYR+ \u00c9paississantR\u00e9f. : MX490"}]},{"@type":"WebSite","@id":"https:\/\/cyranie.com\/es\/#website","url":"https:\/\/cyranie.com\/es\/","name":"Cyranie","description":"Nourrir avec plaisir","potentialAction":[{"@type":"SearchAction","target":{"@type":"EntryPoint","urlTemplate":"https:\/\/cyranie.com\/es\/?s={search_term_string}"},"query-input":{"@type":"PropertyValueSpecification","valueRequired":true,"valueName":"search_term_string"}}],"inLanguage":"es"}]}},"_links":{"self":[{"href":"https:\/\/cyranie.com\/es\/wp-json\/wp\/v2\/product\/1519","targetHints":{"allow":["GET"]}}],"collection":[{"href":"https:\/\/cyranie.com\/es\/wp-json\/wp\/v2\/product"}],"about":[{"href":"https:\/\/cyranie.com\/es\/wp-json\/wp\/v2\/types\/product"}],"version-history":[{"count":0,"href":"https:\/\/cyranie.com\/es\/wp-json\/wp\/v2\/product\/1519\/revisions"}],"wp:featuredmedia":[{"embeddable":true,"href":"https:\/\/cyranie.com\/es\/wp-json\/wp\/v2\/media\/2826"}],"wp:attachment":[{"href":"https:\/\/cyranie.com\/es\/wp-json\/wp\/v2\/media?parent=1519"}],"wp:term":[{"taxonomy":"product_brand","embeddable":true,"href":"https:\/\/cyranie.com\/es\/wp-json\/wp\/v2\/product_brand?post=1519"},{"taxonomy":"product_cat","embeddable":true,"href":"https:\/\/cyranie.com\/es\/wp-json\/wp\/v2\/product_cat?post=1519"},{"taxonomy":"product_tag","embeddable":true,"href":"https:\/\/cyranie.com\/es\/wp-json\/wp\/v2\/product_tag?post=1519"}],"curies":[{"name":"wp","href":"https:\/\/api.w.org\/{rel}","templated":true}]}}