{"id":5247,"date":"2019-11-05T12:01:47","date_gmt":"2019-11-05T11:01:47","guid":{"rendered":"https:\/\/cyranie.com\/produit\/bebida-hp-sabor-pina-ref-y427\/"},"modified":"2021-02-22T15:50:28","modified_gmt":"2021-02-22T14:50:28","slug":"bebida-hp-sabor-pina-ref-y427","status":"publish","type":"product","link":"https:\/\/cyranie.com\/es\/produit\/bebida-hp-sabor-pina-ref-y427\/","title":{"rendered":"Bebida HP sabor pi\u00f1a Ref : Y427"},"content":{"rendered":"<p>Ingredientes\u00a0<\/p>\n<p>Fructosa, aislado de prote\u00edna de suero (incluida lecitina de soja), correctores de acidez: \u00e1cido c\u00edtrico, \u00e1cido asc\u00f3rbico, maltodextrina, zumo de lim\u00f3n concentrado (0,4%), aroma natural, colorante: E102.<\/p>\n<div class=\"parfums\" style=\"display: inline-block;\">\n<div class=\"is_cadre_prod_img\"><a href=\"https:\/\/cyranie.com\/es\/produit\/bebida-hp-sabor-frutos-rojos-ref-y428\/\"><img decoding=\"async\" src=\"https:\/\/cyranie.com\/wp-content\/uploads\/2020\/02\/FRUITS-ROUGE.png\" \/> Frutos rojos<\/a><\/div>\n<div class=\"is_cadre_prod_img\"><a href=\"https:\/\/cyranie.com\/es\/produit\/bebida-hp-sabor-pina-ref-y427\/\"><img decoding=\"async\" src=\"https:\/\/cyranie.com\/wp-content\/uploads\/2020\/02\/ANANAS.png\" \/> Pi\u00f1a<\/a><\/div>\n<div class=\"is_cadre_prod_img\"><a href=\"https:\/\/cyranie.com\/es\/produit\/bebida-hp-sabor-limon-ref-426\/\"><img decoding=\"async\" src=\"https:\/\/cyranie.com\/wp-content\/uploads\/2020\/02\/CITRON.png\" \/> Limonada<\/a><\/div>\n<div class=\"is_cadre_prod_img\"><a href=\"https:\/\/cyranie.com\/es\/produit\/bebida-hp-sabor-manzana-pera\/\"><img decoding=\"async\" src=\"https:\/\/cyranie.com\/wp-content\/uploads\/2020\/02\/POMME-POIRE.png\" \/> Manzana-pera<\/a><\/div>\n<div class=\"is_cadre_prod_img\"><a href=\"https:\/\/cyranie.com\/es\/produit\/bebida-hp-sabor-naranja-ref-y423\/\"><img decoding=\"async\" src=\"https:\/\/cyranie.com\/wp-content\/uploads\/2020\/02\/ORANGE.png\" \/> Naranja<\/a><\/div>\n<\/div>\n","protected":false},"excerpt":{"rendered":"<p><img decoding=\"async\" class=\"alignnone wp-image-681\" src=\"http:\/\/cyranie.com\/wp-content\/uploads\/2019\/09\/logo-orexcy-300x93.png\" alt=\"\" width=\"161\" height=\"50\" srcset=\"https:\/\/cyranie.com\/wp-content\/uploads\/2019\/09\/logo-orexcy-200x62.png 200w, https:\/\/cyranie.com\/wp-content\/uploads\/2019\/09\/logo-orexcy-300x93.png 300w, https:\/\/cyranie.com\/wp-content\/uploads\/2019\/09\/logo-orexcy-400x124.png 400w, https:\/\/cyranie.com\/wp-content\/uploads\/2019\/09\/logo-orexcy-500x156.png 500w, https:\/\/cyranie.com\/wp-content\/uploads\/2019\/09\/logo-orexcy-600x187.png 600w, https:\/\/cyranie.com\/wp-content\/uploads\/2019\/09\/logo-orexcy-700x218.png 700w, https:\/\/cyranie.com\/wp-content\/uploads\/2019\/09\/logo-orexcy.png 723w\" sizes=\"(max-width: 161px) 100vw, 161px\" \/><\/p>\n<p>Como refrigerio o para el desayuno, esta bebida refrescante con sabores afrutados aporta prote\u00ednas. Son una buena alternativa a los suplementos l\u00e1cteos.<\/p>\n","protected":false},"featured_media":5251,"template":"","meta":{"footnotes":""},"product_brand":[],"product_cat":[107,106],"product_tag":[],"class_list":{"0":"post-5247","1":"product","2":"type-product","3":"status-publish","4":"has-post-thumbnail","6":"product_cat-renutrition-es","7":"product_cat-solutions-deshydratees-orexcy-es","9":"first","10":"instock","11":"sold-individually","12":"shipping-taxable","13":"product-type-simple"},"yoast_head":"<!-- This site is optimized with the Yoast SEO plugin v27.0 - https:\/\/yoast.com\/product\/yoast-seo-wordpress\/ -->\n<title>Bebida HP sabor pi\u00f1a Ref : Y427 - Cyranie<\/title>\n<meta name=\"robots\" content=\"index, follow, max-snippet:-1, max-image-preview:large, max-video-preview:-1\" \/>\n<link rel=\"canonical\" href=\"https:\/\/cyranie.com\/es\/produit\/bebida-hp-sabor-pina-ref-y427\/\" \/>\n<meta property=\"og:locale\" content=\"es_ES\" \/>\n<meta property=\"og:type\" content=\"article\" \/>\n<meta property=\"og:title\" content=\"Bebida HP sabor pi\u00f1a Ref : Y427 - Cyranie\" \/>\n<meta property=\"og:description\" content=\"Como refrigerio o para el desayuno, esta bebida refrescante con sabores afrutados aporta prote\u00ednas. Son una buena alternativa a los suplementos l\u00e1cteos.\" \/>\n<meta property=\"og:url\" content=\"https:\/\/cyranie.com\/es\/produit\/bebida-hp-sabor-pina-ref-y427\/\" \/>\n<meta property=\"og:site_name\" content=\"Cyranie\" \/>\n<meta property=\"article:modified_time\" content=\"2021-02-22T14:50:28+00:00\" \/>\n<meta property=\"og:image\" content=\"https:\/\/cyranie.com\/wp-content\/uploads\/2019\/11\/Cyranie-renutrition-boisson-hyperproteinee-gout-ananas-fiche-produit.jpg\" \/>\n\t<meta property=\"og:image:width\" content=\"1920\" \/>\n\t<meta property=\"og:image:height\" content=\"1279\" \/>\n\t<meta property=\"og:image:type\" content=\"image\/jpeg\" \/>\n<meta name=\"twitter:card\" content=\"summary_large_image\" \/>\n<script type=\"application\/ld+json\" class=\"yoast-schema-graph\">{\"@context\":\"https:\/\/schema.org\",\"@graph\":[{\"@type\":\"WebPage\",\"@id\":\"https:\/\/cyranie.com\/es\/produit\/bebida-hp-sabor-pina-ref-y427\/\",\"url\":\"https:\/\/cyranie.com\/es\/produit\/bebida-hp-sabor-pina-ref-y427\/\",\"name\":\"Bebida HP sabor pi\u00f1a Ref : Y427 - Cyranie\",\"isPartOf\":{\"@id\":\"https:\/\/cyranie.com\/es\/#website\"},\"primaryImageOfPage\":{\"@id\":\"https:\/\/cyranie.com\/es\/produit\/bebida-hp-sabor-pina-ref-y427\/#primaryimage\"},\"image\":{\"@id\":\"https:\/\/cyranie.com\/es\/produit\/bebida-hp-sabor-pina-ref-y427\/#primaryimage\"},\"thumbnailUrl\":\"https:\/\/cyranie.com\/wp-content\/uploads\/2019\/11\/Cyranie-renutrition-boisson-hyperproteinee-gout-ananas-fiche-produit.jpg\",\"datePublished\":\"2019-11-05T11:01:47+00:00\",\"dateModified\":\"2021-02-22T14:50:28+00:00\",\"breadcrumb\":{\"@id\":\"https:\/\/cyranie.com\/es\/produit\/bebida-hp-sabor-pina-ref-y427\/#breadcrumb\"},\"inLanguage\":\"es\",\"potentialAction\":[{\"@type\":\"ReadAction\",\"target\":[\"https:\/\/cyranie.com\/es\/produit\/bebida-hp-sabor-pina-ref-y427\/\"]}]},{\"@type\":\"ImageObject\",\"inLanguage\":\"es\",\"@id\":\"https:\/\/cyranie.com\/es\/produit\/bebida-hp-sabor-pina-ref-y427\/#primaryimage\",\"url\":\"https:\/\/cyranie.com\/wp-content\/uploads\/2019\/11\/Cyranie-renutrition-boisson-hyperproteinee-gout-ananas-fiche-produit.jpg\",\"contentUrl\":\"https:\/\/cyranie.com\/wp-content\/uploads\/2019\/11\/Cyranie-renutrition-boisson-hyperproteinee-gout-ananas-fiche-produit.jpg\",\"width\":1920,\"height\":1279},{\"@type\":\"BreadcrumbList\",\"@id\":\"https:\/\/cyranie.com\/es\/produit\/bebida-hp-sabor-pina-ref-y427\/#breadcrumb\",\"itemListElement\":[{\"@type\":\"ListItem\",\"position\":1,\"name\":\"Accueil\",\"item\":\"https:\/\/cyranie.com\/es\/\"},{\"@type\":\"ListItem\",\"position\":2,\"name\":\"Boutique\",\"item\":\"https:\/\/cyranie.com\/boutique\/\"},{\"@type\":\"ListItem\",\"position\":3,\"name\":\"Bebida HP sabor pi\u00f1a Ref : Y427\"}]},{\"@type\":\"WebSite\",\"@id\":\"https:\/\/cyranie.com\/es\/#website\",\"url\":\"https:\/\/cyranie.com\/es\/\",\"name\":\"Cyranie\",\"description\":\"Nourrir avec plaisir\",\"potentialAction\":[{\"@type\":\"SearchAction\",\"target\":{\"@type\":\"EntryPoint\",\"urlTemplate\":\"https:\/\/cyranie.com\/es\/?s={search_term_string}\"},\"query-input\":{\"@type\":\"PropertyValueSpecification\",\"valueRequired\":true,\"valueName\":\"search_term_string\"}}],\"inLanguage\":\"es\"}]}<\/script>\n<!-- \/ Yoast SEO plugin. -->","yoast_head_json":{"title":"Bebida HP sabor pi\u00f1a Ref : Y427 - Cyranie","robots":{"index":"index","follow":"follow","max-snippet":"max-snippet:-1","max-image-preview":"max-image-preview:large","max-video-preview":"max-video-preview:-1"},"canonical":"https:\/\/cyranie.com\/es\/produit\/bebida-hp-sabor-pina-ref-y427\/","og_locale":"es_ES","og_type":"article","og_title":"Bebida HP sabor pi\u00f1a Ref : Y427 - Cyranie","og_description":"Como refrigerio o para el desayuno, esta bebida refrescante con sabores afrutados aporta prote\u00ednas. Son una buena alternativa a los suplementos l\u00e1cteos.","og_url":"https:\/\/cyranie.com\/es\/produit\/bebida-hp-sabor-pina-ref-y427\/","og_site_name":"Cyranie","article_modified_time":"2021-02-22T14:50:28+00:00","og_image":[{"width":1920,"height":1279,"url":"https:\/\/cyranie.com\/wp-content\/uploads\/2019\/11\/Cyranie-renutrition-boisson-hyperproteinee-gout-ananas-fiche-produit.jpg","type":"image\/jpeg"}],"twitter_card":"summary_large_image","schema":{"@context":"https:\/\/schema.org","@graph":[{"@type":"WebPage","@id":"https:\/\/cyranie.com\/es\/produit\/bebida-hp-sabor-pina-ref-y427\/","url":"https:\/\/cyranie.com\/es\/produit\/bebida-hp-sabor-pina-ref-y427\/","name":"Bebida HP sabor pi\u00f1a Ref : Y427 - Cyranie","isPartOf":{"@id":"https:\/\/cyranie.com\/es\/#website"},"primaryImageOfPage":{"@id":"https:\/\/cyranie.com\/es\/produit\/bebida-hp-sabor-pina-ref-y427\/#primaryimage"},"image":{"@id":"https:\/\/cyranie.com\/es\/produit\/bebida-hp-sabor-pina-ref-y427\/#primaryimage"},"thumbnailUrl":"https:\/\/cyranie.com\/wp-content\/uploads\/2019\/11\/Cyranie-renutrition-boisson-hyperproteinee-gout-ananas-fiche-produit.jpg","datePublished":"2019-11-05T11:01:47+00:00","dateModified":"2021-02-22T14:50:28+00:00","breadcrumb":{"@id":"https:\/\/cyranie.com\/es\/produit\/bebida-hp-sabor-pina-ref-y427\/#breadcrumb"},"inLanguage":"es","potentialAction":[{"@type":"ReadAction","target":["https:\/\/cyranie.com\/es\/produit\/bebida-hp-sabor-pina-ref-y427\/"]}]},{"@type":"ImageObject","inLanguage":"es","@id":"https:\/\/cyranie.com\/es\/produit\/bebida-hp-sabor-pina-ref-y427\/#primaryimage","url":"https:\/\/cyranie.com\/wp-content\/uploads\/2019\/11\/Cyranie-renutrition-boisson-hyperproteinee-gout-ananas-fiche-produit.jpg","contentUrl":"https:\/\/cyranie.com\/wp-content\/uploads\/2019\/11\/Cyranie-renutrition-boisson-hyperproteinee-gout-ananas-fiche-produit.jpg","width":1920,"height":1279},{"@type":"BreadcrumbList","@id":"https:\/\/cyranie.com\/es\/produit\/bebida-hp-sabor-pina-ref-y427\/#breadcrumb","itemListElement":[{"@type":"ListItem","position":1,"name":"Accueil","item":"https:\/\/cyranie.com\/es\/"},{"@type":"ListItem","position":2,"name":"Boutique","item":"https:\/\/cyranie.com\/boutique\/"},{"@type":"ListItem","position":3,"name":"Bebida HP sabor pi\u00f1a Ref : Y427"}]},{"@type":"WebSite","@id":"https:\/\/cyranie.com\/es\/#website","url":"https:\/\/cyranie.com\/es\/","name":"Cyranie","description":"Nourrir avec plaisir","potentialAction":[{"@type":"SearchAction","target":{"@type":"EntryPoint","urlTemplate":"https:\/\/cyranie.com\/es\/?s={search_term_string}"},"query-input":{"@type":"PropertyValueSpecification","valueRequired":true,"valueName":"search_term_string"}}],"inLanguage":"es"}]}},"_links":{"self":[{"href":"https:\/\/cyranie.com\/es\/wp-json\/wp\/v2\/product\/5247","targetHints":{"allow":["GET"]}}],"collection":[{"href":"https:\/\/cyranie.com\/es\/wp-json\/wp\/v2\/product"}],"about":[{"href":"https:\/\/cyranie.com\/es\/wp-json\/wp\/v2\/types\/product"}],"version-history":[{"count":0,"href":"https:\/\/cyranie.com\/es\/wp-json\/wp\/v2\/product\/5247\/revisions"}],"wp:featuredmedia":[{"embeddable":true,"href":"https:\/\/cyranie.com\/es\/wp-json\/wp\/v2\/media\/5251"}],"wp:attachment":[{"href":"https:\/\/cyranie.com\/es\/wp-json\/wp\/v2\/media?parent=5247"}],"wp:term":[{"taxonomy":"product_brand","embeddable":true,"href":"https:\/\/cyranie.com\/es\/wp-json\/wp\/v2\/product_brand?post=5247"},{"taxonomy":"product_cat","embeddable":true,"href":"https:\/\/cyranie.com\/es\/wp-json\/wp\/v2\/product_cat?post=5247"},{"taxonomy":"product_tag","embeddable":true,"href":"https:\/\/cyranie.com\/es\/wp-json\/wp\/v2\/product_tag?post=5247"}],"curies":[{"name":"wp","href":"https:\/\/api.w.org\/{rel}","templated":true}]}}