{"id":5270,"date":"2019-12-03T11:38:30","date_gmt":"2019-12-03T10:38:30","guid":{"rendered":"https:\/\/cyranie.com\/produit\/fontactiv-bebida-hp-hc-sabor-chocolate-ref-lgf02\/"},"modified":"2025-12-08T11:48:35","modified_gmt":"2025-12-08T10:48:35","slug":"fontactiv-bebida-hp-hc-sabor-chocolate-ref-lgf02","status":"publish","type":"product","link":"https:\/\/cyranie.com\/es\/produit\/fontactiv-bebida-hp-hc-sabor-chocolate-ref-lgf02\/","title":{"rendered":"bebida HP\/HC sabor chocolate Ref : LGF02"},"content":{"rendered":"<p>Ingredientes<\/p>\n<p>Agua, prote\u00ednas de la leche, maltodextrina, az\u00facar, aceite de colza, cacao en polvo, chocolate en polvo (leche), almid\u00f3n modificado, emulsionantes: mono y diglic\u00e9ridos de \u00e1cidos grasos, estabilizantes: goma guar, carragenanos, minerales (citrato). tris\u00f3dico, cloruro de magnesio, citrato tripot\u00e1sico, cloruro de sodio, cloruro de potasio, pirofosfato de hierro, sulfato de zinc, selenito de sodio, sulfato de manganeso, sulfato de cobre, fluoruro de sodio, molibdato de sodio, yoduro de potasio, cloruro cromo), regulador de acidez: hidr\u00f3xido de potasio, vitaminas (\u00e1cido asc\u00f3rbico, \u00e1cido pantot\u00e9nico, vitamina B2, vitamina B6, vitamina B1, vitamina A, vitamina K, \u00e1cido f\u00f3lico, biotina, vitamina D, vitamina E, niacina, vitamina B12).<\/p>\n","protected":false},"excerpt":{"rendered":"<p><img decoding=\"async\" class=\"alignnone wp-image-681\" src=\"https:\/\/cyranie.com\/wp-content\/uploads\/2019\/09\/logo-orexcy-300x93.png\" alt=\"\" width=\"161\" height=\"50\" srcset=\"https:\/\/cyranie.com\/wp-content\/uploads\/2019\/09\/logo-orexcy-200x62.png 200w, https:\/\/cyranie.com\/wp-content\/uploads\/2019\/09\/logo-orexcy-300x93.png 300w, https:\/\/cyranie.com\/wp-content\/uploads\/2019\/09\/logo-orexcy-400x124.png 400w, https:\/\/cyranie.com\/wp-content\/uploads\/2019\/09\/logo-orexcy-500x156.png 500w, https:\/\/cyranie.com\/wp-content\/uploads\/2019\/09\/logo-orexcy-600x187.png 600w, https:\/\/cyranie.com\/wp-content\/uploads\/2019\/09\/logo-orexcy-700x218.png 700w, https:\/\/cyranie.com\/wp-content\/uploads\/2019\/09\/logo-orexcy.png 723w\" sizes=\"(max-width: 161px) 100vw, 161px\" \/><\/p>\n<p>Productos alimenticios destinados a fines medicos especiales con edulcorante, para las necesidades nutricionales de los pacientes que padecen trastornos de glicemia o riesgo a desnutrici\u00f3n, Se trata de una nutrici\u00f3n oral completa, hiperprot\u00e9ica de bajo \u00edndice gluc\u00e9mico, con fibras. Sin az\u00facar, la bebida es adecuada como parte de una dieta controlada en az\u00facar. No contiene gluten ni lactosa.<\/p>\n<div class=\"parfums\">\n<div class=\"is_cadre_prod_img\"><a href=\"https:\/\/cyranie.com\/es\/produit\/fontactiv-bebida-hp-hc-sabor-vainilla-ref-lgf01\/\"><img decoding=\"async\" src=\"https:\/\/cyranie.com\/wp-content\/uploads\/2020\/02\/VANILLE.png\" \/> Vainilla<\/a><\/div>\n<div class=\"is_cadre_prod_img\"><a href=\"https:\/\/cyranie.com\/es\/produit\/fontactiv-bebida-hp-hc-sabor-chocolate-ref-lgf02\/\"><img decoding=\"async\" src=\"https:\/\/cyranie.com\/wp-content\/uploads\/2020\/02\/CHOCOLAT.png\" \/> Chocolate<\/a><\/div>\n<div class=\"is_cadre_prod_img\"><a href=\"https:\/\/cyranie.com\/es\/produit\/fontactiv-bebida-hp-hc-sabor-cafe-ref-lgf03\/\"><img decoding=\"async\" src=\"https:\/\/cyranie.com\/wp-content\/uploads\/2020\/02\/CAF\u00c9.png\" \/> Caf\u00e9<\/a><\/div>\n<\/div>\n","protected":false},"featured_media":10743,"template":"","meta":{"footnotes":""},"product_brand":[],"product_cat":[115,107],"product_tag":[],"class_list":{"0":"post-5270","1":"product","2":"type-product","3":"status-publish","4":"has-post-thumbnail","6":"product_cat-pret-a-lemploi-fontactiv-es","7":"product_cat-renutrition-es","9":"first","10":"instock","11":"sold-individually","12":"shipping-taxable","13":"product-type-simple"},"yoast_head":"<!-- This site is optimized with the Yoast SEO plugin v27.0 - https:\/\/yoast.com\/product\/yoast-seo-wordpress\/ -->\n<title>bebida HP\/HC sabor chocolate Ref : LGF02 - Cyranie<\/title>\n<meta name=\"robots\" content=\"index, follow, max-snippet:-1, max-image-preview:large, max-video-preview:-1\" \/>\n<link rel=\"canonical\" href=\"https:\/\/cyranie.com\/es\/produit\/fontactiv-bebida-hp-hc-sabor-chocolate-ref-lgf02\/\" \/>\n<meta property=\"og:locale\" content=\"es_ES\" \/>\n<meta property=\"og:type\" content=\"article\" \/>\n<meta property=\"og:title\" content=\"bebida HP\/HC sabor chocolate Ref : LGF02 - Cyranie\" \/>\n<meta property=\"og:description\" content=\"Productos alimenticios destinados a fines medicos especiales con edulcorante, para las necesidades nutricionales de los pacientes que padecen trastornos de glicemia o riesgo a desnutrici\u00f3n, Se trata de una nutrici\u00f3n oral completa, hiperprot\u00e9ica de bajo \u00edndice gluc\u00e9mico, con fibras. Sin az\u00facar, la bebida es adecuada como parte de una dieta controlada en az\u00facar. No contiene gluten ni lactosa.   Vainilla  Chocolate  Caf\u00e9\" \/>\n<meta property=\"og:url\" content=\"https:\/\/cyranie.com\/es\/produit\/fontactiv-bebida-hp-hc-sabor-chocolate-ref-lgf02\/\" \/>\n<meta property=\"og:site_name\" content=\"Cyranie\" \/>\n<meta property=\"article:modified_time\" content=\"2025-12-08T10:48:35+00:00\" \/>\n<meta property=\"og:image\" content=\"https:\/\/cyranie.com\/wp-content\/uploads\/2025\/05\/DE-CHOCO-3D-scaled.jpg\" \/>\n\t<meta property=\"og:image:width\" content=\"1810\" \/>\n\t<meta property=\"og:image:height\" content=\"2560\" \/>\n\t<meta property=\"og:image:type\" content=\"image\/jpeg\" \/>\n<meta name=\"twitter:card\" content=\"summary_large_image\" \/>\n<meta name=\"twitter:label1\" content=\"Tiempo de lectura\" \/>\n\t<meta name=\"twitter:data1\" content=\"1 minuto\" \/>\n<script type=\"application\/ld+json\" class=\"yoast-schema-graph\">{\"@context\":\"https:\/\/schema.org\",\"@graph\":[{\"@type\":\"WebPage\",\"@id\":\"https:\/\/cyranie.com\/es\/produit\/fontactiv-bebida-hp-hc-sabor-chocolate-ref-lgf02\/\",\"url\":\"https:\/\/cyranie.com\/es\/produit\/fontactiv-bebida-hp-hc-sabor-chocolate-ref-lgf02\/\",\"name\":\"bebida HP\/HC sabor chocolate Ref : LGF02 - Cyranie\",\"isPartOf\":{\"@id\":\"https:\/\/cyranie.com\/es\/#website\"},\"primaryImageOfPage\":{\"@id\":\"https:\/\/cyranie.com\/es\/produit\/fontactiv-bebida-hp-hc-sabor-chocolate-ref-lgf02\/#primaryimage\"},\"image\":{\"@id\":\"https:\/\/cyranie.com\/es\/produit\/fontactiv-bebida-hp-hc-sabor-chocolate-ref-lgf02\/#primaryimage\"},\"thumbnailUrl\":\"https:\/\/cyranie.com\/wp-content\/uploads\/2025\/05\/DE-CHOCO-3D-scaled.jpg\",\"datePublished\":\"2019-12-03T10:38:30+00:00\",\"dateModified\":\"2025-12-08T10:48:35+00:00\",\"breadcrumb\":{\"@id\":\"https:\/\/cyranie.com\/es\/produit\/fontactiv-bebida-hp-hc-sabor-chocolate-ref-lgf02\/#breadcrumb\"},\"inLanguage\":\"es\",\"potentialAction\":[{\"@type\":\"ReadAction\",\"target\":[\"https:\/\/cyranie.com\/es\/produit\/fontactiv-bebida-hp-hc-sabor-chocolate-ref-lgf02\/\"]}]},{\"@type\":\"ImageObject\",\"inLanguage\":\"es\",\"@id\":\"https:\/\/cyranie.com\/es\/produit\/fontactiv-bebida-hp-hc-sabor-chocolate-ref-lgf02\/#primaryimage\",\"url\":\"https:\/\/cyranie.com\/wp-content\/uploads\/2025\/05\/DE-CHOCO-3D-scaled.jpg\",\"contentUrl\":\"https:\/\/cyranie.com\/wp-content\/uploads\/2025\/05\/DE-CHOCO-3D-scaled.jpg\",\"width\":1810,\"height\":2560},{\"@type\":\"BreadcrumbList\",\"@id\":\"https:\/\/cyranie.com\/es\/produit\/fontactiv-bebida-hp-hc-sabor-chocolate-ref-lgf02\/#breadcrumb\",\"itemListElement\":[{\"@type\":\"ListItem\",\"position\":1,\"name\":\"Accueil\",\"item\":\"https:\/\/cyranie.com\/es\/\"},{\"@type\":\"ListItem\",\"position\":2,\"name\":\"Boutique\",\"item\":\"https:\/\/cyranie.com\/boutique\/\"},{\"@type\":\"ListItem\",\"position\":3,\"name\":\"bebida HP\/HC sabor chocolate Ref : LGF02\"}]},{\"@type\":\"WebSite\",\"@id\":\"https:\/\/cyranie.com\/es\/#website\",\"url\":\"https:\/\/cyranie.com\/es\/\",\"name\":\"Cyranie\",\"description\":\"Nourrir avec plaisir\",\"potentialAction\":[{\"@type\":\"SearchAction\",\"target\":{\"@type\":\"EntryPoint\",\"urlTemplate\":\"https:\/\/cyranie.com\/es\/?s={search_term_string}\"},\"query-input\":{\"@type\":\"PropertyValueSpecification\",\"valueRequired\":true,\"valueName\":\"search_term_string\"}}],\"inLanguage\":\"es\"}]}<\/script>\n<!-- \/ Yoast SEO plugin. -->","yoast_head_json":{"title":"bebida HP\/HC sabor chocolate Ref : LGF02 - Cyranie","robots":{"index":"index","follow":"follow","max-snippet":"max-snippet:-1","max-image-preview":"max-image-preview:large","max-video-preview":"max-video-preview:-1"},"canonical":"https:\/\/cyranie.com\/es\/produit\/fontactiv-bebida-hp-hc-sabor-chocolate-ref-lgf02\/","og_locale":"es_ES","og_type":"article","og_title":"bebida HP\/HC sabor chocolate Ref : LGF02 - Cyranie","og_description":"Productos alimenticios destinados a fines medicos especiales con edulcorante, para las necesidades nutricionales de los pacientes que padecen trastornos de glicemia o riesgo a desnutrici\u00f3n, Se trata de una nutrici\u00f3n oral completa, hiperprot\u00e9ica de bajo \u00edndice gluc\u00e9mico, con fibras. Sin az\u00facar, la bebida es adecuada como parte de una dieta controlada en az\u00facar. No contiene gluten ni lactosa.   Vainilla  Chocolate  Caf\u00e9","og_url":"https:\/\/cyranie.com\/es\/produit\/fontactiv-bebida-hp-hc-sabor-chocolate-ref-lgf02\/","og_site_name":"Cyranie","article_modified_time":"2025-12-08T10:48:35+00:00","og_image":[{"width":1810,"height":2560,"url":"https:\/\/cyranie.com\/wp-content\/uploads\/2025\/05\/DE-CHOCO-3D-scaled.jpg","type":"image\/jpeg"}],"twitter_card":"summary_large_image","twitter_misc":{"Tiempo de lectura":"1 minuto"},"schema":{"@context":"https:\/\/schema.org","@graph":[{"@type":"WebPage","@id":"https:\/\/cyranie.com\/es\/produit\/fontactiv-bebida-hp-hc-sabor-chocolate-ref-lgf02\/","url":"https:\/\/cyranie.com\/es\/produit\/fontactiv-bebida-hp-hc-sabor-chocolate-ref-lgf02\/","name":"bebida HP\/HC sabor chocolate Ref : LGF02 - Cyranie","isPartOf":{"@id":"https:\/\/cyranie.com\/es\/#website"},"primaryImageOfPage":{"@id":"https:\/\/cyranie.com\/es\/produit\/fontactiv-bebida-hp-hc-sabor-chocolate-ref-lgf02\/#primaryimage"},"image":{"@id":"https:\/\/cyranie.com\/es\/produit\/fontactiv-bebida-hp-hc-sabor-chocolate-ref-lgf02\/#primaryimage"},"thumbnailUrl":"https:\/\/cyranie.com\/wp-content\/uploads\/2025\/05\/DE-CHOCO-3D-scaled.jpg","datePublished":"2019-12-03T10:38:30+00:00","dateModified":"2025-12-08T10:48:35+00:00","breadcrumb":{"@id":"https:\/\/cyranie.com\/es\/produit\/fontactiv-bebida-hp-hc-sabor-chocolate-ref-lgf02\/#breadcrumb"},"inLanguage":"es","potentialAction":[{"@type":"ReadAction","target":["https:\/\/cyranie.com\/es\/produit\/fontactiv-bebida-hp-hc-sabor-chocolate-ref-lgf02\/"]}]},{"@type":"ImageObject","inLanguage":"es","@id":"https:\/\/cyranie.com\/es\/produit\/fontactiv-bebida-hp-hc-sabor-chocolate-ref-lgf02\/#primaryimage","url":"https:\/\/cyranie.com\/wp-content\/uploads\/2025\/05\/DE-CHOCO-3D-scaled.jpg","contentUrl":"https:\/\/cyranie.com\/wp-content\/uploads\/2025\/05\/DE-CHOCO-3D-scaled.jpg","width":1810,"height":2560},{"@type":"BreadcrumbList","@id":"https:\/\/cyranie.com\/es\/produit\/fontactiv-bebida-hp-hc-sabor-chocolate-ref-lgf02\/#breadcrumb","itemListElement":[{"@type":"ListItem","position":1,"name":"Accueil","item":"https:\/\/cyranie.com\/es\/"},{"@type":"ListItem","position":2,"name":"Boutique","item":"https:\/\/cyranie.com\/boutique\/"},{"@type":"ListItem","position":3,"name":"bebida HP\/HC sabor chocolate Ref : LGF02"}]},{"@type":"WebSite","@id":"https:\/\/cyranie.com\/es\/#website","url":"https:\/\/cyranie.com\/es\/","name":"Cyranie","description":"Nourrir avec plaisir","potentialAction":[{"@type":"SearchAction","target":{"@type":"EntryPoint","urlTemplate":"https:\/\/cyranie.com\/es\/?s={search_term_string}"},"query-input":{"@type":"PropertyValueSpecification","valueRequired":true,"valueName":"search_term_string"}}],"inLanguage":"es"}]}},"_links":{"self":[{"href":"https:\/\/cyranie.com\/es\/wp-json\/wp\/v2\/product\/5270","targetHints":{"allow":["GET"]}}],"collection":[{"href":"https:\/\/cyranie.com\/es\/wp-json\/wp\/v2\/product"}],"about":[{"href":"https:\/\/cyranie.com\/es\/wp-json\/wp\/v2\/types\/product"}],"version-history":[{"count":1,"href":"https:\/\/cyranie.com\/es\/wp-json\/wp\/v2\/product\/5270\/revisions"}],"predecessor-version":[{"id":11840,"href":"https:\/\/cyranie.com\/es\/wp-json\/wp\/v2\/product\/5270\/revisions\/11840"}],"wp:featuredmedia":[{"embeddable":true,"href":"https:\/\/cyranie.com\/es\/wp-json\/wp\/v2\/media\/10743"}],"wp:attachment":[{"href":"https:\/\/cyranie.com\/es\/wp-json\/wp\/v2\/media?parent=5270"}],"wp:term":[{"taxonomy":"product_brand","embeddable":true,"href":"https:\/\/cyranie.com\/es\/wp-json\/wp\/v2\/product_brand?post=5270"},{"taxonomy":"product_cat","embeddable":true,"href":"https:\/\/cyranie.com\/es\/wp-json\/wp\/v2\/product_cat?post=5270"},{"taxonomy":"product_tag","embeddable":true,"href":"https:\/\/cyranie.com\/es\/wp-json\/wp\/v2\/product_tag?post=5270"}],"curies":[{"name":"wp","href":"https:\/\/api.w.org\/{rel}","templated":true}]}}