{"id":5417,"date":"2019-11-27T16:37:54","date_gmt":"2019-11-27T15:37:54","guid":{"rendered":"https:\/\/cyranie.com\/produit\/cyraline-hiperproteica-e-hiper-calorica-instantanea-edulcorada-sabor-galleta-ref-y501\/"},"modified":"2021-02-22T16:27:05","modified_gmt":"2021-02-22T15:27:05","slug":"cyraline-hiperproteica-e-hiper-calorica-instantanea-edulcorada-sabor-galleta-ref-y501","status":"publish","type":"product","link":"https:\/\/cyranie.com\/es\/produit\/cyraline-hiperproteica-e-hiper-calorica-instantanea-edulcorada-sabor-galleta-ref-y501\/","title":{"rendered":"Cyraline hiperprot\u00e9ica e hiper cal\u00f3rica instantanea edulcorada sabor galleta Ref. : Y501"},"content":{"rendered":"<p>Ingredientes\u00a0<\/p>\n<p>Farines de 5 c\u00e9r\u00e9ales 34,6% (bl\u00e9, riz, ma\u00efs, orge, avoine), maltodextrine de ma\u00efs, prot\u00e9ine de lait, prot\u00e9ine de bl\u00e9 soluble, huile de palme, huile de colza, lactose, ar\u00f4me, acides amin\u00e9s : lysine, thr\u00e9onine, \u00e9dulcorant : aspartame, colorant : caramel E150c, vitamines (C, niacine, E, acide pantoth\u00e9nique, B6, riboflavine, thiamine, A, acide folique, biotine, D3, B12), min\u00e9raux (zinc, fer, cuivre, mangan\u00e8se, iode, s\u00e9l\u00e9nium), maltodextrines.<\/p>\n","protected":false},"excerpt":{"rendered":"<p><img decoding=\"async\" class=\"alignnone wp-image-681\" src=\"http:\/\/cyranie.com\/wp-content\/uploads\/2019\/09\/logo-orexcy-300x93.png\" alt=\"\" width=\"161\" height=\"50\" srcset=\"https:\/\/cyranie.com\/wp-content\/uploads\/2019\/09\/logo-orexcy-200x62.png 200w, https:\/\/cyranie.com\/wp-content\/uploads\/2019\/09\/logo-orexcy-300x93.png 300w, https:\/\/cyranie.com\/wp-content\/uploads\/2019\/09\/logo-orexcy-400x124.png 400w, https:\/\/cyranie.com\/wp-content\/uploads\/2019\/09\/logo-orexcy-500x156.png 500w, https:\/\/cyranie.com\/wp-content\/uploads\/2019\/09\/logo-orexcy-600x187.png 600w, https:\/\/cyranie.com\/wp-content\/uploads\/2019\/09\/logo-orexcy-700x218.png 700w, https:\/\/cyranie.com\/wp-content\/uploads\/2019\/09\/logo-orexcy.png 723w\" sizes=\"(max-width: 161px) 100vw, 161px\" \/><\/p>\n<p>Con cereales, las Cyralines son papillas que se pueden consumir en el desayuno o como refrigerio.Su naturaleza instant\u00e1nea facilita su implementaci\u00f3n.\u00a0\u00a0<\/p>\n<div class=\"parfums\" style=\"display: inline-block;\">\n<div class=\"is_cadre_prod_img\"><a href=\"https:\/\/cyranie.com\/es\/produit\/cyraline-hiperproteica-e-hiper-calorica-instantanea-edulcorada-sabor-vainilla-ref-y500\/\"><img decoding=\"async\" src=\"https:\/\/cyranie.com\/wp-content\/uploads\/2020\/02\/VANILLE.png\" \/> Vainilla<\/a><\/div>\n<div class=\"is_cadre_prod_img\"><a href=\"https:\/\/cyranie.com\/es\/produit\/cyraline-hiperproteica-e-hiper-calorica-instantanea-edulcorada-sabor-galleta-ref-y501\/\"><img decoding=\"async\" src=\"https:\/\/cyranie.com\/wp-content\/uploads\/2020\/02\/BISCUIT.png\" \/> Galleta<\/a><\/div>\n<div class=\"is_cadre_prod_img\"><a href=\"https:\/\/cyranie.com\/es\/produit\/cyraline-hiperproteica-e-hiper-calorica-instantanea-edulcorada-sabor-miel-avellana-ref-y502\/\"><img decoding=\"async\" src=\"https:\/\/cyranie.com\/wp-content\/uploads\/2020\/02\/MIEL-NOISETTE.png\" \/> Miel &#8211; avellana<\/a><\/div>\n<\/div>\n","protected":false},"featured_media":5419,"template":"","meta":{"footnotes":""},"product_brand":[],"product_cat":[107,106],"product_tag":[],"class_list":{"0":"post-5417","1":"product","2":"type-product","3":"status-publish","4":"has-post-thumbnail","6":"product_cat-renutrition-es","7":"product_cat-solutions-deshydratees-orexcy-es","9":"first","10":"instock","11":"sold-individually","12":"shipping-taxable","13":"product-type-simple"},"yoast_head":"<!-- This site is optimized with the Yoast SEO plugin v27.3 - https:\/\/yoast.com\/product\/yoast-seo-wordpress\/ -->\n<title>Cyraline hiperprot\u00e9ica e hiper cal\u00f3rica instantanea edulcorada sabor galleta Ref. : Y501 - Cyranie<\/title>\n<meta name=\"robots\" content=\"index, follow, max-snippet:-1, max-image-preview:large, max-video-preview:-1\" \/>\n<link rel=\"canonical\" href=\"https:\/\/cyranie.com\/es\/produit\/cyraline-hiperproteica-e-hiper-calorica-instantanea-edulcorada-sabor-galleta-ref-y501\/\" \/>\n<meta property=\"og:locale\" content=\"es_ES\" \/>\n<meta property=\"og:type\" content=\"article\" \/>\n<meta property=\"og:title\" content=\"Cyraline hiperprot\u00e9ica e hiper cal\u00f3rica instantanea edulcorada sabor galleta Ref. : Y501 - Cyranie\" \/>\n<meta property=\"og:description\" content=\"Con cereales, las Cyralines son papillas que se pueden consumir en el desayuno o como refrigerio.Su naturaleza instant\u00e1nea facilita su implementaci\u00f3n.\u00a0\u00a0   Vainilla  Galleta  Miel - avellana\" \/>\n<meta property=\"og:url\" content=\"https:\/\/cyranie.com\/es\/produit\/cyraline-hiperproteica-e-hiper-calorica-instantanea-edulcorada-sabor-galleta-ref-y501\/\" \/>\n<meta property=\"og:site_name\" content=\"Cyranie\" \/>\n<meta property=\"article:modified_time\" content=\"2021-02-22T15:27:05+00:00\" \/>\n<meta property=\"og:image\" content=\"https:\/\/cyranie.com\/wp-content\/uploads\/2019\/11\/Cyranie-renutrition-Cyraline-Orexcy-edulcoree-biscuit-fiche-produit.jpg\" \/>\n\t<meta property=\"og:image:width\" content=\"1000\" \/>\n\t<meta property=\"og:image:height\" content=\"666\" \/>\n\t<meta property=\"og:image:type\" content=\"image\/jpeg\" \/>\n<meta name=\"twitter:card\" content=\"summary_large_image\" \/>\n<script type=\"application\/ld+json\" class=\"yoast-schema-graph\">{\"@context\":\"https:\\\/\\\/schema.org\",\"@graph\":[{\"@type\":\"WebPage\",\"@id\":\"https:\\\/\\\/cyranie.com\\\/es\\\/produit\\\/cyraline-hiperproteica-e-hiper-calorica-instantanea-edulcorada-sabor-galleta-ref-y501\\\/\",\"url\":\"https:\\\/\\\/cyranie.com\\\/es\\\/produit\\\/cyraline-hiperproteica-e-hiper-calorica-instantanea-edulcorada-sabor-galleta-ref-y501\\\/\",\"name\":\"Cyraline hiperprot\u00e9ica e hiper cal\u00f3rica instantanea edulcorada sabor galleta Ref. : Y501 - Cyranie\",\"isPartOf\":{\"@id\":\"https:\\\/\\\/cyranie.com\\\/es\\\/#website\"},\"primaryImageOfPage\":{\"@id\":\"https:\\\/\\\/cyranie.com\\\/es\\\/produit\\\/cyraline-hiperproteica-e-hiper-calorica-instantanea-edulcorada-sabor-galleta-ref-y501\\\/#primaryimage\"},\"image\":{\"@id\":\"https:\\\/\\\/cyranie.com\\\/es\\\/produit\\\/cyraline-hiperproteica-e-hiper-calorica-instantanea-edulcorada-sabor-galleta-ref-y501\\\/#primaryimage\"},\"thumbnailUrl\":\"https:\\\/\\\/cyranie.com\\\/wp-content\\\/uploads\\\/2019\\\/11\\\/Cyranie-renutrition-Cyraline-Orexcy-edulcoree-biscuit-fiche-produit.jpg\",\"datePublished\":\"2019-11-27T15:37:54+00:00\",\"dateModified\":\"2021-02-22T15:27:05+00:00\",\"breadcrumb\":{\"@id\":\"https:\\\/\\\/cyranie.com\\\/es\\\/produit\\\/cyraline-hiperproteica-e-hiper-calorica-instantanea-edulcorada-sabor-galleta-ref-y501\\\/#breadcrumb\"},\"inLanguage\":\"es\",\"potentialAction\":[{\"@type\":\"ReadAction\",\"target\":[\"https:\\\/\\\/cyranie.com\\\/es\\\/produit\\\/cyraline-hiperproteica-e-hiper-calorica-instantanea-edulcorada-sabor-galleta-ref-y501\\\/\"]}]},{\"@type\":\"ImageObject\",\"inLanguage\":\"es\",\"@id\":\"https:\\\/\\\/cyranie.com\\\/es\\\/produit\\\/cyraline-hiperproteica-e-hiper-calorica-instantanea-edulcorada-sabor-galleta-ref-y501\\\/#primaryimage\",\"url\":\"https:\\\/\\\/cyranie.com\\\/wp-content\\\/uploads\\\/2019\\\/11\\\/Cyranie-renutrition-Cyraline-Orexcy-edulcoree-biscuit-fiche-produit.jpg\",\"contentUrl\":\"https:\\\/\\\/cyranie.com\\\/wp-content\\\/uploads\\\/2019\\\/11\\\/Cyranie-renutrition-Cyraline-Orexcy-edulcoree-biscuit-fiche-produit.jpg\",\"width\":1000,\"height\":666},{\"@type\":\"BreadcrumbList\",\"@id\":\"https:\\\/\\\/cyranie.com\\\/es\\\/produit\\\/cyraline-hiperproteica-e-hiper-calorica-instantanea-edulcorada-sabor-galleta-ref-y501\\\/#breadcrumb\",\"itemListElement\":[{\"@type\":\"ListItem\",\"position\":1,\"name\":\"Accueil\",\"item\":\"https:\\\/\\\/cyranie.com\\\/es\\\/\"},{\"@type\":\"ListItem\",\"position\":2,\"name\":\"Boutique\",\"item\":\"https:\\\/\\\/cyranie.com\\\/boutique\\\/\"},{\"@type\":\"ListItem\",\"position\":3,\"name\":\"Cyraline hiperprot\u00e9ica e hiper cal\u00f3rica instantanea edulcorada sabor galleta Ref. : Y501\"}]},{\"@type\":\"WebSite\",\"@id\":\"https:\\\/\\\/cyranie.com\\\/es\\\/#website\",\"url\":\"https:\\\/\\\/cyranie.com\\\/es\\\/\",\"name\":\"Cyranie\",\"description\":\"Nourrir avec plaisir\",\"potentialAction\":[{\"@type\":\"SearchAction\",\"target\":{\"@type\":\"EntryPoint\",\"urlTemplate\":\"https:\\\/\\\/cyranie.com\\\/es\\\/?s={search_term_string}\"},\"query-input\":{\"@type\":\"PropertyValueSpecification\",\"valueRequired\":true,\"valueName\":\"search_term_string\"}}],\"inLanguage\":\"es\"}]}<\/script>\n<!-- \/ Yoast SEO plugin. -->","yoast_head_json":{"title":"Cyraline hiperprot\u00e9ica e hiper cal\u00f3rica instantanea edulcorada sabor galleta Ref. : Y501 - Cyranie","robots":{"index":"index","follow":"follow","max-snippet":"max-snippet:-1","max-image-preview":"max-image-preview:large","max-video-preview":"max-video-preview:-1"},"canonical":"https:\/\/cyranie.com\/es\/produit\/cyraline-hiperproteica-e-hiper-calorica-instantanea-edulcorada-sabor-galleta-ref-y501\/","og_locale":"es_ES","og_type":"article","og_title":"Cyraline hiperprot\u00e9ica e hiper cal\u00f3rica instantanea edulcorada sabor galleta Ref. : Y501 - Cyranie","og_description":"Con cereales, las Cyralines son papillas que se pueden consumir en el desayuno o como refrigerio.Su naturaleza instant\u00e1nea facilita su implementaci\u00f3n.\u00a0\u00a0   Vainilla  Galleta  Miel - avellana","og_url":"https:\/\/cyranie.com\/es\/produit\/cyraline-hiperproteica-e-hiper-calorica-instantanea-edulcorada-sabor-galleta-ref-y501\/","og_site_name":"Cyranie","article_modified_time":"2021-02-22T15:27:05+00:00","og_image":[{"width":1000,"height":666,"url":"https:\/\/cyranie.com\/wp-content\/uploads\/2019\/11\/Cyranie-renutrition-Cyraline-Orexcy-edulcoree-biscuit-fiche-produit.jpg","type":"image\/jpeg"}],"twitter_card":"summary_large_image","schema":{"@context":"https:\/\/schema.org","@graph":[{"@type":"WebPage","@id":"https:\/\/cyranie.com\/es\/produit\/cyraline-hiperproteica-e-hiper-calorica-instantanea-edulcorada-sabor-galleta-ref-y501\/","url":"https:\/\/cyranie.com\/es\/produit\/cyraline-hiperproteica-e-hiper-calorica-instantanea-edulcorada-sabor-galleta-ref-y501\/","name":"Cyraline hiperprot\u00e9ica e hiper cal\u00f3rica instantanea edulcorada sabor galleta Ref. : Y501 - Cyranie","isPartOf":{"@id":"https:\/\/cyranie.com\/es\/#website"},"primaryImageOfPage":{"@id":"https:\/\/cyranie.com\/es\/produit\/cyraline-hiperproteica-e-hiper-calorica-instantanea-edulcorada-sabor-galleta-ref-y501\/#primaryimage"},"image":{"@id":"https:\/\/cyranie.com\/es\/produit\/cyraline-hiperproteica-e-hiper-calorica-instantanea-edulcorada-sabor-galleta-ref-y501\/#primaryimage"},"thumbnailUrl":"https:\/\/cyranie.com\/wp-content\/uploads\/2019\/11\/Cyranie-renutrition-Cyraline-Orexcy-edulcoree-biscuit-fiche-produit.jpg","datePublished":"2019-11-27T15:37:54+00:00","dateModified":"2021-02-22T15:27:05+00:00","breadcrumb":{"@id":"https:\/\/cyranie.com\/es\/produit\/cyraline-hiperproteica-e-hiper-calorica-instantanea-edulcorada-sabor-galleta-ref-y501\/#breadcrumb"},"inLanguage":"es","potentialAction":[{"@type":"ReadAction","target":["https:\/\/cyranie.com\/es\/produit\/cyraline-hiperproteica-e-hiper-calorica-instantanea-edulcorada-sabor-galleta-ref-y501\/"]}]},{"@type":"ImageObject","inLanguage":"es","@id":"https:\/\/cyranie.com\/es\/produit\/cyraline-hiperproteica-e-hiper-calorica-instantanea-edulcorada-sabor-galleta-ref-y501\/#primaryimage","url":"https:\/\/cyranie.com\/wp-content\/uploads\/2019\/11\/Cyranie-renutrition-Cyraline-Orexcy-edulcoree-biscuit-fiche-produit.jpg","contentUrl":"https:\/\/cyranie.com\/wp-content\/uploads\/2019\/11\/Cyranie-renutrition-Cyraline-Orexcy-edulcoree-biscuit-fiche-produit.jpg","width":1000,"height":666},{"@type":"BreadcrumbList","@id":"https:\/\/cyranie.com\/es\/produit\/cyraline-hiperproteica-e-hiper-calorica-instantanea-edulcorada-sabor-galleta-ref-y501\/#breadcrumb","itemListElement":[{"@type":"ListItem","position":1,"name":"Accueil","item":"https:\/\/cyranie.com\/es\/"},{"@type":"ListItem","position":2,"name":"Boutique","item":"https:\/\/cyranie.com\/boutique\/"},{"@type":"ListItem","position":3,"name":"Cyraline hiperprot\u00e9ica e hiper cal\u00f3rica instantanea edulcorada sabor galleta Ref. : Y501"}]},{"@type":"WebSite","@id":"https:\/\/cyranie.com\/es\/#website","url":"https:\/\/cyranie.com\/es\/","name":"Cyranie","description":"Nourrir avec plaisir","potentialAction":[{"@type":"SearchAction","target":{"@type":"EntryPoint","urlTemplate":"https:\/\/cyranie.com\/es\/?s={search_term_string}"},"query-input":{"@type":"PropertyValueSpecification","valueRequired":true,"valueName":"search_term_string"}}],"inLanguage":"es"}]}},"_links":{"self":[{"href":"https:\/\/cyranie.com\/es\/wp-json\/wp\/v2\/product\/5417","targetHints":{"allow":["GET"]}}],"collection":[{"href":"https:\/\/cyranie.com\/es\/wp-json\/wp\/v2\/product"}],"about":[{"href":"https:\/\/cyranie.com\/es\/wp-json\/wp\/v2\/types\/product"}],"version-history":[{"count":0,"href":"https:\/\/cyranie.com\/es\/wp-json\/wp\/v2\/product\/5417\/revisions"}],"wp:featuredmedia":[{"embeddable":true,"href":"https:\/\/cyranie.com\/es\/wp-json\/wp\/v2\/media\/5419"}],"wp:attachment":[{"href":"https:\/\/cyranie.com\/es\/wp-json\/wp\/v2\/media?parent=5417"}],"wp:term":[{"taxonomy":"product_brand","embeddable":true,"href":"https:\/\/cyranie.com\/es\/wp-json\/wp\/v2\/product_brand?post=5417"},{"taxonomy":"product_cat","embeddable":true,"href":"https:\/\/cyranie.com\/es\/wp-json\/wp\/v2\/product_cat?post=5417"},{"taxonomy":"product_tag","embeddable":true,"href":"https:\/\/cyranie.com\/es\/wp-json\/wp\/v2\/product_tag?post=5417"}],"curies":[{"name":"wp","href":"https:\/\/api.w.org\/{rel}","templated":true}]}}