{"id":5638,"date":"2019-12-04T10:23:03","date_gmt":"2019-12-04T09:23:03","guid":{"rendered":"https:\/\/cyranie.com\/produit\/maltodextrina-de-19-ref-glu19\/"},"modified":"2021-02-05T16:04:16","modified_gmt":"2021-02-05T15:04:16","slug":"maltodextrina-de-19-ref-glu19","status":"publish","type":"product","link":"https:\/\/cyranie.com\/es\/produit\/maltodextrina-de-19-ref-glu19\/","title":{"rendered":"Maltodextrina de 19 Ref. : GLU19"},"content":{"rendered":"<p>Ingredientes<\/p>\n<p>Maltodextrina de ma\u00edz.<\/p>\n","protected":false},"excerpt":{"rendered":"<p><img decoding=\"async\" class=\"alignnone wp-image-681\" src=\"http:\/\/cyranie.com\/wp-content\/uploads\/2019\/09\/logo-dietexcy.png\" alt=\"\" width=\"161\" height=\"50\" \/><\/p>\n<p>La maltodextrina es un polvo de carbohidratos para la suplementaci\u00f3n cal\u00f3rica, con un sabor neutro, con una excelente solubilidad en fr\u00edo y calor. Se puede incorporar en cualquier tipo de preparaciones saladas o dulces y en bebidas.<\/p>\n","protected":false},"featured_media":5640,"template":"","meta":{"footnotes":""},"product_brand":[],"product_cat":[117,116],"product_tag":[],"class_list":{"0":"post-5638","1":"product","2":"type-product","3":"status-publish","4":"has-post-thumbnail","6":"product_cat-enrichissements-es","7":"product_cat-regimes-adaptes-es","9":"first","10":"instock","11":"sold-individually","12":"shipping-taxable","13":"product-type-simple"},"yoast_head":"<!-- This site is optimized with the Yoast SEO plugin v27.3 - https:\/\/yoast.com\/product\/yoast-seo-wordpress\/ -->\n<title>Maltodextrina de 19 Ref. : GLU19 - Cyranie<\/title>\n<meta name=\"robots\" content=\"index, follow, max-snippet:-1, max-image-preview:large, max-video-preview:-1\" \/>\n<link rel=\"canonical\" href=\"https:\/\/cyranie.com\/es\/produit\/maltodextrina-de-19-ref-glu19\/\" \/>\n<meta property=\"og:locale\" content=\"es_ES\" \/>\n<meta property=\"og:type\" content=\"article\" \/>\n<meta property=\"og:title\" content=\"Maltodextrina de 19 Ref. : GLU19 - Cyranie\" \/>\n<meta property=\"og:description\" content=\"La maltodextrina es un polvo de carbohidratos para la suplementaci\u00f3n cal\u00f3rica, con un sabor neutro, con una excelente solubilidad en fr\u00edo y calor. Se puede incorporar en cualquier tipo de preparaciones saladas o dulces y en bebidas.\" \/>\n<meta property=\"og:url\" content=\"https:\/\/cyranie.com\/es\/produit\/maltodextrina-de-19-ref-glu19\/\" \/>\n<meta property=\"og:site_name\" content=\"Cyranie\" \/>\n<meta property=\"article:modified_time\" content=\"2021-02-05T15:04:16+00:00\" \/>\n<meta property=\"og:image\" content=\"https:\/\/cyranie.com\/wp-content\/uploads\/2019\/12\/Cyranie-regimes-adaptes-maltodextrine-fiche-produit.jpg\" \/>\n\t<meta property=\"og:image:width\" content=\"500\" \/>\n\t<meta property=\"og:image:height\" content=\"333\" \/>\n\t<meta property=\"og:image:type\" content=\"image\/jpeg\" \/>\n<meta name=\"twitter:card\" content=\"summary_large_image\" \/>\n<script type=\"application\/ld+json\" class=\"yoast-schema-graph\">{\"@context\":\"https:\\\/\\\/schema.org\",\"@graph\":[{\"@type\":\"WebPage\",\"@id\":\"https:\\\/\\\/cyranie.com\\\/es\\\/produit\\\/maltodextrina-de-19-ref-glu19\\\/\",\"url\":\"https:\\\/\\\/cyranie.com\\\/es\\\/produit\\\/maltodextrina-de-19-ref-glu19\\\/\",\"name\":\"Maltodextrina de 19 Ref. : GLU19 - Cyranie\",\"isPartOf\":{\"@id\":\"https:\\\/\\\/cyranie.com\\\/es\\\/#website\"},\"primaryImageOfPage\":{\"@id\":\"https:\\\/\\\/cyranie.com\\\/es\\\/produit\\\/maltodextrina-de-19-ref-glu19\\\/#primaryimage\"},\"image\":{\"@id\":\"https:\\\/\\\/cyranie.com\\\/es\\\/produit\\\/maltodextrina-de-19-ref-glu19\\\/#primaryimage\"},\"thumbnailUrl\":\"https:\\\/\\\/cyranie.com\\\/wp-content\\\/uploads\\\/2019\\\/12\\\/Cyranie-regimes-adaptes-maltodextrine-fiche-produit.jpg\",\"datePublished\":\"2019-12-04T09:23:03+00:00\",\"dateModified\":\"2021-02-05T15:04:16+00:00\",\"breadcrumb\":{\"@id\":\"https:\\\/\\\/cyranie.com\\\/es\\\/produit\\\/maltodextrina-de-19-ref-glu19\\\/#breadcrumb\"},\"inLanguage\":\"es\",\"potentialAction\":[{\"@type\":\"ReadAction\",\"target\":[\"https:\\\/\\\/cyranie.com\\\/es\\\/produit\\\/maltodextrina-de-19-ref-glu19\\\/\"]}]},{\"@type\":\"ImageObject\",\"inLanguage\":\"es\",\"@id\":\"https:\\\/\\\/cyranie.com\\\/es\\\/produit\\\/maltodextrina-de-19-ref-glu19\\\/#primaryimage\",\"url\":\"https:\\\/\\\/cyranie.com\\\/wp-content\\\/uploads\\\/2019\\\/12\\\/Cyranie-regimes-adaptes-maltodextrine-fiche-produit.jpg\",\"contentUrl\":\"https:\\\/\\\/cyranie.com\\\/wp-content\\\/uploads\\\/2019\\\/12\\\/Cyranie-regimes-adaptes-maltodextrine-fiche-produit.jpg\",\"width\":500,\"height\":333},{\"@type\":\"BreadcrumbList\",\"@id\":\"https:\\\/\\\/cyranie.com\\\/es\\\/produit\\\/maltodextrina-de-19-ref-glu19\\\/#breadcrumb\",\"itemListElement\":[{\"@type\":\"ListItem\",\"position\":1,\"name\":\"Accueil\",\"item\":\"https:\\\/\\\/cyranie.com\\\/es\\\/\"},{\"@type\":\"ListItem\",\"position\":2,\"name\":\"Boutique\",\"item\":\"https:\\\/\\\/cyranie.com\\\/boutique\\\/\"},{\"@type\":\"ListItem\",\"position\":3,\"name\":\"Maltodextrina de 19 Ref. : GLU19\"}]},{\"@type\":\"WebSite\",\"@id\":\"https:\\\/\\\/cyranie.com\\\/es\\\/#website\",\"url\":\"https:\\\/\\\/cyranie.com\\\/es\\\/\",\"name\":\"Cyranie\",\"description\":\"Nourrir avec plaisir\",\"potentialAction\":[{\"@type\":\"SearchAction\",\"target\":{\"@type\":\"EntryPoint\",\"urlTemplate\":\"https:\\\/\\\/cyranie.com\\\/es\\\/?s={search_term_string}\"},\"query-input\":{\"@type\":\"PropertyValueSpecification\",\"valueRequired\":true,\"valueName\":\"search_term_string\"}}],\"inLanguage\":\"es\"}]}<\/script>\n<!-- \/ Yoast SEO plugin. -->","yoast_head_json":{"title":"Maltodextrina de 19 Ref. : GLU19 - Cyranie","robots":{"index":"index","follow":"follow","max-snippet":"max-snippet:-1","max-image-preview":"max-image-preview:large","max-video-preview":"max-video-preview:-1"},"canonical":"https:\/\/cyranie.com\/es\/produit\/maltodextrina-de-19-ref-glu19\/","og_locale":"es_ES","og_type":"article","og_title":"Maltodextrina de 19 Ref. : GLU19 - Cyranie","og_description":"La maltodextrina es un polvo de carbohidratos para la suplementaci\u00f3n cal\u00f3rica, con un sabor neutro, con una excelente solubilidad en fr\u00edo y calor. Se puede incorporar en cualquier tipo de preparaciones saladas o dulces y en bebidas.","og_url":"https:\/\/cyranie.com\/es\/produit\/maltodextrina-de-19-ref-glu19\/","og_site_name":"Cyranie","article_modified_time":"2021-02-05T15:04:16+00:00","og_image":[{"width":500,"height":333,"url":"https:\/\/cyranie.com\/wp-content\/uploads\/2019\/12\/Cyranie-regimes-adaptes-maltodextrine-fiche-produit.jpg","type":"image\/jpeg"}],"twitter_card":"summary_large_image","schema":{"@context":"https:\/\/schema.org","@graph":[{"@type":"WebPage","@id":"https:\/\/cyranie.com\/es\/produit\/maltodextrina-de-19-ref-glu19\/","url":"https:\/\/cyranie.com\/es\/produit\/maltodextrina-de-19-ref-glu19\/","name":"Maltodextrina de 19 Ref. : GLU19 - Cyranie","isPartOf":{"@id":"https:\/\/cyranie.com\/es\/#website"},"primaryImageOfPage":{"@id":"https:\/\/cyranie.com\/es\/produit\/maltodextrina-de-19-ref-glu19\/#primaryimage"},"image":{"@id":"https:\/\/cyranie.com\/es\/produit\/maltodextrina-de-19-ref-glu19\/#primaryimage"},"thumbnailUrl":"https:\/\/cyranie.com\/wp-content\/uploads\/2019\/12\/Cyranie-regimes-adaptes-maltodextrine-fiche-produit.jpg","datePublished":"2019-12-04T09:23:03+00:00","dateModified":"2021-02-05T15:04:16+00:00","breadcrumb":{"@id":"https:\/\/cyranie.com\/es\/produit\/maltodextrina-de-19-ref-glu19\/#breadcrumb"},"inLanguage":"es","potentialAction":[{"@type":"ReadAction","target":["https:\/\/cyranie.com\/es\/produit\/maltodextrina-de-19-ref-glu19\/"]}]},{"@type":"ImageObject","inLanguage":"es","@id":"https:\/\/cyranie.com\/es\/produit\/maltodextrina-de-19-ref-glu19\/#primaryimage","url":"https:\/\/cyranie.com\/wp-content\/uploads\/2019\/12\/Cyranie-regimes-adaptes-maltodextrine-fiche-produit.jpg","contentUrl":"https:\/\/cyranie.com\/wp-content\/uploads\/2019\/12\/Cyranie-regimes-adaptes-maltodextrine-fiche-produit.jpg","width":500,"height":333},{"@type":"BreadcrumbList","@id":"https:\/\/cyranie.com\/es\/produit\/maltodextrina-de-19-ref-glu19\/#breadcrumb","itemListElement":[{"@type":"ListItem","position":1,"name":"Accueil","item":"https:\/\/cyranie.com\/es\/"},{"@type":"ListItem","position":2,"name":"Boutique","item":"https:\/\/cyranie.com\/boutique\/"},{"@type":"ListItem","position":3,"name":"Maltodextrina de 19 Ref. : GLU19"}]},{"@type":"WebSite","@id":"https:\/\/cyranie.com\/es\/#website","url":"https:\/\/cyranie.com\/es\/","name":"Cyranie","description":"Nourrir avec plaisir","potentialAction":[{"@type":"SearchAction","target":{"@type":"EntryPoint","urlTemplate":"https:\/\/cyranie.com\/es\/?s={search_term_string}"},"query-input":{"@type":"PropertyValueSpecification","valueRequired":true,"valueName":"search_term_string"}}],"inLanguage":"es"}]}},"_links":{"self":[{"href":"https:\/\/cyranie.com\/es\/wp-json\/wp\/v2\/product\/5638","targetHints":{"allow":["GET"]}}],"collection":[{"href":"https:\/\/cyranie.com\/es\/wp-json\/wp\/v2\/product"}],"about":[{"href":"https:\/\/cyranie.com\/es\/wp-json\/wp\/v2\/types\/product"}],"version-history":[{"count":0,"href":"https:\/\/cyranie.com\/es\/wp-json\/wp\/v2\/product\/5638\/revisions"}],"wp:featuredmedia":[{"embeddable":true,"href":"https:\/\/cyranie.com\/es\/wp-json\/wp\/v2\/media\/5640"}],"wp:attachment":[{"href":"https:\/\/cyranie.com\/es\/wp-json\/wp\/v2\/media?parent=5638"}],"wp:term":[{"taxonomy":"product_brand","embeddable":true,"href":"https:\/\/cyranie.com\/es\/wp-json\/wp\/v2\/product_brand?post=5638"},{"taxonomy":"product_cat","embeddable":true,"href":"https:\/\/cyranie.com\/es\/wp-json\/wp\/v2\/product_cat?post=5638"},{"taxonomy":"product_tag","embeddable":true,"href":"https:\/\/cyranie.com\/es\/wp-json\/wp\/v2\/product_tag?post=5638"}],"curies":[{"name":"wp","href":"https:\/\/api.w.org\/{rel}","templated":true}]}}