{"id":5646,"date":"2019-12-04T10:34:20","date_gmt":"2019-12-04T09:34:20","guid":{"rendered":"https:\/\/cyranie.com\/produit\/caldo-de-ave-bajo-en-sodio-ref-z247\/"},"modified":"2021-02-23T10:15:37","modified_gmt":"2021-02-23T09:15:37","slug":"caldo-de-ave-bajo-en-sodio-ref-z247","status":"publish","type":"product","link":"https:\/\/cyranie.com\/es\/produit\/caldo-de-ave-bajo-en-sodio-ref-z247\/","title":{"rendered":"Caldo de ave bajo en sodio Ref. Z247"},"content":{"rendered":"<p>Ingredientes<\/p>\n<p>Sabores, almid\u00f3n de ma\u00edz, extractos de levadura, az\u00facar, cebolla, grasa de pollo 7%, jarabe de glucosa de ma\u00edz, especias, carne de pollo 0,5%.<\/p>\n","protected":false},"excerpt":{"rendered":"<p><img decoding=\"async\" class=\"alignnone wp-image-681\" src=\"http:\/\/cyranie.com\/wp-content\/uploads\/2019\/09\/logo-dietexcy.png\" alt=\"\" width=\"161\" height=\"50\" \/><\/p>\n<p>Le dan car\u00e1cter a su cocina y le ayudan a preparar sabrosos platos. Tambi\u00e9n se pueden comer tal cula, simplemente cubiertos con fideos.<\/p>\n<div class=\"parfums\" style=\"display: inline-block;\">\n<div class=\"is_cadre_prod_img\"><a href=\"https:\/\/cyranie.com\/es\/produit\/caldo-de-res-bajo-en-sodio-ref-z248\/\"><img decoding=\"async\" src=\"https:\/\/cyranie.com\/wp-content\/uploads\/2020\/02\/BOEUF.png\" \/> Carne de vaca<\/a><\/div>\n<div class=\"is_cadre_prod_img\"><a href=\"https:\/\/cyranie.com\/es\/produit\/caldo-de-ave-bajo-en-sodio-ref-z247\/\"><img decoding=\"async\" src=\"https:\/\/cyranie.com\/wp-content\/uploads\/2020\/02\/POULET.png\" \/> Aves<\/a><\/div>\n<div class=\"is_cadre_prod_img\"><a href=\"https:\/\/cyranie.com\/es\/produit\/caldo-de-verduras-bajo-en-sodio-ref-z246\/\"><img decoding=\"async\" src=\"https:\/\/cyranie.com\/wp-content\/uploads\/2020\/02\/L\u00c9GUMES.png\" \/> Verduras<\/a><\/div>\n<\/div>\n","protected":false},"featured_media":5648,"template":"","meta":{"footnotes":""},"product_brand":[],"product_cat":[118,116],"product_tag":[],"class_list":{"0":"post-5646","1":"product","2":"type-product","3":"status-publish","4":"has-post-thumbnail","6":"product_cat-gamme-hyposodee-es","7":"product_cat-regimes-adaptes-es","9":"first","10":"instock","11":"sold-individually","12":"shipping-taxable","13":"product-type-simple"},"yoast_head":"<!-- This site is optimized with the Yoast SEO plugin v27.0 - https:\/\/yoast.com\/product\/yoast-seo-wordpress\/ -->\n<title>Caldo de ave bajo en sodio Ref. Z247 - Cyranie<\/title>\n<meta name=\"robots\" content=\"index, follow, max-snippet:-1, max-image-preview:large, max-video-preview:-1\" \/>\n<link rel=\"canonical\" href=\"https:\/\/cyranie.com\/es\/produit\/caldo-de-ave-bajo-en-sodio-ref-z247\/\" \/>\n<meta property=\"og:locale\" content=\"es_ES\" \/>\n<meta property=\"og:type\" content=\"article\" \/>\n<meta property=\"og:title\" content=\"Caldo de ave bajo en sodio Ref. Z247 - Cyranie\" \/>\n<meta property=\"og:description\" content=\"Le dan car\u00e1cter a su cocina y le ayudan a preparar sabrosos platos. Tambi\u00e9n se pueden comer tal cula, simplemente cubiertos con fideos.    Carne de vaca  Aves  Verduras\" \/>\n<meta property=\"og:url\" content=\"https:\/\/cyranie.com\/es\/produit\/caldo-de-ave-bajo-en-sodio-ref-z247\/\" \/>\n<meta property=\"og:site_name\" content=\"Cyranie\" \/>\n<meta property=\"article:modified_time\" content=\"2021-02-23T09:15:37+00:00\" \/>\n<meta property=\"og:image\" content=\"https:\/\/cyranie.com\/wp-content\/uploads\/2019\/12\/Cyranie-regimes-adaptes-bouillon-de-volaille-hyposode-fiche-produit.jpg\" \/>\n\t<meta property=\"og:image:width\" content=\"2083\" \/>\n\t<meta property=\"og:image:height\" content=\"1388\" \/>\n\t<meta property=\"og:image:type\" content=\"image\/jpeg\" \/>\n<meta name=\"twitter:card\" content=\"summary_large_image\" \/>\n<script type=\"application\/ld+json\" class=\"yoast-schema-graph\">{\"@context\":\"https:\/\/schema.org\",\"@graph\":[{\"@type\":\"WebPage\",\"@id\":\"https:\/\/cyranie.com\/es\/produit\/caldo-de-ave-bajo-en-sodio-ref-z247\/\",\"url\":\"https:\/\/cyranie.com\/es\/produit\/caldo-de-ave-bajo-en-sodio-ref-z247\/\",\"name\":\"Caldo de ave bajo en sodio Ref. Z247 - Cyranie\",\"isPartOf\":{\"@id\":\"https:\/\/cyranie.com\/es\/#website\"},\"primaryImageOfPage\":{\"@id\":\"https:\/\/cyranie.com\/es\/produit\/caldo-de-ave-bajo-en-sodio-ref-z247\/#primaryimage\"},\"image\":{\"@id\":\"https:\/\/cyranie.com\/es\/produit\/caldo-de-ave-bajo-en-sodio-ref-z247\/#primaryimage\"},\"thumbnailUrl\":\"https:\/\/cyranie.com\/wp-content\/uploads\/2019\/12\/Cyranie-regimes-adaptes-bouillon-de-volaille-hyposode-fiche-produit.jpg\",\"datePublished\":\"2019-12-04T09:34:20+00:00\",\"dateModified\":\"2021-02-23T09:15:37+00:00\",\"breadcrumb\":{\"@id\":\"https:\/\/cyranie.com\/es\/produit\/caldo-de-ave-bajo-en-sodio-ref-z247\/#breadcrumb\"},\"inLanguage\":\"es\",\"potentialAction\":[{\"@type\":\"ReadAction\",\"target\":[\"https:\/\/cyranie.com\/es\/produit\/caldo-de-ave-bajo-en-sodio-ref-z247\/\"]}]},{\"@type\":\"ImageObject\",\"inLanguage\":\"es\",\"@id\":\"https:\/\/cyranie.com\/es\/produit\/caldo-de-ave-bajo-en-sodio-ref-z247\/#primaryimage\",\"url\":\"https:\/\/cyranie.com\/wp-content\/uploads\/2019\/12\/Cyranie-regimes-adaptes-bouillon-de-volaille-hyposode-fiche-produit.jpg\",\"contentUrl\":\"https:\/\/cyranie.com\/wp-content\/uploads\/2019\/12\/Cyranie-regimes-adaptes-bouillon-de-volaille-hyposode-fiche-produit.jpg\",\"width\":2083,\"height\":1388},{\"@type\":\"BreadcrumbList\",\"@id\":\"https:\/\/cyranie.com\/es\/produit\/caldo-de-ave-bajo-en-sodio-ref-z247\/#breadcrumb\",\"itemListElement\":[{\"@type\":\"ListItem\",\"position\":1,\"name\":\"Accueil\",\"item\":\"https:\/\/cyranie.com\/es\/\"},{\"@type\":\"ListItem\",\"position\":2,\"name\":\"Boutique\",\"item\":\"https:\/\/cyranie.com\/boutique\/\"},{\"@type\":\"ListItem\",\"position\":3,\"name\":\"Caldo de ave bajo en sodio Ref. Z247\"}]},{\"@type\":\"WebSite\",\"@id\":\"https:\/\/cyranie.com\/es\/#website\",\"url\":\"https:\/\/cyranie.com\/es\/\",\"name\":\"Cyranie\",\"description\":\"Nourrir avec plaisir\",\"potentialAction\":[{\"@type\":\"SearchAction\",\"target\":{\"@type\":\"EntryPoint\",\"urlTemplate\":\"https:\/\/cyranie.com\/es\/?s={search_term_string}\"},\"query-input\":{\"@type\":\"PropertyValueSpecification\",\"valueRequired\":true,\"valueName\":\"search_term_string\"}}],\"inLanguage\":\"es\"}]}<\/script>\n<!-- \/ Yoast SEO plugin. -->","yoast_head_json":{"title":"Caldo de ave bajo en sodio Ref. Z247 - Cyranie","robots":{"index":"index","follow":"follow","max-snippet":"max-snippet:-1","max-image-preview":"max-image-preview:large","max-video-preview":"max-video-preview:-1"},"canonical":"https:\/\/cyranie.com\/es\/produit\/caldo-de-ave-bajo-en-sodio-ref-z247\/","og_locale":"es_ES","og_type":"article","og_title":"Caldo de ave bajo en sodio Ref. Z247 - Cyranie","og_description":"Le dan car\u00e1cter a su cocina y le ayudan a preparar sabrosos platos. Tambi\u00e9n se pueden comer tal cula, simplemente cubiertos con fideos.    Carne de vaca  Aves  Verduras","og_url":"https:\/\/cyranie.com\/es\/produit\/caldo-de-ave-bajo-en-sodio-ref-z247\/","og_site_name":"Cyranie","article_modified_time":"2021-02-23T09:15:37+00:00","og_image":[{"width":2083,"height":1388,"url":"https:\/\/cyranie.com\/wp-content\/uploads\/2019\/12\/Cyranie-regimes-adaptes-bouillon-de-volaille-hyposode-fiche-produit.jpg","type":"image\/jpeg"}],"twitter_card":"summary_large_image","schema":{"@context":"https:\/\/schema.org","@graph":[{"@type":"WebPage","@id":"https:\/\/cyranie.com\/es\/produit\/caldo-de-ave-bajo-en-sodio-ref-z247\/","url":"https:\/\/cyranie.com\/es\/produit\/caldo-de-ave-bajo-en-sodio-ref-z247\/","name":"Caldo de ave bajo en sodio Ref. Z247 - Cyranie","isPartOf":{"@id":"https:\/\/cyranie.com\/es\/#website"},"primaryImageOfPage":{"@id":"https:\/\/cyranie.com\/es\/produit\/caldo-de-ave-bajo-en-sodio-ref-z247\/#primaryimage"},"image":{"@id":"https:\/\/cyranie.com\/es\/produit\/caldo-de-ave-bajo-en-sodio-ref-z247\/#primaryimage"},"thumbnailUrl":"https:\/\/cyranie.com\/wp-content\/uploads\/2019\/12\/Cyranie-regimes-adaptes-bouillon-de-volaille-hyposode-fiche-produit.jpg","datePublished":"2019-12-04T09:34:20+00:00","dateModified":"2021-02-23T09:15:37+00:00","breadcrumb":{"@id":"https:\/\/cyranie.com\/es\/produit\/caldo-de-ave-bajo-en-sodio-ref-z247\/#breadcrumb"},"inLanguage":"es","potentialAction":[{"@type":"ReadAction","target":["https:\/\/cyranie.com\/es\/produit\/caldo-de-ave-bajo-en-sodio-ref-z247\/"]}]},{"@type":"ImageObject","inLanguage":"es","@id":"https:\/\/cyranie.com\/es\/produit\/caldo-de-ave-bajo-en-sodio-ref-z247\/#primaryimage","url":"https:\/\/cyranie.com\/wp-content\/uploads\/2019\/12\/Cyranie-regimes-adaptes-bouillon-de-volaille-hyposode-fiche-produit.jpg","contentUrl":"https:\/\/cyranie.com\/wp-content\/uploads\/2019\/12\/Cyranie-regimes-adaptes-bouillon-de-volaille-hyposode-fiche-produit.jpg","width":2083,"height":1388},{"@type":"BreadcrumbList","@id":"https:\/\/cyranie.com\/es\/produit\/caldo-de-ave-bajo-en-sodio-ref-z247\/#breadcrumb","itemListElement":[{"@type":"ListItem","position":1,"name":"Accueil","item":"https:\/\/cyranie.com\/es\/"},{"@type":"ListItem","position":2,"name":"Boutique","item":"https:\/\/cyranie.com\/boutique\/"},{"@type":"ListItem","position":3,"name":"Caldo de ave bajo en sodio Ref. Z247"}]},{"@type":"WebSite","@id":"https:\/\/cyranie.com\/es\/#website","url":"https:\/\/cyranie.com\/es\/","name":"Cyranie","description":"Nourrir avec plaisir","potentialAction":[{"@type":"SearchAction","target":{"@type":"EntryPoint","urlTemplate":"https:\/\/cyranie.com\/es\/?s={search_term_string}"},"query-input":{"@type":"PropertyValueSpecification","valueRequired":true,"valueName":"search_term_string"}}],"inLanguage":"es"}]}},"_links":{"self":[{"href":"https:\/\/cyranie.com\/es\/wp-json\/wp\/v2\/product\/5646","targetHints":{"allow":["GET"]}}],"collection":[{"href":"https:\/\/cyranie.com\/es\/wp-json\/wp\/v2\/product"}],"about":[{"href":"https:\/\/cyranie.com\/es\/wp-json\/wp\/v2\/types\/product"}],"version-history":[{"count":0,"href":"https:\/\/cyranie.com\/es\/wp-json\/wp\/v2\/product\/5646\/revisions"}],"wp:featuredmedia":[{"embeddable":true,"href":"https:\/\/cyranie.com\/es\/wp-json\/wp\/v2\/media\/5648"}],"wp:attachment":[{"href":"https:\/\/cyranie.com\/es\/wp-json\/wp\/v2\/media?parent=5646"}],"wp:term":[{"taxonomy":"product_brand","embeddable":true,"href":"https:\/\/cyranie.com\/es\/wp-json\/wp\/v2\/product_brand?post=5646"},{"taxonomy":"product_cat","embeddable":true,"href":"https:\/\/cyranie.com\/es\/wp-json\/wp\/v2\/product_cat?post=5646"},{"taxonomy":"product_tag","embeddable":true,"href":"https:\/\/cyranie.com\/es\/wp-json\/wp\/v2\/product_tag?post=5646"}],"curies":[{"name":"wp","href":"https:\/\/api.w.org\/{rel}","templated":true}]}}