{"id":5685,"date":"2019-12-04T10:59:50","date_gmt":"2019-12-04T09:59:50","guid":{"rendered":"https:\/\/cyranie.com\/produit\/crema-de-puerro-y-papa-instantanea-bajo-en-sodio-ref-z231\/"},"modified":"2021-02-23T10:41:22","modified_gmt":"2021-02-23T09:41:22","slug":"crema-de-puerro-y-papa-instantanea-bajo-en-sodio-ref-z231","status":"publish","type":"product","link":"https:\/\/cyranie.com\/es\/produit\/crema-de-puerro-y-papa-instantanea-bajo-en-sodio-ref-z231\/","title":{"rendered":"Crema de puerro y patata instant\u00e1nea bajo en sodio Ref.: Z231"},"content":{"rendered":"<p>Ingredientes<\/p>\n<p>Patatas 35%, almid\u00f3n de patata, almid\u00f3n de patata modificado, jarabe de glucosa de ma\u00edz, puerros 8%, cebolla, az\u00facar, aroma natural, aceite de colza, extracto de levadura, plantas arom\u00e1ticas, espinacas, c\u00farcuma .<\/p>\n","protected":false},"excerpt":{"rendered":"<p><img decoding=\"async\" class=\"alignnone wp-image-681\" src=\"http:\/\/cyranie.com\/wp-content\/uploads\/2019\/09\/logo-dietexcy.png\" alt=\"\" width=\"161\" height=\"50\" \/><\/p>\n<p>Muy apreciados como entrante, nuestras sopas se reconstituyen con la simple adici\u00f3n de agua hirviendo. Tienen una textura suave y son muy sabrosas.<\/p>\n[slide-anything id=\"4837\"]\n","protected":false},"featured_media":5686,"template":"","meta":{"footnotes":""},"product_brand":[],"product_cat":[118,116],"product_tag":[],"class_list":{"0":"post-5685","1":"product","2":"type-product","3":"status-publish","4":"has-post-thumbnail","6":"product_cat-gamme-hyposodee-es","7":"product_cat-regimes-adaptes-es","9":"first","10":"instock","11":"sold-individually","12":"shipping-taxable","13":"product-type-simple"},"yoast_head":"<!-- This site is optimized with the Yoast SEO plugin v27.3 - https:\/\/yoast.com\/product\/yoast-seo-wordpress\/ -->\n<title>Crema de puerro y patata instant\u00e1nea bajo en sodio Ref.: Z231 - Cyranie<\/title>\n<meta name=\"robots\" content=\"index, follow, max-snippet:-1, max-image-preview:large, max-video-preview:-1\" \/>\n<link rel=\"canonical\" href=\"https:\/\/cyranie.com\/es\/produit\/crema-de-puerro-y-papa-instantanea-bajo-en-sodio-ref-z231\/\" \/>\n<meta property=\"og:locale\" content=\"es_ES\" \/>\n<meta property=\"og:type\" content=\"article\" \/>\n<meta property=\"og:title\" content=\"Crema de puerro y patata instant\u00e1nea bajo en sodio Ref.: Z231 - Cyranie\" \/>\n<meta property=\"og:description\" content=\"Muy apreciados como entrante, nuestras sopas se reconstituyen con la simple adici\u00f3n de agua hirviendo. Tienen una textura suave y son muy sabrosas.\" \/>\n<meta property=\"og:url\" content=\"https:\/\/cyranie.com\/es\/produit\/crema-de-puerro-y-papa-instantanea-bajo-en-sodio-ref-z231\/\" \/>\n<meta property=\"og:site_name\" content=\"Cyranie\" \/>\n<meta property=\"article:modified_time\" content=\"2021-02-23T09:41:22+00:00\" \/>\n<meta property=\"og:image\" content=\"https:\/\/cyranie.com\/wp-content\/uploads\/2019\/12\/Cyranie-regime-adapte-veloute-poireau-pommes-de-terre-hyposode-fiche-produit.jpg\" \/>\n\t<meta property=\"og:image:width\" content=\"1500\" \/>\n\t<meta property=\"og:image:height\" content=\"1000\" \/>\n\t<meta property=\"og:image:type\" content=\"image\/jpeg\" \/>\n<meta name=\"twitter:card\" content=\"summary_large_image\" \/>\n<script type=\"application\/ld+json\" class=\"yoast-schema-graph\">{\"@context\":\"https:\\\/\\\/schema.org\",\"@graph\":[{\"@type\":\"WebPage\",\"@id\":\"https:\\\/\\\/cyranie.com\\\/es\\\/produit\\\/crema-de-puerro-y-papa-instantanea-bajo-en-sodio-ref-z231\\\/\",\"url\":\"https:\\\/\\\/cyranie.com\\\/es\\\/produit\\\/crema-de-puerro-y-papa-instantanea-bajo-en-sodio-ref-z231\\\/\",\"name\":\"Crema de puerro y patata instant\u00e1nea bajo en sodio Ref.: Z231 - Cyranie\",\"isPartOf\":{\"@id\":\"https:\\\/\\\/cyranie.com\\\/es\\\/#website\"},\"primaryImageOfPage\":{\"@id\":\"https:\\\/\\\/cyranie.com\\\/es\\\/produit\\\/crema-de-puerro-y-papa-instantanea-bajo-en-sodio-ref-z231\\\/#primaryimage\"},\"image\":{\"@id\":\"https:\\\/\\\/cyranie.com\\\/es\\\/produit\\\/crema-de-puerro-y-papa-instantanea-bajo-en-sodio-ref-z231\\\/#primaryimage\"},\"thumbnailUrl\":\"https:\\\/\\\/cyranie.com\\\/wp-content\\\/uploads\\\/2019\\\/12\\\/Cyranie-regime-adapte-veloute-poireau-pommes-de-terre-hyposode-fiche-produit.jpg\",\"datePublished\":\"2019-12-04T09:59:50+00:00\",\"dateModified\":\"2021-02-23T09:41:22+00:00\",\"breadcrumb\":{\"@id\":\"https:\\\/\\\/cyranie.com\\\/es\\\/produit\\\/crema-de-puerro-y-papa-instantanea-bajo-en-sodio-ref-z231\\\/#breadcrumb\"},\"inLanguage\":\"es\",\"potentialAction\":[{\"@type\":\"ReadAction\",\"target\":[\"https:\\\/\\\/cyranie.com\\\/es\\\/produit\\\/crema-de-puerro-y-papa-instantanea-bajo-en-sodio-ref-z231\\\/\"]}]},{\"@type\":\"ImageObject\",\"inLanguage\":\"es\",\"@id\":\"https:\\\/\\\/cyranie.com\\\/es\\\/produit\\\/crema-de-puerro-y-papa-instantanea-bajo-en-sodio-ref-z231\\\/#primaryimage\",\"url\":\"https:\\\/\\\/cyranie.com\\\/wp-content\\\/uploads\\\/2019\\\/12\\\/Cyranie-regime-adapte-veloute-poireau-pommes-de-terre-hyposode-fiche-produit.jpg\",\"contentUrl\":\"https:\\\/\\\/cyranie.com\\\/wp-content\\\/uploads\\\/2019\\\/12\\\/Cyranie-regime-adapte-veloute-poireau-pommes-de-terre-hyposode-fiche-produit.jpg\",\"width\":1500,\"height\":1000},{\"@type\":\"BreadcrumbList\",\"@id\":\"https:\\\/\\\/cyranie.com\\\/es\\\/produit\\\/crema-de-puerro-y-papa-instantanea-bajo-en-sodio-ref-z231\\\/#breadcrumb\",\"itemListElement\":[{\"@type\":\"ListItem\",\"position\":1,\"name\":\"Accueil\",\"item\":\"https:\\\/\\\/cyranie.com\\\/es\\\/\"},{\"@type\":\"ListItem\",\"position\":2,\"name\":\"Boutique\",\"item\":\"https:\\\/\\\/cyranie.com\\\/boutique\\\/\"},{\"@type\":\"ListItem\",\"position\":3,\"name\":\"Crema de puerro y patata instant\u00e1nea bajo en sodio Ref.: Z231\"}]},{\"@type\":\"WebSite\",\"@id\":\"https:\\\/\\\/cyranie.com\\\/es\\\/#website\",\"url\":\"https:\\\/\\\/cyranie.com\\\/es\\\/\",\"name\":\"Cyranie\",\"description\":\"Nourrir avec plaisir\",\"potentialAction\":[{\"@type\":\"SearchAction\",\"target\":{\"@type\":\"EntryPoint\",\"urlTemplate\":\"https:\\\/\\\/cyranie.com\\\/es\\\/?s={search_term_string}\"},\"query-input\":{\"@type\":\"PropertyValueSpecification\",\"valueRequired\":true,\"valueName\":\"search_term_string\"}}],\"inLanguage\":\"es\"}]}<\/script>\n<!-- \/ Yoast SEO plugin. -->","yoast_head_json":{"title":"Crema de puerro y patata instant\u00e1nea bajo en sodio Ref.: Z231 - Cyranie","robots":{"index":"index","follow":"follow","max-snippet":"max-snippet:-1","max-image-preview":"max-image-preview:large","max-video-preview":"max-video-preview:-1"},"canonical":"https:\/\/cyranie.com\/es\/produit\/crema-de-puerro-y-papa-instantanea-bajo-en-sodio-ref-z231\/","og_locale":"es_ES","og_type":"article","og_title":"Crema de puerro y patata instant\u00e1nea bajo en sodio Ref.: Z231 - Cyranie","og_description":"Muy apreciados como entrante, nuestras sopas se reconstituyen con la simple adici\u00f3n de agua hirviendo. Tienen una textura suave y son muy sabrosas.","og_url":"https:\/\/cyranie.com\/es\/produit\/crema-de-puerro-y-papa-instantanea-bajo-en-sodio-ref-z231\/","og_site_name":"Cyranie","article_modified_time":"2021-02-23T09:41:22+00:00","og_image":[{"width":1500,"height":1000,"url":"https:\/\/cyranie.com\/wp-content\/uploads\/2019\/12\/Cyranie-regime-adapte-veloute-poireau-pommes-de-terre-hyposode-fiche-produit.jpg","type":"image\/jpeg"}],"twitter_card":"summary_large_image","schema":{"@context":"https:\/\/schema.org","@graph":[{"@type":"WebPage","@id":"https:\/\/cyranie.com\/es\/produit\/crema-de-puerro-y-papa-instantanea-bajo-en-sodio-ref-z231\/","url":"https:\/\/cyranie.com\/es\/produit\/crema-de-puerro-y-papa-instantanea-bajo-en-sodio-ref-z231\/","name":"Crema de puerro y patata instant\u00e1nea bajo en sodio Ref.: Z231 - Cyranie","isPartOf":{"@id":"https:\/\/cyranie.com\/es\/#website"},"primaryImageOfPage":{"@id":"https:\/\/cyranie.com\/es\/produit\/crema-de-puerro-y-papa-instantanea-bajo-en-sodio-ref-z231\/#primaryimage"},"image":{"@id":"https:\/\/cyranie.com\/es\/produit\/crema-de-puerro-y-papa-instantanea-bajo-en-sodio-ref-z231\/#primaryimage"},"thumbnailUrl":"https:\/\/cyranie.com\/wp-content\/uploads\/2019\/12\/Cyranie-regime-adapte-veloute-poireau-pommes-de-terre-hyposode-fiche-produit.jpg","datePublished":"2019-12-04T09:59:50+00:00","dateModified":"2021-02-23T09:41:22+00:00","breadcrumb":{"@id":"https:\/\/cyranie.com\/es\/produit\/crema-de-puerro-y-papa-instantanea-bajo-en-sodio-ref-z231\/#breadcrumb"},"inLanguage":"es","potentialAction":[{"@type":"ReadAction","target":["https:\/\/cyranie.com\/es\/produit\/crema-de-puerro-y-papa-instantanea-bajo-en-sodio-ref-z231\/"]}]},{"@type":"ImageObject","inLanguage":"es","@id":"https:\/\/cyranie.com\/es\/produit\/crema-de-puerro-y-papa-instantanea-bajo-en-sodio-ref-z231\/#primaryimage","url":"https:\/\/cyranie.com\/wp-content\/uploads\/2019\/12\/Cyranie-regime-adapte-veloute-poireau-pommes-de-terre-hyposode-fiche-produit.jpg","contentUrl":"https:\/\/cyranie.com\/wp-content\/uploads\/2019\/12\/Cyranie-regime-adapte-veloute-poireau-pommes-de-terre-hyposode-fiche-produit.jpg","width":1500,"height":1000},{"@type":"BreadcrumbList","@id":"https:\/\/cyranie.com\/es\/produit\/crema-de-puerro-y-papa-instantanea-bajo-en-sodio-ref-z231\/#breadcrumb","itemListElement":[{"@type":"ListItem","position":1,"name":"Accueil","item":"https:\/\/cyranie.com\/es\/"},{"@type":"ListItem","position":2,"name":"Boutique","item":"https:\/\/cyranie.com\/boutique\/"},{"@type":"ListItem","position":3,"name":"Crema de puerro y patata instant\u00e1nea bajo en sodio Ref.: Z231"}]},{"@type":"WebSite","@id":"https:\/\/cyranie.com\/es\/#website","url":"https:\/\/cyranie.com\/es\/","name":"Cyranie","description":"Nourrir avec plaisir","potentialAction":[{"@type":"SearchAction","target":{"@type":"EntryPoint","urlTemplate":"https:\/\/cyranie.com\/es\/?s={search_term_string}"},"query-input":{"@type":"PropertyValueSpecification","valueRequired":true,"valueName":"search_term_string"}}],"inLanguage":"es"}]}},"_links":{"self":[{"href":"https:\/\/cyranie.com\/es\/wp-json\/wp\/v2\/product\/5685","targetHints":{"allow":["GET"]}}],"collection":[{"href":"https:\/\/cyranie.com\/es\/wp-json\/wp\/v2\/product"}],"about":[{"href":"https:\/\/cyranie.com\/es\/wp-json\/wp\/v2\/types\/product"}],"version-history":[{"count":0,"href":"https:\/\/cyranie.com\/es\/wp-json\/wp\/v2\/product\/5685\/revisions"}],"wp:featuredmedia":[{"embeddable":true,"href":"https:\/\/cyranie.com\/es\/wp-json\/wp\/v2\/media\/5686"}],"wp:attachment":[{"href":"https:\/\/cyranie.com\/es\/wp-json\/wp\/v2\/media?parent=5685"}],"wp:term":[{"taxonomy":"product_brand","embeddable":true,"href":"https:\/\/cyranie.com\/es\/wp-json\/wp\/v2\/product_brand?post=5685"},{"taxonomy":"product_cat","embeddable":true,"href":"https:\/\/cyranie.com\/es\/wp-json\/wp\/v2\/product_cat?post=5685"},{"taxonomy":"product_tag","embeddable":true,"href":"https:\/\/cyranie.com\/es\/wp-json\/wp\/v2\/product_tag?post=5685"}],"curies":[{"name":"wp","href":"https:\/\/api.w.org\/{rel}","templated":true}]}}