{"id":5803,"date":"2019-12-04T15:24:37","date_gmt":"2019-12-04T14:24:37","guid":{"rendered":"https:\/\/cyranie.com\/produit\/postre-edulcorado-en-frio-sabor-cafe-ref-d277\/"},"modified":"2021-02-05T15:39:36","modified_gmt":"2021-02-05T14:39:36","slug":"postre-edulcorado-en-frio-sabor-cafe-ref-d277","status":"publish","type":"product","link":"https:\/\/cyranie.com\/es\/produit\/postre-edulcorado-en-frio-sabor-cafe-ref-d277\/","title":{"rendered":"Postre edulcorado en fr\u00edo sabor caf\u00e9 Ref.: D277"},"content":{"rendered":"<p>Ingredientes<\/p>\n<p>Maltodextrina de ma\u00edz, gelificante: alginato de sodio, caf\u00e9 (6%), espesante: carragenina, edulcorante: aspartamo, almid\u00f3n de patata modificado, colorante: caramelo E150c, aroma, aceite de girasol.<\/p>\n<p>Contiene una fuente de fenilalanina.<\/p>\n","protected":false},"excerpt":{"rendered":"<p><img decoding=\"async\" class=\"alignnone wp-image-681\" src=\"http:\/\/cyranie.com\/wp-content\/uploads\/2019\/09\/logo-dietexcy.png\" alt=\"\" width=\"161\" height=\"50\" \/><\/p>\n<p>Hemos seleccionado en una versi\u00f3n edulcorada muchos sabores, desde los m\u00e1s cl\u00e1sicos hasta los m\u00e1s afrutados. Se aplican en leche fr\u00eda lo que facilita su uso directamente en las plantas, por parte del servicio de atenci\u00f3n.<\/p>\n<p>&nbsp;<\/p>\n","protected":false},"featured_media":5804,"template":"","meta":{"footnotes":""},"product_brand":[],"product_cat":[119,116],"product_tag":[],"class_list":{"0":"post-5803","1":"product","2":"type-product","3":"status-publish","4":"has-post-thumbnail","6":"product_cat-gamme-edulcoree-es","7":"product_cat-regimes-adaptes-es","9":"first","10":"instock","11":"sold-individually","12":"shipping-taxable","13":"product-type-simple"},"yoast_head":"<!-- This site is optimized with the Yoast SEO plugin v27.3 - https:\/\/yoast.com\/product\/yoast-seo-wordpress\/ -->\n<title>Postre edulcorado en fr\u00edo sabor caf\u00e9 Ref.: D277 - Cyranie<\/title>\n<meta name=\"robots\" content=\"index, follow, max-snippet:-1, max-image-preview:large, max-video-preview:-1\" \/>\n<link rel=\"canonical\" href=\"https:\/\/cyranie.com\/es\/produit\/postre-edulcorado-en-frio-sabor-cafe-ref-d277\/\" \/>\n<meta property=\"og:locale\" content=\"es_ES\" \/>\n<meta property=\"og:type\" content=\"article\" \/>\n<meta property=\"og:title\" content=\"Postre edulcorado en fr\u00edo sabor caf\u00e9 Ref.: D277 - Cyranie\" \/>\n<meta property=\"og:description\" content=\"Hemos seleccionado en una versi\u00f3n edulcorada muchos sabores, desde los m\u00e1s cl\u00e1sicos hasta los m\u00e1s afrutados. Se aplican en leche fr\u00eda lo que facilita su uso directamente en las plantas, por parte del servicio de atenci\u00f3n.  &nbsp;\" \/>\n<meta property=\"og:url\" content=\"https:\/\/cyranie.com\/es\/produit\/postre-edulcorado-en-frio-sabor-cafe-ref-d277\/\" \/>\n<meta property=\"og:site_name\" content=\"Cyranie\" \/>\n<meta property=\"article:modified_time\" content=\"2021-02-05T14:39:36+00:00\" \/>\n<meta property=\"og:image\" content=\"https:\/\/cyranie.com\/wp-content\/uploads\/2019\/12\/Cyranie-regimes-adaptes-entremet-edulcore-a-froid-cafe-fiche-produit.jpg\" \/>\n\t<meta property=\"og:image:width\" content=\"1000\" \/>\n\t<meta property=\"og:image:height\" content=\"666\" \/>\n\t<meta property=\"og:image:type\" content=\"image\/jpeg\" \/>\n<meta name=\"twitter:card\" content=\"summary_large_image\" \/>\n<script type=\"application\/ld+json\" class=\"yoast-schema-graph\">{\"@context\":\"https:\\\/\\\/schema.org\",\"@graph\":[{\"@type\":\"WebPage\",\"@id\":\"https:\\\/\\\/cyranie.com\\\/es\\\/produit\\\/postre-edulcorado-en-frio-sabor-cafe-ref-d277\\\/\",\"url\":\"https:\\\/\\\/cyranie.com\\\/es\\\/produit\\\/postre-edulcorado-en-frio-sabor-cafe-ref-d277\\\/\",\"name\":\"Postre edulcorado en fr\u00edo sabor caf\u00e9 Ref.: D277 - Cyranie\",\"isPartOf\":{\"@id\":\"https:\\\/\\\/cyranie.com\\\/es\\\/#website\"},\"primaryImageOfPage\":{\"@id\":\"https:\\\/\\\/cyranie.com\\\/es\\\/produit\\\/postre-edulcorado-en-frio-sabor-cafe-ref-d277\\\/#primaryimage\"},\"image\":{\"@id\":\"https:\\\/\\\/cyranie.com\\\/es\\\/produit\\\/postre-edulcorado-en-frio-sabor-cafe-ref-d277\\\/#primaryimage\"},\"thumbnailUrl\":\"https:\\\/\\\/cyranie.com\\\/wp-content\\\/uploads\\\/2019\\\/12\\\/Cyranie-regimes-adaptes-entremet-edulcore-a-froid-cafe-fiche-produit.jpg\",\"datePublished\":\"2019-12-04T14:24:37+00:00\",\"dateModified\":\"2021-02-05T14:39:36+00:00\",\"breadcrumb\":{\"@id\":\"https:\\\/\\\/cyranie.com\\\/es\\\/produit\\\/postre-edulcorado-en-frio-sabor-cafe-ref-d277\\\/#breadcrumb\"},\"inLanguage\":\"es\",\"potentialAction\":[{\"@type\":\"ReadAction\",\"target\":[\"https:\\\/\\\/cyranie.com\\\/es\\\/produit\\\/postre-edulcorado-en-frio-sabor-cafe-ref-d277\\\/\"]}]},{\"@type\":\"ImageObject\",\"inLanguage\":\"es\",\"@id\":\"https:\\\/\\\/cyranie.com\\\/es\\\/produit\\\/postre-edulcorado-en-frio-sabor-cafe-ref-d277\\\/#primaryimage\",\"url\":\"https:\\\/\\\/cyranie.com\\\/wp-content\\\/uploads\\\/2019\\\/12\\\/Cyranie-regimes-adaptes-entremet-edulcore-a-froid-cafe-fiche-produit.jpg\",\"contentUrl\":\"https:\\\/\\\/cyranie.com\\\/wp-content\\\/uploads\\\/2019\\\/12\\\/Cyranie-regimes-adaptes-entremet-edulcore-a-froid-cafe-fiche-produit.jpg\",\"width\":1000,\"height\":666},{\"@type\":\"BreadcrumbList\",\"@id\":\"https:\\\/\\\/cyranie.com\\\/es\\\/produit\\\/postre-edulcorado-en-frio-sabor-cafe-ref-d277\\\/#breadcrumb\",\"itemListElement\":[{\"@type\":\"ListItem\",\"position\":1,\"name\":\"Accueil\",\"item\":\"https:\\\/\\\/cyranie.com\\\/es\\\/\"},{\"@type\":\"ListItem\",\"position\":2,\"name\":\"Boutique\",\"item\":\"https:\\\/\\\/cyranie.com\\\/boutique\\\/\"},{\"@type\":\"ListItem\",\"position\":3,\"name\":\"Postre edulcorado en fr\u00edo sabor caf\u00e9 Ref.: D277\"}]},{\"@type\":\"WebSite\",\"@id\":\"https:\\\/\\\/cyranie.com\\\/es\\\/#website\",\"url\":\"https:\\\/\\\/cyranie.com\\\/es\\\/\",\"name\":\"Cyranie\",\"description\":\"Nourrir avec plaisir\",\"potentialAction\":[{\"@type\":\"SearchAction\",\"target\":{\"@type\":\"EntryPoint\",\"urlTemplate\":\"https:\\\/\\\/cyranie.com\\\/es\\\/?s={search_term_string}\"},\"query-input\":{\"@type\":\"PropertyValueSpecification\",\"valueRequired\":true,\"valueName\":\"search_term_string\"}}],\"inLanguage\":\"es\"}]}<\/script>\n<!-- \/ Yoast SEO plugin. -->","yoast_head_json":{"title":"Postre edulcorado en fr\u00edo sabor caf\u00e9 Ref.: D277 - Cyranie","robots":{"index":"index","follow":"follow","max-snippet":"max-snippet:-1","max-image-preview":"max-image-preview:large","max-video-preview":"max-video-preview:-1"},"canonical":"https:\/\/cyranie.com\/es\/produit\/postre-edulcorado-en-frio-sabor-cafe-ref-d277\/","og_locale":"es_ES","og_type":"article","og_title":"Postre edulcorado en fr\u00edo sabor caf\u00e9 Ref.: D277 - Cyranie","og_description":"Hemos seleccionado en una versi\u00f3n edulcorada muchos sabores, desde los m\u00e1s cl\u00e1sicos hasta los m\u00e1s afrutados. Se aplican en leche fr\u00eda lo que facilita su uso directamente en las plantas, por parte del servicio de atenci\u00f3n.  &nbsp;","og_url":"https:\/\/cyranie.com\/es\/produit\/postre-edulcorado-en-frio-sabor-cafe-ref-d277\/","og_site_name":"Cyranie","article_modified_time":"2021-02-05T14:39:36+00:00","og_image":[{"width":1000,"height":666,"url":"https:\/\/cyranie.com\/wp-content\/uploads\/2019\/12\/Cyranie-regimes-adaptes-entremet-edulcore-a-froid-cafe-fiche-produit.jpg","type":"image\/jpeg"}],"twitter_card":"summary_large_image","schema":{"@context":"https:\/\/schema.org","@graph":[{"@type":"WebPage","@id":"https:\/\/cyranie.com\/es\/produit\/postre-edulcorado-en-frio-sabor-cafe-ref-d277\/","url":"https:\/\/cyranie.com\/es\/produit\/postre-edulcorado-en-frio-sabor-cafe-ref-d277\/","name":"Postre edulcorado en fr\u00edo sabor caf\u00e9 Ref.: D277 - Cyranie","isPartOf":{"@id":"https:\/\/cyranie.com\/es\/#website"},"primaryImageOfPage":{"@id":"https:\/\/cyranie.com\/es\/produit\/postre-edulcorado-en-frio-sabor-cafe-ref-d277\/#primaryimage"},"image":{"@id":"https:\/\/cyranie.com\/es\/produit\/postre-edulcorado-en-frio-sabor-cafe-ref-d277\/#primaryimage"},"thumbnailUrl":"https:\/\/cyranie.com\/wp-content\/uploads\/2019\/12\/Cyranie-regimes-adaptes-entremet-edulcore-a-froid-cafe-fiche-produit.jpg","datePublished":"2019-12-04T14:24:37+00:00","dateModified":"2021-02-05T14:39:36+00:00","breadcrumb":{"@id":"https:\/\/cyranie.com\/es\/produit\/postre-edulcorado-en-frio-sabor-cafe-ref-d277\/#breadcrumb"},"inLanguage":"es","potentialAction":[{"@type":"ReadAction","target":["https:\/\/cyranie.com\/es\/produit\/postre-edulcorado-en-frio-sabor-cafe-ref-d277\/"]}]},{"@type":"ImageObject","inLanguage":"es","@id":"https:\/\/cyranie.com\/es\/produit\/postre-edulcorado-en-frio-sabor-cafe-ref-d277\/#primaryimage","url":"https:\/\/cyranie.com\/wp-content\/uploads\/2019\/12\/Cyranie-regimes-adaptes-entremet-edulcore-a-froid-cafe-fiche-produit.jpg","contentUrl":"https:\/\/cyranie.com\/wp-content\/uploads\/2019\/12\/Cyranie-regimes-adaptes-entremet-edulcore-a-froid-cafe-fiche-produit.jpg","width":1000,"height":666},{"@type":"BreadcrumbList","@id":"https:\/\/cyranie.com\/es\/produit\/postre-edulcorado-en-frio-sabor-cafe-ref-d277\/#breadcrumb","itemListElement":[{"@type":"ListItem","position":1,"name":"Accueil","item":"https:\/\/cyranie.com\/es\/"},{"@type":"ListItem","position":2,"name":"Boutique","item":"https:\/\/cyranie.com\/boutique\/"},{"@type":"ListItem","position":3,"name":"Postre edulcorado en fr\u00edo sabor caf\u00e9 Ref.: D277"}]},{"@type":"WebSite","@id":"https:\/\/cyranie.com\/es\/#website","url":"https:\/\/cyranie.com\/es\/","name":"Cyranie","description":"Nourrir avec plaisir","potentialAction":[{"@type":"SearchAction","target":{"@type":"EntryPoint","urlTemplate":"https:\/\/cyranie.com\/es\/?s={search_term_string}"},"query-input":{"@type":"PropertyValueSpecification","valueRequired":true,"valueName":"search_term_string"}}],"inLanguage":"es"}]}},"_links":{"self":[{"href":"https:\/\/cyranie.com\/es\/wp-json\/wp\/v2\/product\/5803","targetHints":{"allow":["GET"]}}],"collection":[{"href":"https:\/\/cyranie.com\/es\/wp-json\/wp\/v2\/product"}],"about":[{"href":"https:\/\/cyranie.com\/es\/wp-json\/wp\/v2\/types\/product"}],"version-history":[{"count":0,"href":"https:\/\/cyranie.com\/es\/wp-json\/wp\/v2\/product\/5803\/revisions"}],"wp:featuredmedia":[{"embeddable":true,"href":"https:\/\/cyranie.com\/es\/wp-json\/wp\/v2\/media\/5804"}],"wp:attachment":[{"href":"https:\/\/cyranie.com\/es\/wp-json\/wp\/v2\/media?parent=5803"}],"wp:term":[{"taxonomy":"product_brand","embeddable":true,"href":"https:\/\/cyranie.com\/es\/wp-json\/wp\/v2\/product_brand?post=5803"},{"taxonomy":"product_cat","embeddable":true,"href":"https:\/\/cyranie.com\/es\/wp-json\/wp\/v2\/product_cat?post=5803"},{"taxonomy":"product_tag","embeddable":true,"href":"https:\/\/cyranie.com\/es\/wp-json\/wp\/v2\/product_tag?post=5803"}],"curies":[{"name":"wp","href":"https:\/\/api.w.org\/{rel}","templated":true}]}}