{"id":5885,"date":"2019-12-06T09:17:41","date_gmt":"2019-12-06T08:17:41","guid":{"rendered":"https:\/\/cyranie.com\/produit\/cyraline-instantanea-azucarada-sabor-vainilla-ref-y490s\/"},"modified":"2021-02-23T09:37:17","modified_gmt":"2021-02-23T08:37:17","slug":"cyraline-instantanea-azucarada-sabor-vainilla-ref-y490s","status":"publish","type":"product","link":"https:\/\/cyranie.com\/es\/produit\/cyraline-instantanea-azucarada-sabor-vainilla-ref-y490s\/","title":{"rendered":"Cyraline instant\u00e1nea azucarada sabor vainilla Ref.: Y490S"},"content":{"rendered":"<p>Ingredientes<\/p>\n<p>Harinas de 5 cereales 59% (trigo, arroz, ma\u00edz, cebada, avena), az\u00facar, dextrosa, prote\u00edna soluble de trigo, aroma, extracto de c\u00e1rtamo, vitaminas (C, niacina, E, \u00e1cido pantot\u00e9nico, B6, riboflavina, tiamina, A, \u00e1cido f\u00f3lico, biotina, D3, B12), minerales (zinc, hierro, cobre, manganeso, yodo, selenio), maltodextrinas.<\/p>\n","protected":false},"excerpt":{"rendered":"<p><a href=\"http:\/\/cyranie.com\/wp-content\/uploads\/2019\/09\/logo-nutexcy.png\"><img decoding=\"async\" class=\"alignnone wp-image-683\" src=\"http:\/\/cyranie.com\/wp-content\/uploads\/2019\/09\/logo-nutexcy.png\" alt=\"\" width=\"183\" height=\"53\" srcset=\"https:\/\/cyranie.com\/wp-content\/uploads\/2019\/09\/logo-nutexcy-200x58.png 200w, https:\/\/cyranie.com\/wp-content\/uploads\/2019\/09\/logo-nutexcy-300x87.png 300w, https:\/\/cyranie.com\/wp-content\/uploads\/2019\/09\/logo-nutexcy-400x116.png 400w, https:\/\/cyranie.com\/wp-content\/uploads\/2019\/09\/logo-nutexcy-500x145.png 500w, https:\/\/cyranie.com\/wp-content\/uploads\/2019\/09\/logo-nutexcy-600x174.png 600w, https:\/\/cyranie.com\/wp-content\/uploads\/2019\/09\/logo-nutexcy-700x203.png 700w, https:\/\/cyranie.com\/wp-content\/uploads\/2019\/09\/logo-nutexcy-768x222.png 768w, https:\/\/cyranie.com\/wp-content\/uploads\/2019\/09\/logo-nutexcy-800x232.png 800w, https:\/\/cyranie.com\/wp-content\/uploads\/2019\/09\/logo-nutexcy.png 929w\" sizes=\"(max-width: 183px) 100vw, 183px\" \/><\/a><\/p>\n<p>Con cereales, las cyralines son papillas que se pueden consumir en el desayuno o como refrigerio. Su textura est\u00e1 adaptada para personas que padecen trastornos de la degluci\u00f3n de liqu\u00eddos y \/ o masticaci\u00f3n. Su composici\u00f3n est\u00e1 conforme con la reglementaci\u00f3n de alimentos diet\u00e9ticos destinados a fines m\u00e9dicos especiales. La gama edulcorada es formulada en el marco de un aporte controlado en az\u00facar.<\/p>\n<div class=\"parfums\" style=\"display: inline-block;\">\n<div class=\"is_cadre_prod_img\"><a href=\"https:\/\/cyranie.com\/es\/produit\/cyraline-instantanea-azucarada-sabor-miel-avellana-y491s\/\"><img decoding=\"async\" src=\"https:\/\/cyranie.com\/wp-content\/uploads\/2020\/02\/MIEL-NOISETTE.png\" \/> Miel Avellana<\/a><\/div>\n<div class=\"is_cadre_prod_img\"><a href=\"https:\/\/cyranie.com\/es\/produit\/cyraline-instantanea-azucarada-sabor-vainilla-ref-y490s\/\"><img decoding=\"async\" src=\"https:\/\/cyranie.com\/wp-content\/uploads\/2020\/02\/VANILLE.png\" \/> Vainilla<\/a><\/div>\n<div class=\"is_cadre_prod_img\"><a href=\"https:\/\/cyranie.com\/es\/produit\/cyraline-instantanea-azucarada-sabor-chocolate-ref-y489s\/\"><img decoding=\"async\" src=\"https:\/\/cyranie.com\/wp-content\/uploads\/2020\/02\/CHOCOLAT.png\" \/> Chocolate<\/a><\/div>\n<div class=\"is_cadre_prod_img\"><a href=\"https:\/\/cyranie.com\/es\/produit\/cyraline-instantanea-azucarada-sabor-galleta-ref-y488s\/\"><img decoding=\"async\" src=\"https:\/\/cyranie.com\/wp-content\/uploads\/2020\/02\/BISCUIT.png\" \/> Galleta<\/a><\/div>\n<div class=\"is_cadre_prod_img\"><a href=\"https:\/\/cyranie.com\/es\/produit\/cyraline-instantanea-azucarada-sabor-natural-ref-y487s\/\"><img decoding=\"async\" src=\"https:\/\/cyranie.com\/wp-content\/uploads\/2020\/02\/5-C\u00c9R\u00c9ALES.png\" \/> Sabor natural<\/a><\/div>\n<\/div>\n","protected":false},"featured_media":5886,"template":"","meta":{"footnotes":""},"product_brand":[],"product_cat":[121,120],"product_tag":[],"class_list":{"0":"post-5885","1":"product","2":"type-product","3":"status-publish","4":"has-post-thumbnail","6":"product_cat-deglutition-es","7":"product_cat-texture-adaptee-es","9":"first","10":"instock","11":"sold-individually","12":"shipping-taxable","13":"product-type-simple"},"yoast_head":"<!-- This site is optimized with the Yoast SEO plugin v27.3 - https:\/\/yoast.com\/product\/yoast-seo-wordpress\/ -->\n<title>Cyraline instant\u00e1nea azucarada sabor vainilla Ref.: Y490S - Cyranie<\/title>\n<meta name=\"robots\" content=\"index, follow, max-snippet:-1, max-image-preview:large, max-video-preview:-1\" \/>\n<link rel=\"canonical\" href=\"https:\/\/cyranie.com\/es\/produit\/cyraline-instantanea-azucarada-sabor-vainilla-ref-y490s\/\" \/>\n<meta property=\"og:locale\" content=\"es_ES\" \/>\n<meta property=\"og:type\" content=\"article\" \/>\n<meta property=\"og:title\" content=\"Cyraline instant\u00e1nea azucarada sabor vainilla Ref.: Y490S - Cyranie\" \/>\n<meta property=\"og:description\" content=\"Con cereales, las cyralines son papillas que se pueden consumir en el desayuno o como refrigerio. Su textura est\u00e1 adaptada para personas que padecen trastornos de la degluci\u00f3n de liqu\u00eddos y \/ o masticaci\u00f3n. Su composici\u00f3n est\u00e1 conforme con la reglementaci\u00f3n de alimentos diet\u00e9ticos destinados a fines m\u00e9dicos especiales. La gama edulcorada es formulada en el marco de un aporte controlado en az\u00facar.    Miel Avellana  Vainilla  Chocolate  Galleta  Sabor natural\" \/>\n<meta property=\"og:url\" content=\"https:\/\/cyranie.com\/es\/produit\/cyraline-instantanea-azucarada-sabor-vainilla-ref-y490s\/\" \/>\n<meta property=\"og:site_name\" content=\"Cyranie\" \/>\n<meta property=\"article:modified_time\" content=\"2021-02-23T08:37:17+00:00\" \/>\n<meta property=\"og:image\" content=\"https:\/\/cyranie.com\/wp-content\/uploads\/2019\/12\/Cyranie-texture-adaptee-Cyraline-5-cereales-instant-vanille-fiche-produit.jpg\" \/>\n\t<meta property=\"og:image:width\" content=\"1000\" \/>\n\t<meta property=\"og:image:height\" content=\"666\" \/>\n\t<meta property=\"og:image:type\" content=\"image\/jpeg\" \/>\n<meta name=\"twitter:card\" content=\"summary_large_image\" \/>\n<script type=\"application\/ld+json\" class=\"yoast-schema-graph\">{\"@context\":\"https:\\\/\\\/schema.org\",\"@graph\":[{\"@type\":\"WebPage\",\"@id\":\"https:\\\/\\\/cyranie.com\\\/es\\\/produit\\\/cyraline-instantanea-azucarada-sabor-vainilla-ref-y490s\\\/\",\"url\":\"https:\\\/\\\/cyranie.com\\\/es\\\/produit\\\/cyraline-instantanea-azucarada-sabor-vainilla-ref-y490s\\\/\",\"name\":\"Cyraline instant\u00e1nea azucarada sabor vainilla Ref.: Y490S - Cyranie\",\"isPartOf\":{\"@id\":\"https:\\\/\\\/cyranie.com\\\/es\\\/#website\"},\"primaryImageOfPage\":{\"@id\":\"https:\\\/\\\/cyranie.com\\\/es\\\/produit\\\/cyraline-instantanea-azucarada-sabor-vainilla-ref-y490s\\\/#primaryimage\"},\"image\":{\"@id\":\"https:\\\/\\\/cyranie.com\\\/es\\\/produit\\\/cyraline-instantanea-azucarada-sabor-vainilla-ref-y490s\\\/#primaryimage\"},\"thumbnailUrl\":\"https:\\\/\\\/cyranie.com\\\/wp-content\\\/uploads\\\/2019\\\/12\\\/Cyranie-texture-adaptee-Cyraline-5-cereales-instant-vanille-fiche-produit.jpg\",\"datePublished\":\"2019-12-06T08:17:41+00:00\",\"dateModified\":\"2021-02-23T08:37:17+00:00\",\"breadcrumb\":{\"@id\":\"https:\\\/\\\/cyranie.com\\\/es\\\/produit\\\/cyraline-instantanea-azucarada-sabor-vainilla-ref-y490s\\\/#breadcrumb\"},\"inLanguage\":\"es\",\"potentialAction\":[{\"@type\":\"ReadAction\",\"target\":[\"https:\\\/\\\/cyranie.com\\\/es\\\/produit\\\/cyraline-instantanea-azucarada-sabor-vainilla-ref-y490s\\\/\"]}]},{\"@type\":\"ImageObject\",\"inLanguage\":\"es\",\"@id\":\"https:\\\/\\\/cyranie.com\\\/es\\\/produit\\\/cyraline-instantanea-azucarada-sabor-vainilla-ref-y490s\\\/#primaryimage\",\"url\":\"https:\\\/\\\/cyranie.com\\\/wp-content\\\/uploads\\\/2019\\\/12\\\/Cyranie-texture-adaptee-Cyraline-5-cereales-instant-vanille-fiche-produit.jpg\",\"contentUrl\":\"https:\\\/\\\/cyranie.com\\\/wp-content\\\/uploads\\\/2019\\\/12\\\/Cyranie-texture-adaptee-Cyraline-5-cereales-instant-vanille-fiche-produit.jpg\",\"width\":1000,\"height\":666},{\"@type\":\"BreadcrumbList\",\"@id\":\"https:\\\/\\\/cyranie.com\\\/es\\\/produit\\\/cyraline-instantanea-azucarada-sabor-vainilla-ref-y490s\\\/#breadcrumb\",\"itemListElement\":[{\"@type\":\"ListItem\",\"position\":1,\"name\":\"Accueil\",\"item\":\"https:\\\/\\\/cyranie.com\\\/es\\\/\"},{\"@type\":\"ListItem\",\"position\":2,\"name\":\"Boutique\",\"item\":\"https:\\\/\\\/cyranie.com\\\/boutique\\\/\"},{\"@type\":\"ListItem\",\"position\":3,\"name\":\"Cyraline instant\u00e1nea azucarada sabor vainilla Ref.: Y490S\"}]},{\"@type\":\"WebSite\",\"@id\":\"https:\\\/\\\/cyranie.com\\\/es\\\/#website\",\"url\":\"https:\\\/\\\/cyranie.com\\\/es\\\/\",\"name\":\"Cyranie\",\"description\":\"Nourrir avec plaisir\",\"potentialAction\":[{\"@type\":\"SearchAction\",\"target\":{\"@type\":\"EntryPoint\",\"urlTemplate\":\"https:\\\/\\\/cyranie.com\\\/es\\\/?s={search_term_string}\"},\"query-input\":{\"@type\":\"PropertyValueSpecification\",\"valueRequired\":true,\"valueName\":\"search_term_string\"}}],\"inLanguage\":\"es\"}]}<\/script>\n<!-- \/ Yoast SEO plugin. -->","yoast_head_json":{"title":"Cyraline instant\u00e1nea azucarada sabor vainilla Ref.: Y490S - Cyranie","robots":{"index":"index","follow":"follow","max-snippet":"max-snippet:-1","max-image-preview":"max-image-preview:large","max-video-preview":"max-video-preview:-1"},"canonical":"https:\/\/cyranie.com\/es\/produit\/cyraline-instantanea-azucarada-sabor-vainilla-ref-y490s\/","og_locale":"es_ES","og_type":"article","og_title":"Cyraline instant\u00e1nea azucarada sabor vainilla Ref.: Y490S - Cyranie","og_description":"Con cereales, las cyralines son papillas que se pueden consumir en el desayuno o como refrigerio. Su textura est\u00e1 adaptada para personas que padecen trastornos de la degluci\u00f3n de liqu\u00eddos y \/ o masticaci\u00f3n. Su composici\u00f3n est\u00e1 conforme con la reglementaci\u00f3n de alimentos diet\u00e9ticos destinados a fines m\u00e9dicos especiales. La gama edulcorada es formulada en el marco de un aporte controlado en az\u00facar.    Miel Avellana  Vainilla  Chocolate  Galleta  Sabor natural","og_url":"https:\/\/cyranie.com\/es\/produit\/cyraline-instantanea-azucarada-sabor-vainilla-ref-y490s\/","og_site_name":"Cyranie","article_modified_time":"2021-02-23T08:37:17+00:00","og_image":[{"width":1000,"height":666,"url":"https:\/\/cyranie.com\/wp-content\/uploads\/2019\/12\/Cyranie-texture-adaptee-Cyraline-5-cereales-instant-vanille-fiche-produit.jpg","type":"image\/jpeg"}],"twitter_card":"summary_large_image","schema":{"@context":"https:\/\/schema.org","@graph":[{"@type":"WebPage","@id":"https:\/\/cyranie.com\/es\/produit\/cyraline-instantanea-azucarada-sabor-vainilla-ref-y490s\/","url":"https:\/\/cyranie.com\/es\/produit\/cyraline-instantanea-azucarada-sabor-vainilla-ref-y490s\/","name":"Cyraline instant\u00e1nea azucarada sabor vainilla Ref.: Y490S - Cyranie","isPartOf":{"@id":"https:\/\/cyranie.com\/es\/#website"},"primaryImageOfPage":{"@id":"https:\/\/cyranie.com\/es\/produit\/cyraline-instantanea-azucarada-sabor-vainilla-ref-y490s\/#primaryimage"},"image":{"@id":"https:\/\/cyranie.com\/es\/produit\/cyraline-instantanea-azucarada-sabor-vainilla-ref-y490s\/#primaryimage"},"thumbnailUrl":"https:\/\/cyranie.com\/wp-content\/uploads\/2019\/12\/Cyranie-texture-adaptee-Cyraline-5-cereales-instant-vanille-fiche-produit.jpg","datePublished":"2019-12-06T08:17:41+00:00","dateModified":"2021-02-23T08:37:17+00:00","breadcrumb":{"@id":"https:\/\/cyranie.com\/es\/produit\/cyraline-instantanea-azucarada-sabor-vainilla-ref-y490s\/#breadcrumb"},"inLanguage":"es","potentialAction":[{"@type":"ReadAction","target":["https:\/\/cyranie.com\/es\/produit\/cyraline-instantanea-azucarada-sabor-vainilla-ref-y490s\/"]}]},{"@type":"ImageObject","inLanguage":"es","@id":"https:\/\/cyranie.com\/es\/produit\/cyraline-instantanea-azucarada-sabor-vainilla-ref-y490s\/#primaryimage","url":"https:\/\/cyranie.com\/wp-content\/uploads\/2019\/12\/Cyranie-texture-adaptee-Cyraline-5-cereales-instant-vanille-fiche-produit.jpg","contentUrl":"https:\/\/cyranie.com\/wp-content\/uploads\/2019\/12\/Cyranie-texture-adaptee-Cyraline-5-cereales-instant-vanille-fiche-produit.jpg","width":1000,"height":666},{"@type":"BreadcrumbList","@id":"https:\/\/cyranie.com\/es\/produit\/cyraline-instantanea-azucarada-sabor-vainilla-ref-y490s\/#breadcrumb","itemListElement":[{"@type":"ListItem","position":1,"name":"Accueil","item":"https:\/\/cyranie.com\/es\/"},{"@type":"ListItem","position":2,"name":"Boutique","item":"https:\/\/cyranie.com\/boutique\/"},{"@type":"ListItem","position":3,"name":"Cyraline instant\u00e1nea azucarada sabor vainilla Ref.: Y490S"}]},{"@type":"WebSite","@id":"https:\/\/cyranie.com\/es\/#website","url":"https:\/\/cyranie.com\/es\/","name":"Cyranie","description":"Nourrir avec plaisir","potentialAction":[{"@type":"SearchAction","target":{"@type":"EntryPoint","urlTemplate":"https:\/\/cyranie.com\/es\/?s={search_term_string}"},"query-input":{"@type":"PropertyValueSpecification","valueRequired":true,"valueName":"search_term_string"}}],"inLanguage":"es"}]}},"_links":{"self":[{"href":"https:\/\/cyranie.com\/es\/wp-json\/wp\/v2\/product\/5885","targetHints":{"allow":["GET"]}}],"collection":[{"href":"https:\/\/cyranie.com\/es\/wp-json\/wp\/v2\/product"}],"about":[{"href":"https:\/\/cyranie.com\/es\/wp-json\/wp\/v2\/types\/product"}],"version-history":[{"count":0,"href":"https:\/\/cyranie.com\/es\/wp-json\/wp\/v2\/product\/5885\/revisions"}],"wp:featuredmedia":[{"embeddable":true,"href":"https:\/\/cyranie.com\/es\/wp-json\/wp\/v2\/media\/5886"}],"wp:attachment":[{"href":"https:\/\/cyranie.com\/es\/wp-json\/wp\/v2\/media?parent=5885"}],"wp:term":[{"taxonomy":"product_brand","embeddable":true,"href":"https:\/\/cyranie.com\/es\/wp-json\/wp\/v2\/product_brand?post=5885"},{"taxonomy":"product_cat","embeddable":true,"href":"https:\/\/cyranie.com\/es\/wp-json\/wp\/v2\/product_cat?post=5885"},{"taxonomy":"product_tag","embeddable":true,"href":"https:\/\/cyranie.com\/es\/wp-json\/wp\/v2\/product_tag?post=5885"}],"curies":[{"name":"wp","href":"https:\/\/api.w.org\/{rel}","templated":true}]}}