{"id":5891,"date":"2019-12-06T09:27:57","date_gmt":"2019-12-06T08:27:57","guid":{"rendered":"https:\/\/cyranie.com\/produit\/el-espesante-dietgel-ref-blend\/"},"modified":"2021-02-05T14:29:34","modified_gmt":"2021-02-05T13:29:34","slug":"el-espesante-dietgel-ref-blend","status":"publish","type":"product","link":"https:\/\/cyranie.com\/es\/produit\/el-espesante-dietgel-ref-blend\/","title":{"rendered":"El espesante DIETGEL Ref.: BLEND"},"content":{"rendered":"<p>Ingredientes<\/p>\n<p>Maltodextrina, texturizante: goma xantana, edulcorante: eritritol.<\/p>\n","protected":false},"excerpt":{"rendered":"<p><a href=\"http:\/\/cyranie.com\/wp-content\/uploads\/2019\/09\/logo-nutexcy.png\"><img decoding=\"async\" class=\"alignnone wp-image-683\" src=\"http:\/\/cyranie.com\/wp-content\/uploads\/2019\/09\/logo-nutexcy.png\" alt=\"\" width=\"183\" height=\"53\" srcset=\"https:\/\/cyranie.com\/wp-content\/uploads\/2019\/09\/logo-nutexcy-200x58.png 200w, https:\/\/cyranie.com\/wp-content\/uploads\/2019\/09\/logo-nutexcy-300x87.png 300w, https:\/\/cyranie.com\/wp-content\/uploads\/2019\/09\/logo-nutexcy-400x116.png 400w, https:\/\/cyranie.com\/wp-content\/uploads\/2019\/09\/logo-nutexcy-500x145.png 500w, https:\/\/cyranie.com\/wp-content\/uploads\/2019\/09\/logo-nutexcy-600x174.png 600w, https:\/\/cyranie.com\/wp-content\/uploads\/2019\/09\/logo-nutexcy-700x203.png 700w, https:\/\/cyranie.com\/wp-content\/uploads\/2019\/09\/logo-nutexcy-768x222.png 768w, https:\/\/cyranie.com\/wp-content\/uploads\/2019\/09\/logo-nutexcy-800x232.png 800w, https:\/\/cyranie.com\/wp-content\/uploads\/2019\/09\/logo-nutexcy.png 929w\" sizes=\"(max-width: 183px) 100vw, 183px\" \/><\/a><\/p>\n<p>El espesante DIETGEL es un polvo que se disuelve f\u00e1cilmente. Su principal inter\u00e9s reside en que es transparente y tiene un sabor neutro por eso es ideal para espesar r\u00e1pidamente liqu\u00eddos (agua, bebidas, caf\u00e9, t\u00e9, vino &#8230;) y preparaciones alimenticias. El producto es estable en un amplio intervalo de pH y se puede utilizar tanto en fr\u00edo como en caliente. La presencia de goma lo hace resistente a la amilasa salival. Su aporte energ\u00e9tico es inferior al de un espesante a base de almid\u00f3n y 100 g de producto aporta 29 g de fibra. Su composici\u00f3n es conforme a la reglementaci\u00f3n de los productos diet\u00e9ticos destinados a fines medicales especiales.<\/p>\n","protected":false},"featured_media":5893,"template":"","meta":{"footnotes":""},"product_brand":[],"product_cat":[121,120],"product_tag":[],"class_list":{"0":"post-5891","1":"product","2":"type-product","3":"status-publish","4":"has-post-thumbnail","6":"product_cat-deglutition-es","7":"product_cat-texture-adaptee-es","9":"first","10":"instock","11":"sold-individually","12":"shipping-taxable","13":"product-type-simple"},"yoast_head":"<!-- This site is optimized with the Yoast SEO plugin v27.3 - https:\/\/yoast.com\/product\/yoast-seo-wordpress\/ -->\n<title>El espesante DIETGEL Ref.: BLEND - Cyranie<\/title>\n<meta name=\"robots\" content=\"index, follow, max-snippet:-1, max-image-preview:large, max-video-preview:-1\" \/>\n<link rel=\"canonical\" href=\"https:\/\/cyranie.com\/es\/produit\/el-espesante-dietgel-ref-blend\/\" \/>\n<meta property=\"og:locale\" content=\"es_ES\" \/>\n<meta property=\"og:type\" content=\"article\" \/>\n<meta property=\"og:title\" content=\"El espesante DIETGEL Ref.: BLEND - Cyranie\" \/>\n<meta property=\"og:description\" content=\"El espesante DIETGEL es un polvo que se disuelve f\u00e1cilmente. Su principal inter\u00e9s reside en que es transparente y tiene un sabor neutro por eso es ideal para espesar r\u00e1pidamente liqu\u00eddos (agua, bebidas, caf\u00e9, t\u00e9, vino ...) y preparaciones alimenticias. El producto es estable en un amplio intervalo de pH y se puede utilizar tanto en fr\u00edo como en caliente. La presencia de goma lo hace resistente a la amilasa salival. Su aporte energ\u00e9tico es inferior al de un espesante a base de almid\u00f3n y 100 g de producto aporta 29 g de fibra. Su composici\u00f3n es conforme a la reglementaci\u00f3n de los productos diet\u00e9ticos destinados a fines medicales especiales.\" \/>\n<meta property=\"og:url\" content=\"https:\/\/cyranie.com\/es\/produit\/el-espesante-dietgel-ref-blend\/\" \/>\n<meta property=\"og:site_name\" content=\"Cyranie\" \/>\n<meta property=\"article:modified_time\" content=\"2021-02-05T13:29:34+00:00\" \/>\n<meta property=\"og:image\" content=\"https:\/\/cyranie.com\/wp-content\/uploads\/2019\/12\/Cyranie-texture-adaptee-DIETGEL-fiche-produit.jpg\" \/>\n\t<meta property=\"og:image:width\" content=\"1000\" \/>\n\t<meta property=\"og:image:height\" content=\"666\" \/>\n\t<meta property=\"og:image:type\" content=\"image\/jpeg\" \/>\n<meta name=\"twitter:card\" content=\"summary_large_image\" \/>\n<script type=\"application\/ld+json\" class=\"yoast-schema-graph\">{\"@context\":\"https:\\\/\\\/schema.org\",\"@graph\":[{\"@type\":\"WebPage\",\"@id\":\"https:\\\/\\\/cyranie.com\\\/es\\\/produit\\\/el-espesante-dietgel-ref-blend\\\/\",\"url\":\"https:\\\/\\\/cyranie.com\\\/es\\\/produit\\\/el-espesante-dietgel-ref-blend\\\/\",\"name\":\"El espesante DIETGEL Ref.: BLEND - Cyranie\",\"isPartOf\":{\"@id\":\"https:\\\/\\\/cyranie.com\\\/es\\\/#website\"},\"primaryImageOfPage\":{\"@id\":\"https:\\\/\\\/cyranie.com\\\/es\\\/produit\\\/el-espesante-dietgel-ref-blend\\\/#primaryimage\"},\"image\":{\"@id\":\"https:\\\/\\\/cyranie.com\\\/es\\\/produit\\\/el-espesante-dietgel-ref-blend\\\/#primaryimage\"},\"thumbnailUrl\":\"https:\\\/\\\/cyranie.com\\\/wp-content\\\/uploads\\\/2019\\\/12\\\/Cyranie-texture-adaptee-DIETGEL-fiche-produit.jpg\",\"datePublished\":\"2019-12-06T08:27:57+00:00\",\"dateModified\":\"2021-02-05T13:29:34+00:00\",\"breadcrumb\":{\"@id\":\"https:\\\/\\\/cyranie.com\\\/es\\\/produit\\\/el-espesante-dietgel-ref-blend\\\/#breadcrumb\"},\"inLanguage\":\"es\",\"potentialAction\":[{\"@type\":\"ReadAction\",\"target\":[\"https:\\\/\\\/cyranie.com\\\/es\\\/produit\\\/el-espesante-dietgel-ref-blend\\\/\"]}]},{\"@type\":\"ImageObject\",\"inLanguage\":\"es\",\"@id\":\"https:\\\/\\\/cyranie.com\\\/es\\\/produit\\\/el-espesante-dietgel-ref-blend\\\/#primaryimage\",\"url\":\"https:\\\/\\\/cyranie.com\\\/wp-content\\\/uploads\\\/2019\\\/12\\\/Cyranie-texture-adaptee-DIETGEL-fiche-produit.jpg\",\"contentUrl\":\"https:\\\/\\\/cyranie.com\\\/wp-content\\\/uploads\\\/2019\\\/12\\\/Cyranie-texture-adaptee-DIETGEL-fiche-produit.jpg\",\"width\":1000,\"height\":666},{\"@type\":\"BreadcrumbList\",\"@id\":\"https:\\\/\\\/cyranie.com\\\/es\\\/produit\\\/el-espesante-dietgel-ref-blend\\\/#breadcrumb\",\"itemListElement\":[{\"@type\":\"ListItem\",\"position\":1,\"name\":\"Accueil\",\"item\":\"https:\\\/\\\/cyranie.com\\\/es\\\/\"},{\"@type\":\"ListItem\",\"position\":2,\"name\":\"Boutique\",\"item\":\"https:\\\/\\\/cyranie.com\\\/boutique\\\/\"},{\"@type\":\"ListItem\",\"position\":3,\"name\":\"El espesante DIETGEL Ref.: BLEND\"}]},{\"@type\":\"WebSite\",\"@id\":\"https:\\\/\\\/cyranie.com\\\/es\\\/#website\",\"url\":\"https:\\\/\\\/cyranie.com\\\/es\\\/\",\"name\":\"Cyranie\",\"description\":\"Nourrir avec plaisir\",\"potentialAction\":[{\"@type\":\"SearchAction\",\"target\":{\"@type\":\"EntryPoint\",\"urlTemplate\":\"https:\\\/\\\/cyranie.com\\\/es\\\/?s={search_term_string}\"},\"query-input\":{\"@type\":\"PropertyValueSpecification\",\"valueRequired\":true,\"valueName\":\"search_term_string\"}}],\"inLanguage\":\"es\"}]}<\/script>\n<!-- \/ Yoast SEO plugin. -->","yoast_head_json":{"title":"El espesante DIETGEL Ref.: BLEND - Cyranie","robots":{"index":"index","follow":"follow","max-snippet":"max-snippet:-1","max-image-preview":"max-image-preview:large","max-video-preview":"max-video-preview:-1"},"canonical":"https:\/\/cyranie.com\/es\/produit\/el-espesante-dietgel-ref-blend\/","og_locale":"es_ES","og_type":"article","og_title":"El espesante DIETGEL Ref.: BLEND - Cyranie","og_description":"El espesante DIETGEL es un polvo que se disuelve f\u00e1cilmente. Su principal inter\u00e9s reside en que es transparente y tiene un sabor neutro por eso es ideal para espesar r\u00e1pidamente liqu\u00eddos (agua, bebidas, caf\u00e9, t\u00e9, vino ...) y preparaciones alimenticias. El producto es estable en un amplio intervalo de pH y se puede utilizar tanto en fr\u00edo como en caliente. La presencia de goma lo hace resistente a la amilasa salival. Su aporte energ\u00e9tico es inferior al de un espesante a base de almid\u00f3n y 100 g de producto aporta 29 g de fibra. Su composici\u00f3n es conforme a la reglementaci\u00f3n de los productos diet\u00e9ticos destinados a fines medicales especiales.","og_url":"https:\/\/cyranie.com\/es\/produit\/el-espesante-dietgel-ref-blend\/","og_site_name":"Cyranie","article_modified_time":"2021-02-05T13:29:34+00:00","og_image":[{"width":1000,"height":666,"url":"https:\/\/cyranie.com\/wp-content\/uploads\/2019\/12\/Cyranie-texture-adaptee-DIETGEL-fiche-produit.jpg","type":"image\/jpeg"}],"twitter_card":"summary_large_image","schema":{"@context":"https:\/\/schema.org","@graph":[{"@type":"WebPage","@id":"https:\/\/cyranie.com\/es\/produit\/el-espesante-dietgel-ref-blend\/","url":"https:\/\/cyranie.com\/es\/produit\/el-espesante-dietgel-ref-blend\/","name":"El espesante DIETGEL Ref.: BLEND - Cyranie","isPartOf":{"@id":"https:\/\/cyranie.com\/es\/#website"},"primaryImageOfPage":{"@id":"https:\/\/cyranie.com\/es\/produit\/el-espesante-dietgel-ref-blend\/#primaryimage"},"image":{"@id":"https:\/\/cyranie.com\/es\/produit\/el-espesante-dietgel-ref-blend\/#primaryimage"},"thumbnailUrl":"https:\/\/cyranie.com\/wp-content\/uploads\/2019\/12\/Cyranie-texture-adaptee-DIETGEL-fiche-produit.jpg","datePublished":"2019-12-06T08:27:57+00:00","dateModified":"2021-02-05T13:29:34+00:00","breadcrumb":{"@id":"https:\/\/cyranie.com\/es\/produit\/el-espesante-dietgel-ref-blend\/#breadcrumb"},"inLanguage":"es","potentialAction":[{"@type":"ReadAction","target":["https:\/\/cyranie.com\/es\/produit\/el-espesante-dietgel-ref-blend\/"]}]},{"@type":"ImageObject","inLanguage":"es","@id":"https:\/\/cyranie.com\/es\/produit\/el-espesante-dietgel-ref-blend\/#primaryimage","url":"https:\/\/cyranie.com\/wp-content\/uploads\/2019\/12\/Cyranie-texture-adaptee-DIETGEL-fiche-produit.jpg","contentUrl":"https:\/\/cyranie.com\/wp-content\/uploads\/2019\/12\/Cyranie-texture-adaptee-DIETGEL-fiche-produit.jpg","width":1000,"height":666},{"@type":"BreadcrumbList","@id":"https:\/\/cyranie.com\/es\/produit\/el-espesante-dietgel-ref-blend\/#breadcrumb","itemListElement":[{"@type":"ListItem","position":1,"name":"Accueil","item":"https:\/\/cyranie.com\/es\/"},{"@type":"ListItem","position":2,"name":"Boutique","item":"https:\/\/cyranie.com\/boutique\/"},{"@type":"ListItem","position":3,"name":"El espesante DIETGEL Ref.: BLEND"}]},{"@type":"WebSite","@id":"https:\/\/cyranie.com\/es\/#website","url":"https:\/\/cyranie.com\/es\/","name":"Cyranie","description":"Nourrir avec plaisir","potentialAction":[{"@type":"SearchAction","target":{"@type":"EntryPoint","urlTemplate":"https:\/\/cyranie.com\/es\/?s={search_term_string}"},"query-input":{"@type":"PropertyValueSpecification","valueRequired":true,"valueName":"search_term_string"}}],"inLanguage":"es"}]}},"_links":{"self":[{"href":"https:\/\/cyranie.com\/es\/wp-json\/wp\/v2\/product\/5891","targetHints":{"allow":["GET"]}}],"collection":[{"href":"https:\/\/cyranie.com\/es\/wp-json\/wp\/v2\/product"}],"about":[{"href":"https:\/\/cyranie.com\/es\/wp-json\/wp\/v2\/types\/product"}],"version-history":[{"count":0,"href":"https:\/\/cyranie.com\/es\/wp-json\/wp\/v2\/product\/5891\/revisions"}],"wp:featuredmedia":[{"embeddable":true,"href":"https:\/\/cyranie.com\/es\/wp-json\/wp\/v2\/media\/5893"}],"wp:attachment":[{"href":"https:\/\/cyranie.com\/es\/wp-json\/wp\/v2\/media?parent=5891"}],"wp:term":[{"taxonomy":"product_brand","embeddable":true,"href":"https:\/\/cyranie.com\/es\/wp-json\/wp\/v2\/product_brand?post=5891"},{"taxonomy":"product_cat","embeddable":true,"href":"https:\/\/cyranie.com\/es\/wp-json\/wp\/v2\/product_cat?post=5891"},{"taxonomy":"product_tag","embeddable":true,"href":"https:\/\/cyranie.com\/es\/wp-json\/wp\/v2\/product_tag?post=5891"}],"curies":[{"name":"wp","href":"https:\/\/api.w.org\/{rel}","templated":true}]}}