{"id":5952,"date":"2020-03-20T14:37:31","date_gmt":"2020-03-20T13:37:31","guid":{"rendered":"https:\/\/cyranie.com\/produit\/supplemix-polvo-de-enriquecimiento-ref-mx530\/"},"modified":"2021-02-22T16:51:03","modified_gmt":"2021-02-22T15:51:03","slug":"supplemix-polvo-de-enriquecimiento-ref-mx530","status":"publish","type":"product","link":"https:\/\/cyranie.com\/es\/produit\/supplemix-polvo-de-enriquecimiento-ref-mx530\/","title":{"rendered":"Supplemix polvo de enriquecimiento Ref. : MX530"},"content":{"rendered":"<p>Ingredientes\u00a0<\/p>\n<p>Maltodextrina de ma\u00edz, leche entera (incluida lecitina de soja), prote\u00edna de leche (incluida lecitina de girasol), aceite de palma, aceite de colza, aislado de prote\u00edna de suero (incluida lecitina de soja), clara de huevo (incluido corrector acidez: \u00e1cido c\u00edtrico), lactosa, vitaminas (C, E, B6, \u00e1cido f\u00f3lico, D) y minerales (magnesio, zinc, selenio), espesante: carragenina E407.<\/p>\n","protected":false},"excerpt":{"rendered":"<p><img decoding=\"async\" class=\"alignnone wp-image-681\" src=\"http:\/\/cyranie.com\/wp-content\/uploads\/2019\/09\/logo-orexcy-300x93.png\" alt=\"\" width=\"161\" height=\"50\" srcset=\"https:\/\/cyranie.com\/wp-content\/uploads\/2019\/09\/logo-orexcy-200x62.png 200w, https:\/\/cyranie.com\/wp-content\/uploads\/2019\/09\/logo-orexcy-300x93.png 300w, https:\/\/cyranie.com\/wp-content\/uploads\/2019\/09\/logo-orexcy-400x124.png 400w, https:\/\/cyranie.com\/wp-content\/uploads\/2019\/09\/logo-orexcy-500x156.png 500w, https:\/\/cyranie.com\/wp-content\/uploads\/2019\/09\/logo-orexcy-600x187.png 600w, https:\/\/cyranie.com\/wp-content\/uploads\/2019\/09\/logo-orexcy-700x218.png 700w, https:\/\/cyranie.com\/wp-content\/uploads\/2019\/09\/logo-orexcy.png 723w\" sizes=\"(max-width: 161px) 100vw, 161px\" \/><\/p>\n<p>Ofrecemos una selecci\u00f3n de ACN (ayudas culinarias nutricionales) para enriquecer las preparaciones alimentarias tradicionales y adaptarlas a las necesidades del paciente. Ideal para caseras.<\/p>\n<p><strong>Polvo de enriquecimiento<\/strong> : Suppl\u00e9mix<\/p>\n<p><strong>Prote\u00ednas animales<\/strong> : Prote\u00ednas de leche instant\u00e1neas, prote\u00ednas de leche, prote\u00ednas de leche vitaminas y minerales, leche semi desnatada en polvo<\/p>\n<p><strong>Prote\u00ednas vegetales<\/strong> : Prote\u00ednas de soja<\/p>\n<div class=\"parfums\" style=\"display: inline-block;\"><a class=\"Hyperlink SCXW22583419 BCX0\" style=\"margin: 8px;\" href=\"https:\/\/cyranie.com\/es\/produit\/leche-en-polvo-semidesnatada-ref-lai14\/\" rel=\"noopener noreferrer\"><span class=\"TextRun SCXW22583419 BCX0\" lang=\"FR-FR\" xml:lang=\"FR-FR\" data-contrast=\"none\"><span class=\"NormalTextRun SCXW22583419 BCX0\">Leche en polvo semidesnatada<\/span><\/span><\/a><span class=\"EOP SCXW22583419 BCX0\" data-ccp-props=\"{\">\u00a0<\/span> <a class=\"Hyperlink SCXW22583419 BCX0\" style=\"margin: 8px;\" href=\"https:\/\/cyranie.com\/es\/produit\/proteinas-lacteas-vitaminas-y-minerales-ref-mx481\/\" rel=\"noopener noreferrer\"><span class=\"TextRun SCXW22583419 BCX0\" lang=\"FR-FR\" xml:lang=\"FR-FR\" data-contrast=\"none\"><span class=\"NormalTextRun SCXW22583419 BCX0\">Prot\u00e9inas de leche, vitaminas y minerales<\/span><\/span><\/a><span class=\"EOP SCXW22583419 BCX0\" data-ccp-props=\"{\">\u00a0<\/span> <a class=\"Hyperlink SCXW22583419 BCX0\" style=\"margin: 8px;\" href=\"https:\/\/cyranie.com\/es\/produit\/proteinas-lacteas-85-ref-pro85\/\" rel=\"noopener noreferrer\"><span class=\"TextRun SCXW22583419 BCX0\" lang=\"FR-FR\" xml:lang=\"FR-FR\" data-contrast=\"none\"><span class=\"NormalTextRun SCXW22583419 BCX0\">Prot\u00e9inas de leche 85%<\/span><\/span><\/a><span class=\"EOP SCXW22583419 BCX0\" data-ccp-props=\"{\">\u00a0<\/span> <a class=\"Hyperlink SCXW22583419 BCX0\" style=\"margin: 8px;\" href=\"https:\/\/cyranie.com\/es\/produit\/proteinas-de-soja-ref-supro\/\" rel=\"noopener noreferrer\"><span class=\"TextRun SCXW22583419 BCX0\" lang=\"FR-FR\" xml:lang=\"FR-FR\" data-contrast=\"none\"><span class=\"NormalTextRun SCXW22583419 BCX0\">Prot\u00e9inas de soja<\/span><\/span><\/a><span class=\"EOP SCXW22583419 BCX0\" data-ccp-props=\"{\">\u00a0<\/span> <a class=\"Hyperlink SCXW22583419 BCX0\" style=\"margin: 8px;\" href=\"https:\/\/cyranie.com\/es\/produit\/proteinas-de-leche-instantaneas-ref-y492\/\" rel=\"noopener noreferrer\"><span class=\"TextRun SCXW22583419 BCX0\" lang=\"FR-FR\" xml:lang=\"FR-FR\" data-contrast=\"none\"><span class=\"NormalTextRun SCXW22583419 BCX0\">Prot\u00e9inas de leche instant\u00e1neas<\/span><\/span><\/a><span class=\"EOP SCXW22583419 BCX0\" data-ccp-props=\"{\">\u00a0<\/span> <a class=\"Hyperlink SCXW22583419 BCX0\" style=\"margin: 8px;\" href=\"https:\/\/cyranie.com\/es\/produit\/supplemix-polvo-de-enriquecimiento-ref-mx530\/\" rel=\"noopener noreferrer\"><span class=\"TextRun SCXW22583419 BCX0\" lang=\"FR-FR\" xml:lang=\"FR-FR\" data-contrast=\"none\"><span class=\"NormalTextRun SCXW22583419 BCX0\">Suppl\u00e9mix<\/span><\/span><\/a><\/div>\n","protected":false},"featured_media":5856,"template":"","meta":{"footnotes":""},"product_brand":[],"product_cat":[107,106],"product_tag":[],"class_list":{"0":"post-5952","1":"product","2":"type-product","3":"status-publish","4":"has-post-thumbnail","6":"product_cat-renutrition-es","7":"product_cat-solutions-deshydratees-orexcy-es","9":"first","10":"instock","11":"sold-individually","12":"shipping-taxable","13":"product-type-simple"},"yoast_head":"<!-- This site is optimized with the Yoast SEO plugin v27.3 - https:\/\/yoast.com\/product\/yoast-seo-wordpress\/ -->\n<title>Supplemix polvo de enriquecimiento Ref. : MX530 - Cyranie<\/title>\n<meta name=\"robots\" content=\"index, follow, max-snippet:-1, max-image-preview:large, max-video-preview:-1\" \/>\n<link rel=\"canonical\" href=\"https:\/\/cyranie.com\/es\/produit\/supplemix-polvo-de-enriquecimiento-ref-mx530\/\" \/>\n<meta property=\"og:locale\" content=\"es_ES\" \/>\n<meta property=\"og:type\" content=\"article\" \/>\n<meta property=\"og:title\" content=\"Supplemix polvo de enriquecimiento Ref. : MX530 - Cyranie\" \/>\n<meta property=\"og:description\" content=\"Ofrecemos una selecci\u00f3n de ACN (ayudas culinarias nutricionales) para enriquecer las preparaciones alimentarias tradicionales y adaptarlas a las necesidades del paciente. Ideal para caseras. Polvo de enriquecimiento : Suppl\u00e9mix Prote\u00ednas animales : Prote\u00ednas de leche instant\u00e1neas, prote\u00ednas de leche, prote\u00ednas de leche vitaminas y minerales, leche semi desnatada en polvo Prote\u00ednas vegetales : Prote\u00ednas de soja Leche en polvo semidesnatada\u00a0 Prot\u00e9inas de leche, vitaminas y minerales\u00a0 Prot\u00e9inas de leche 85%\u00a0 Prot\u00e9inas de soja\u00a0 Prot\u00e9inas de leche instant\u00e1neas\u00a0 Suppl\u00e9mix\" \/>\n<meta property=\"og:url\" content=\"https:\/\/cyranie.com\/es\/produit\/supplemix-polvo-de-enriquecimiento-ref-mx530\/\" \/>\n<meta property=\"og:site_name\" content=\"Cyranie\" \/>\n<meta property=\"article:modified_time\" content=\"2021-02-22T15:51:03+00:00\" \/>\n<meta property=\"og:image\" content=\"https:\/\/cyranie.com\/wp-content\/uploads\/2019\/12\/Cyranie-regimes-adaptes-maltitol-fiche-produit.jpg\" \/>\n\t<meta property=\"og:image:width\" content=\"500\" \/>\n\t<meta property=\"og:image:height\" content=\"333\" \/>\n\t<meta property=\"og:image:type\" content=\"image\/jpeg\" \/>\n<meta name=\"twitter:card\" content=\"summary_large_image\" \/>\n<script type=\"application\/ld+json\" class=\"yoast-schema-graph\">{\"@context\":\"https:\\\/\\\/schema.org\",\"@graph\":[{\"@type\":\"WebPage\",\"@id\":\"https:\\\/\\\/cyranie.com\\\/es\\\/produit\\\/supplemix-polvo-de-enriquecimiento-ref-mx530\\\/\",\"url\":\"https:\\\/\\\/cyranie.com\\\/es\\\/produit\\\/supplemix-polvo-de-enriquecimiento-ref-mx530\\\/\",\"name\":\"Supplemix polvo de enriquecimiento Ref. : MX530 - Cyranie\",\"isPartOf\":{\"@id\":\"https:\\\/\\\/cyranie.com\\\/es\\\/#website\"},\"primaryImageOfPage\":{\"@id\":\"https:\\\/\\\/cyranie.com\\\/es\\\/produit\\\/supplemix-polvo-de-enriquecimiento-ref-mx530\\\/#primaryimage\"},\"image\":{\"@id\":\"https:\\\/\\\/cyranie.com\\\/es\\\/produit\\\/supplemix-polvo-de-enriquecimiento-ref-mx530\\\/#primaryimage\"},\"thumbnailUrl\":\"https:\\\/\\\/cyranie.com\\\/wp-content\\\/uploads\\\/2019\\\/12\\\/Cyranie-regimes-adaptes-maltitol-fiche-produit.jpg\",\"datePublished\":\"2020-03-20T13:37:31+00:00\",\"dateModified\":\"2021-02-22T15:51:03+00:00\",\"breadcrumb\":{\"@id\":\"https:\\\/\\\/cyranie.com\\\/es\\\/produit\\\/supplemix-polvo-de-enriquecimiento-ref-mx530\\\/#breadcrumb\"},\"inLanguage\":\"es\",\"potentialAction\":[{\"@type\":\"ReadAction\",\"target\":[\"https:\\\/\\\/cyranie.com\\\/es\\\/produit\\\/supplemix-polvo-de-enriquecimiento-ref-mx530\\\/\"]}]},{\"@type\":\"ImageObject\",\"inLanguage\":\"es\",\"@id\":\"https:\\\/\\\/cyranie.com\\\/es\\\/produit\\\/supplemix-polvo-de-enriquecimiento-ref-mx530\\\/#primaryimage\",\"url\":\"https:\\\/\\\/cyranie.com\\\/wp-content\\\/uploads\\\/2019\\\/12\\\/Cyranie-regimes-adaptes-maltitol-fiche-produit.jpg\",\"contentUrl\":\"https:\\\/\\\/cyranie.com\\\/wp-content\\\/uploads\\\/2019\\\/12\\\/Cyranie-regimes-adaptes-maltitol-fiche-produit.jpg\",\"width\":500,\"height\":333},{\"@type\":\"BreadcrumbList\",\"@id\":\"https:\\\/\\\/cyranie.com\\\/es\\\/produit\\\/supplemix-polvo-de-enriquecimiento-ref-mx530\\\/#breadcrumb\",\"itemListElement\":[{\"@type\":\"ListItem\",\"position\":1,\"name\":\"Accueil\",\"item\":\"https:\\\/\\\/cyranie.com\\\/es\\\/\"},{\"@type\":\"ListItem\",\"position\":2,\"name\":\"Boutique\",\"item\":\"https:\\\/\\\/cyranie.com\\\/boutique\\\/\"},{\"@type\":\"ListItem\",\"position\":3,\"name\":\"Supplemix polvo de enriquecimiento Ref. : MX530\"}]},{\"@type\":\"WebSite\",\"@id\":\"https:\\\/\\\/cyranie.com\\\/es\\\/#website\",\"url\":\"https:\\\/\\\/cyranie.com\\\/es\\\/\",\"name\":\"Cyranie\",\"description\":\"Nourrir avec plaisir\",\"potentialAction\":[{\"@type\":\"SearchAction\",\"target\":{\"@type\":\"EntryPoint\",\"urlTemplate\":\"https:\\\/\\\/cyranie.com\\\/es\\\/?s={search_term_string}\"},\"query-input\":{\"@type\":\"PropertyValueSpecification\",\"valueRequired\":true,\"valueName\":\"search_term_string\"}}],\"inLanguage\":\"es\"}]}<\/script>\n<!-- \/ Yoast SEO plugin. -->","yoast_head_json":{"title":"Supplemix polvo de enriquecimiento Ref. : MX530 - Cyranie","robots":{"index":"index","follow":"follow","max-snippet":"max-snippet:-1","max-image-preview":"max-image-preview:large","max-video-preview":"max-video-preview:-1"},"canonical":"https:\/\/cyranie.com\/es\/produit\/supplemix-polvo-de-enriquecimiento-ref-mx530\/","og_locale":"es_ES","og_type":"article","og_title":"Supplemix polvo de enriquecimiento Ref. : MX530 - Cyranie","og_description":"Ofrecemos una selecci\u00f3n de ACN (ayudas culinarias nutricionales) para enriquecer las preparaciones alimentarias tradicionales y adaptarlas a las necesidades del paciente. Ideal para caseras. Polvo de enriquecimiento : Suppl\u00e9mix Prote\u00ednas animales : Prote\u00ednas de leche instant\u00e1neas, prote\u00ednas de leche, prote\u00ednas de leche vitaminas y minerales, leche semi desnatada en polvo Prote\u00ednas vegetales : Prote\u00ednas de soja Leche en polvo semidesnatada\u00a0 Prot\u00e9inas de leche, vitaminas y minerales\u00a0 Prot\u00e9inas de leche 85%\u00a0 Prot\u00e9inas de soja\u00a0 Prot\u00e9inas de leche instant\u00e1neas\u00a0 Suppl\u00e9mix","og_url":"https:\/\/cyranie.com\/es\/produit\/supplemix-polvo-de-enriquecimiento-ref-mx530\/","og_site_name":"Cyranie","article_modified_time":"2021-02-22T15:51:03+00:00","og_image":[{"width":500,"height":333,"url":"https:\/\/cyranie.com\/wp-content\/uploads\/2019\/12\/Cyranie-regimes-adaptes-maltitol-fiche-produit.jpg","type":"image\/jpeg"}],"twitter_card":"summary_large_image","schema":{"@context":"https:\/\/schema.org","@graph":[{"@type":"WebPage","@id":"https:\/\/cyranie.com\/es\/produit\/supplemix-polvo-de-enriquecimiento-ref-mx530\/","url":"https:\/\/cyranie.com\/es\/produit\/supplemix-polvo-de-enriquecimiento-ref-mx530\/","name":"Supplemix polvo de enriquecimiento Ref. : MX530 - Cyranie","isPartOf":{"@id":"https:\/\/cyranie.com\/es\/#website"},"primaryImageOfPage":{"@id":"https:\/\/cyranie.com\/es\/produit\/supplemix-polvo-de-enriquecimiento-ref-mx530\/#primaryimage"},"image":{"@id":"https:\/\/cyranie.com\/es\/produit\/supplemix-polvo-de-enriquecimiento-ref-mx530\/#primaryimage"},"thumbnailUrl":"https:\/\/cyranie.com\/wp-content\/uploads\/2019\/12\/Cyranie-regimes-adaptes-maltitol-fiche-produit.jpg","datePublished":"2020-03-20T13:37:31+00:00","dateModified":"2021-02-22T15:51:03+00:00","breadcrumb":{"@id":"https:\/\/cyranie.com\/es\/produit\/supplemix-polvo-de-enriquecimiento-ref-mx530\/#breadcrumb"},"inLanguage":"es","potentialAction":[{"@type":"ReadAction","target":["https:\/\/cyranie.com\/es\/produit\/supplemix-polvo-de-enriquecimiento-ref-mx530\/"]}]},{"@type":"ImageObject","inLanguage":"es","@id":"https:\/\/cyranie.com\/es\/produit\/supplemix-polvo-de-enriquecimiento-ref-mx530\/#primaryimage","url":"https:\/\/cyranie.com\/wp-content\/uploads\/2019\/12\/Cyranie-regimes-adaptes-maltitol-fiche-produit.jpg","contentUrl":"https:\/\/cyranie.com\/wp-content\/uploads\/2019\/12\/Cyranie-regimes-adaptes-maltitol-fiche-produit.jpg","width":500,"height":333},{"@type":"BreadcrumbList","@id":"https:\/\/cyranie.com\/es\/produit\/supplemix-polvo-de-enriquecimiento-ref-mx530\/#breadcrumb","itemListElement":[{"@type":"ListItem","position":1,"name":"Accueil","item":"https:\/\/cyranie.com\/es\/"},{"@type":"ListItem","position":2,"name":"Boutique","item":"https:\/\/cyranie.com\/boutique\/"},{"@type":"ListItem","position":3,"name":"Supplemix polvo de enriquecimiento Ref. : MX530"}]},{"@type":"WebSite","@id":"https:\/\/cyranie.com\/es\/#website","url":"https:\/\/cyranie.com\/es\/","name":"Cyranie","description":"Nourrir avec plaisir","potentialAction":[{"@type":"SearchAction","target":{"@type":"EntryPoint","urlTemplate":"https:\/\/cyranie.com\/es\/?s={search_term_string}"},"query-input":{"@type":"PropertyValueSpecification","valueRequired":true,"valueName":"search_term_string"}}],"inLanguage":"es"}]}},"_links":{"self":[{"href":"https:\/\/cyranie.com\/es\/wp-json\/wp\/v2\/product\/5952","targetHints":{"allow":["GET"]}}],"collection":[{"href":"https:\/\/cyranie.com\/es\/wp-json\/wp\/v2\/product"}],"about":[{"href":"https:\/\/cyranie.com\/es\/wp-json\/wp\/v2\/types\/product"}],"version-history":[{"count":0,"href":"https:\/\/cyranie.com\/es\/wp-json\/wp\/v2\/product\/5952\/revisions"}],"wp:featuredmedia":[{"embeddable":true,"href":"https:\/\/cyranie.com\/es\/wp-json\/wp\/v2\/media\/5856"}],"wp:attachment":[{"href":"https:\/\/cyranie.com\/es\/wp-json\/wp\/v2\/media?parent=5952"}],"wp:term":[{"taxonomy":"product_brand","embeddable":true,"href":"https:\/\/cyranie.com\/es\/wp-json\/wp\/v2\/product_brand?post=5952"},{"taxonomy":"product_cat","embeddable":true,"href":"https:\/\/cyranie.com\/es\/wp-json\/wp\/v2\/product_cat?post=5952"},{"taxonomy":"product_tag","embeddable":true,"href":"https:\/\/cyranie.com\/es\/wp-json\/wp\/v2\/product_tag?post=5952"}],"curies":[{"name":"wp","href":"https:\/\/api.w.org\/{rel}","templated":true}]}}