{"id":5960,"date":"2020-05-13T11:37:54","date_gmt":"2020-05-13T09:37:54","guid":{"rendered":"https:\/\/cyranie.com\/produit\/fontactiv-forte-protein-sabor-chocolate-ref-lgf13\/"},"modified":"2021-02-22T17:01:17","modified_gmt":"2021-02-22T16:01:17","slug":"fontactiv-forte-protein-sabor-chocolate-ref-lgf13","status":"publish","type":"product","link":"https:\/\/cyranie.com\/es\/produit\/fontactiv-forte-protein-sabor-chocolate-ref-lgf13\/","title":{"rendered":"Fontactiv forte protein sabor chocolate Ref.: LGF13"},"content":{"rendered":"<p>Ingredientes\u00a0<\/p>\n<p>Agua, leche semidesnatada reducida en lactosa, maltodextrina, prote\u00ednas de la leche, sacarosa, aceites vegetales (aceite de colza, aceite de girasol), cacao en polvo bajo en grasa, inulina (fibra), aroma (chocolate), regulador de acidez: \u00e1cido c\u00edtrico, espesante: carragenanos, estabilizadores (polifosfato de sodio, fosfato de disodio, fosfato de dipotasio), minerales (hidr\u00f3xido de magnesio, citrato de potasio, hidr\u00f3xido de potasio, citrato de sodio, cloruro de potasio, cloruro de sodio, lactato f\u00e9rrico, sulfato de zinc, gluconato de cobre, sulfato de manganeso, cloruro de cromo, molibdato de sodio, yoduro de potasio, selenito de sodio, fluoruro de sodio), vitaminas (L-ascorbato de sodio, acetato de DL-alfa-tocoferilo, acetato (retinilo, nicotinamida, biotina, colecalciferol, \u00e1cido f\u00f3lico, clorhidrato de piridoxina, clorhidrato de tiamina, riboflavina, fitomenadiona, cianocobalamina, D-pantotenato c\u00e1lcico).<\/p>\n","protected":false},"excerpt":{"rendered":"<p><img decoding=\"async\" class=\"alignnone wp-image-681\" src=\"http:\/\/cyranie.com\/wp-content\/uploads\/2019\/09\/logo-orexcy-300x93.png\" alt=\"\" width=\"161\" height=\"50\" srcset=\"https:\/\/cyranie.com\/wp-content\/uploads\/2019\/09\/logo-orexcy-200x62.png 200w, https:\/\/cyranie.com\/wp-content\/uploads\/2019\/09\/logo-orexcy-300x93.png 300w, https:\/\/cyranie.com\/wp-content\/uploads\/2019\/09\/logo-orexcy-400x124.png 400w, https:\/\/cyranie.com\/wp-content\/uploads\/2019\/09\/logo-orexcy-500x156.png 500w, https:\/\/cyranie.com\/wp-content\/uploads\/2019\/09\/logo-orexcy-600x187.png 600w, https:\/\/cyranie.com\/wp-content\/uploads\/2019\/09\/logo-orexcy-700x218.png 700w, https:\/\/cyranie.com\/wp-content\/uploads\/2019\/09\/logo-orexcy.png 723w\" sizes=\"(max-width: 161px) 100vw, 161px\" \/><\/p>\n<p>Bebidas completas y equilibradas, con fibras (2,40g\/cart\u00f3n), con alto contenido proteico (16g \/ cart\u00f3n) y energ\u00e9tico (1,25 kcal \/ ml) para las necesidades nutricionales de pacientes en caso de desnutrici\u00f3n o en riesgo de desnutrici\u00f3n. Las bebidas est\u00e1n fortificadas con todas las vitaminas y minerales esenciales y no contienen lactosa ni gluten.<\/p>\n<p>Su condicionamiento en tetrabrik proporciona una excelente relaci\u00f3n calidad\/precio, optimiza el espacio de almacenamiento y facilita la gesti\u00f3n de los residuos.<\/p>\n<div class=\"parfums\" style=\"display: inline-block;\">\n<div class=\"is_cadre_prod_img\"><a href=\"https:\/\/cyranie.com\/es\/produit\/fontactiv-forte-protein-sabor-vainilla-ref-lgf12\/\"><img decoding=\"async\" src=\"https:\/\/cyranie.com\/wp-content\/uploads\/2020\/02\/VANILLE.png\" \/> Vainilla<\/a><\/div>\n<div class=\"is_cadre_prod_img\"><a href=\"https:\/\/cyranie.com\/es\/produit\/fontactiv-forte-protein-sabor-chocolate-ref-lgf13\/\"><img decoding=\"async\" src=\"https:\/\/cyranie.com\/wp-content\/uploads\/2020\/02\/CHOCOLAT.png\" \/> Chocolate<\/a><\/div>\n<\/div>\n","protected":false},"featured_media":5961,"template":"","meta":{"footnotes":""},"product_brand":[],"product_cat":[107,106],"product_tag":[],"class_list":{"0":"post-5960","1":"product","2":"type-product","3":"status-publish","4":"has-post-thumbnail","6":"product_cat-renutrition-es","7":"product_cat-solutions-deshydratees-orexcy-es","9":"first","10":"instock","11":"sold-individually","12":"shipping-taxable","13":"product-type-simple"},"yoast_head":"<!-- This site is optimized with the Yoast SEO plugin v27.3 - https:\/\/yoast.com\/product\/yoast-seo-wordpress\/ -->\n<title>Fontactiv forte protein sabor chocolate Ref.: LGF13 - Cyranie<\/title>\n<meta name=\"robots\" content=\"index, follow, max-snippet:-1, max-image-preview:large, max-video-preview:-1\" \/>\n<link rel=\"canonical\" href=\"https:\/\/cyranie.com\/es\/produit\/fontactiv-forte-protein-sabor-chocolate-ref-lgf13\/\" \/>\n<meta property=\"og:locale\" content=\"es_ES\" \/>\n<meta property=\"og:type\" content=\"article\" \/>\n<meta property=\"og:title\" content=\"Fontactiv forte protein sabor chocolate Ref.: LGF13 - Cyranie\" \/>\n<meta property=\"og:description\" content=\"Bebidas completas y equilibradas, con fibras (2,40g\/cart\u00f3n), con alto contenido proteico (16g \/ cart\u00f3n) y energ\u00e9tico (1,25 kcal \/ ml) para las necesidades nutricionales de pacientes en caso de desnutrici\u00f3n o en riesgo de desnutrici\u00f3n. Las bebidas est\u00e1n fortificadas con todas las vitaminas y minerales esenciales y no contienen lactosa ni gluten. Su condicionamiento en tetrabrik proporciona una excelente relaci\u00f3n calidad\/precio, optimiza el espacio de almacenamiento y facilita la gesti\u00f3n de los residuos.   Vainilla  Chocolate\" \/>\n<meta property=\"og:url\" content=\"https:\/\/cyranie.com\/es\/produit\/fontactiv-forte-protein-sabor-chocolate-ref-lgf13\/\" \/>\n<meta property=\"og:site_name\" content=\"Cyranie\" \/>\n<meta property=\"article:modified_time\" content=\"2021-02-22T16:01:17+00:00\" \/>\n<meta property=\"og:image\" content=\"https:\/\/cyranie.com\/wp-content\/uploads\/2020\/07\/fontactiv_chocolat.png\" \/>\n\t<meta property=\"og:image:width\" content=\"1000\" \/>\n\t<meta property=\"og:image:height\" content=\"666\" \/>\n\t<meta property=\"og:image:type\" content=\"image\/png\" \/>\n<meta name=\"twitter:card\" content=\"summary_large_image\" \/>\n<meta name=\"twitter:label1\" content=\"Tiempo de lectura\" \/>\n\t<meta name=\"twitter:data1\" content=\"1 minuto\" \/>\n<script type=\"application\/ld+json\" class=\"yoast-schema-graph\">{\"@context\":\"https:\\\/\\\/schema.org\",\"@graph\":[{\"@type\":\"WebPage\",\"@id\":\"https:\\\/\\\/cyranie.com\\\/es\\\/produit\\\/fontactiv-forte-protein-sabor-chocolate-ref-lgf13\\\/\",\"url\":\"https:\\\/\\\/cyranie.com\\\/es\\\/produit\\\/fontactiv-forte-protein-sabor-chocolate-ref-lgf13\\\/\",\"name\":\"Fontactiv forte protein sabor chocolate Ref.: LGF13 - Cyranie\",\"isPartOf\":{\"@id\":\"https:\\\/\\\/cyranie.com\\\/es\\\/#website\"},\"primaryImageOfPage\":{\"@id\":\"https:\\\/\\\/cyranie.com\\\/es\\\/produit\\\/fontactiv-forte-protein-sabor-chocolate-ref-lgf13\\\/#primaryimage\"},\"image\":{\"@id\":\"https:\\\/\\\/cyranie.com\\\/es\\\/produit\\\/fontactiv-forte-protein-sabor-chocolate-ref-lgf13\\\/#primaryimage\"},\"thumbnailUrl\":\"https:\\\/\\\/cyranie.com\\\/wp-content\\\/uploads\\\/2020\\\/07\\\/fontactiv_chocolat.png\",\"datePublished\":\"2020-05-13T09:37:54+00:00\",\"dateModified\":\"2021-02-22T16:01:17+00:00\",\"breadcrumb\":{\"@id\":\"https:\\\/\\\/cyranie.com\\\/es\\\/produit\\\/fontactiv-forte-protein-sabor-chocolate-ref-lgf13\\\/#breadcrumb\"},\"inLanguage\":\"es\",\"potentialAction\":[{\"@type\":\"ReadAction\",\"target\":[\"https:\\\/\\\/cyranie.com\\\/es\\\/produit\\\/fontactiv-forte-protein-sabor-chocolate-ref-lgf13\\\/\"]}]},{\"@type\":\"ImageObject\",\"inLanguage\":\"es\",\"@id\":\"https:\\\/\\\/cyranie.com\\\/es\\\/produit\\\/fontactiv-forte-protein-sabor-chocolate-ref-lgf13\\\/#primaryimage\",\"url\":\"https:\\\/\\\/cyranie.com\\\/wp-content\\\/uploads\\\/2020\\\/07\\\/fontactiv_chocolat.png\",\"contentUrl\":\"https:\\\/\\\/cyranie.com\\\/wp-content\\\/uploads\\\/2020\\\/07\\\/fontactiv_chocolat.png\",\"width\":1000,\"height\":666},{\"@type\":\"BreadcrumbList\",\"@id\":\"https:\\\/\\\/cyranie.com\\\/es\\\/produit\\\/fontactiv-forte-protein-sabor-chocolate-ref-lgf13\\\/#breadcrumb\",\"itemListElement\":[{\"@type\":\"ListItem\",\"position\":1,\"name\":\"Accueil\",\"item\":\"https:\\\/\\\/cyranie.com\\\/es\\\/\"},{\"@type\":\"ListItem\",\"position\":2,\"name\":\"Boutique\",\"item\":\"https:\\\/\\\/cyranie.com\\\/boutique\\\/\"},{\"@type\":\"ListItem\",\"position\":3,\"name\":\"Fontactiv forte protein sabor chocolate Ref.: LGF13\"}]},{\"@type\":\"WebSite\",\"@id\":\"https:\\\/\\\/cyranie.com\\\/es\\\/#website\",\"url\":\"https:\\\/\\\/cyranie.com\\\/es\\\/\",\"name\":\"Cyranie\",\"description\":\"Nourrir avec plaisir\",\"potentialAction\":[{\"@type\":\"SearchAction\",\"target\":{\"@type\":\"EntryPoint\",\"urlTemplate\":\"https:\\\/\\\/cyranie.com\\\/es\\\/?s={search_term_string}\"},\"query-input\":{\"@type\":\"PropertyValueSpecification\",\"valueRequired\":true,\"valueName\":\"search_term_string\"}}],\"inLanguage\":\"es\"}]}<\/script>\n<!-- \/ Yoast SEO plugin. -->","yoast_head_json":{"title":"Fontactiv forte protein sabor chocolate Ref.: LGF13 - Cyranie","robots":{"index":"index","follow":"follow","max-snippet":"max-snippet:-1","max-image-preview":"max-image-preview:large","max-video-preview":"max-video-preview:-1"},"canonical":"https:\/\/cyranie.com\/es\/produit\/fontactiv-forte-protein-sabor-chocolate-ref-lgf13\/","og_locale":"es_ES","og_type":"article","og_title":"Fontactiv forte protein sabor chocolate Ref.: LGF13 - Cyranie","og_description":"Bebidas completas y equilibradas, con fibras (2,40g\/cart\u00f3n), con alto contenido proteico (16g \/ cart\u00f3n) y energ\u00e9tico (1,25 kcal \/ ml) para las necesidades nutricionales de pacientes en caso de desnutrici\u00f3n o en riesgo de desnutrici\u00f3n. Las bebidas est\u00e1n fortificadas con todas las vitaminas y minerales esenciales y no contienen lactosa ni gluten. Su condicionamiento en tetrabrik proporciona una excelente relaci\u00f3n calidad\/precio, optimiza el espacio de almacenamiento y facilita la gesti\u00f3n de los residuos.   Vainilla  Chocolate","og_url":"https:\/\/cyranie.com\/es\/produit\/fontactiv-forte-protein-sabor-chocolate-ref-lgf13\/","og_site_name":"Cyranie","article_modified_time":"2021-02-22T16:01:17+00:00","og_image":[{"width":1000,"height":666,"url":"https:\/\/cyranie.com\/wp-content\/uploads\/2020\/07\/fontactiv_chocolat.png","type":"image\/png"}],"twitter_card":"summary_large_image","twitter_misc":{"Tiempo de lectura":"1 minuto"},"schema":{"@context":"https:\/\/schema.org","@graph":[{"@type":"WebPage","@id":"https:\/\/cyranie.com\/es\/produit\/fontactiv-forte-protein-sabor-chocolate-ref-lgf13\/","url":"https:\/\/cyranie.com\/es\/produit\/fontactiv-forte-protein-sabor-chocolate-ref-lgf13\/","name":"Fontactiv forte protein sabor chocolate Ref.: LGF13 - Cyranie","isPartOf":{"@id":"https:\/\/cyranie.com\/es\/#website"},"primaryImageOfPage":{"@id":"https:\/\/cyranie.com\/es\/produit\/fontactiv-forte-protein-sabor-chocolate-ref-lgf13\/#primaryimage"},"image":{"@id":"https:\/\/cyranie.com\/es\/produit\/fontactiv-forte-protein-sabor-chocolate-ref-lgf13\/#primaryimage"},"thumbnailUrl":"https:\/\/cyranie.com\/wp-content\/uploads\/2020\/07\/fontactiv_chocolat.png","datePublished":"2020-05-13T09:37:54+00:00","dateModified":"2021-02-22T16:01:17+00:00","breadcrumb":{"@id":"https:\/\/cyranie.com\/es\/produit\/fontactiv-forte-protein-sabor-chocolate-ref-lgf13\/#breadcrumb"},"inLanguage":"es","potentialAction":[{"@type":"ReadAction","target":["https:\/\/cyranie.com\/es\/produit\/fontactiv-forte-protein-sabor-chocolate-ref-lgf13\/"]}]},{"@type":"ImageObject","inLanguage":"es","@id":"https:\/\/cyranie.com\/es\/produit\/fontactiv-forte-protein-sabor-chocolate-ref-lgf13\/#primaryimage","url":"https:\/\/cyranie.com\/wp-content\/uploads\/2020\/07\/fontactiv_chocolat.png","contentUrl":"https:\/\/cyranie.com\/wp-content\/uploads\/2020\/07\/fontactiv_chocolat.png","width":1000,"height":666},{"@type":"BreadcrumbList","@id":"https:\/\/cyranie.com\/es\/produit\/fontactiv-forte-protein-sabor-chocolate-ref-lgf13\/#breadcrumb","itemListElement":[{"@type":"ListItem","position":1,"name":"Accueil","item":"https:\/\/cyranie.com\/es\/"},{"@type":"ListItem","position":2,"name":"Boutique","item":"https:\/\/cyranie.com\/boutique\/"},{"@type":"ListItem","position":3,"name":"Fontactiv forte protein sabor chocolate Ref.: LGF13"}]},{"@type":"WebSite","@id":"https:\/\/cyranie.com\/es\/#website","url":"https:\/\/cyranie.com\/es\/","name":"Cyranie","description":"Nourrir avec plaisir","potentialAction":[{"@type":"SearchAction","target":{"@type":"EntryPoint","urlTemplate":"https:\/\/cyranie.com\/es\/?s={search_term_string}"},"query-input":{"@type":"PropertyValueSpecification","valueRequired":true,"valueName":"search_term_string"}}],"inLanguage":"es"}]}},"_links":{"self":[{"href":"https:\/\/cyranie.com\/es\/wp-json\/wp\/v2\/product\/5960","targetHints":{"allow":["GET"]}}],"collection":[{"href":"https:\/\/cyranie.com\/es\/wp-json\/wp\/v2\/product"}],"about":[{"href":"https:\/\/cyranie.com\/es\/wp-json\/wp\/v2\/types\/product"}],"version-history":[{"count":0,"href":"https:\/\/cyranie.com\/es\/wp-json\/wp\/v2\/product\/5960\/revisions"}],"wp:featuredmedia":[{"embeddable":true,"href":"https:\/\/cyranie.com\/es\/wp-json\/wp\/v2\/media\/5961"}],"wp:attachment":[{"href":"https:\/\/cyranie.com\/es\/wp-json\/wp\/v2\/media?parent=5960"}],"wp:term":[{"taxonomy":"product_brand","embeddable":true,"href":"https:\/\/cyranie.com\/es\/wp-json\/wp\/v2\/product_brand?post=5960"},{"taxonomy":"product_cat","embeddable":true,"href":"https:\/\/cyranie.com\/es\/wp-json\/wp\/v2\/product_cat?post=5960"},{"taxonomy":"product_tag","embeddable":true,"href":"https:\/\/cyranie.com\/es\/wp-json\/wp\/v2\/product_tag?post=5960"}],"curies":[{"name":"wp","href":"https:\/\/api.w.org\/{rel}","templated":true}]}}