{"id":7965,"date":"2022-09-09T16:02:14","date_gmt":"2022-09-09T14:45:15","guid":{"rendered":"https:\/\/cyranie.com\/?post_type=product&#038;p=7965"},"modified":"2022-09-27T09:43:10","modified_gmt":"2022-09-27T07:43:10","slug":"crema-hipercalorica-alta-en-proteinas-sabor-frambuesa-ref-ft-y512-ja02-00600","status":"publish","type":"product","link":"https:\/\/cyranie.com\/es\/produit\/crema-hipercalorica-alta-en-proteinas-sabor-frambuesa-ref-ft-y512-ja02-00600\/","title":{"rendered":"Crema hiperproteica hipercal\u00f3rica sabor frambuesa<br\/><span style=\"font-size: 14px;\"><strong>Ref. :<\/strong> FT \u2013 Y512-JA02-00600<\/span>"},"content":{"rendered":"<h2 style=\"font-size: 18px; margin-bottom: 0px;\">Ingredientes<\/h2>\n<p>Sucre, blanc d\u2019<strong>\u0153uf<\/strong> (dont correcteur d\u2019acidit\u00e9 : acide citrique), amidon modifi\u00e9 de pomme de terre, <strong>lait<\/strong> entier (dont l\u00e9cithine de <strong>soja<\/strong>), huile de tournesol ol\u00e9ique, <strong>lactose<\/strong> et prot\u00e9ines de <strong>lait<\/strong>, prot\u00e9ine de <strong>bl\u00e9<\/strong> soluble, maltodextrine de ma\u00efs, jus concentr\u00e9 de betterave rouge (dont correcteur d\u2019acidit\u00e9 : acide citrique), ar\u00f4me.<\/p>\n","protected":false},"excerpt":{"rendered":"<p><img decoding=\"async\" class=\"alignnone wp-image-681\" src=\"http:\/\/cyranie.com\/wp-content\/uploads\/2019\/09\/logo-orexcy-300x93.png\" alt=\"\" width=\"161\" height=\"50\" srcset=\"https:\/\/cyranie.com\/wp-content\/uploads\/2019\/09\/logo-orexcy-200x62.png 200w, https:\/\/cyranie.com\/wp-content\/uploads\/2019\/09\/logo-orexcy-300x93.png 300w, https:\/\/cyranie.com\/wp-content\/uploads\/2019\/09\/logo-orexcy-400x124.png 400w, https:\/\/cyranie.com\/wp-content\/uploads\/2019\/09\/logo-orexcy-500x156.png 500w, https:\/\/cyranie.com\/wp-content\/uploads\/2019\/09\/logo-orexcy-600x187.png 600w, https:\/\/cyranie.com\/wp-content\/uploads\/2019\/09\/logo-orexcy-700x218.png 700w, https:\/\/cyranie.com\/wp-content\/uploads\/2019\/09\/logo-orexcy.png 723w\" sizes=\"(max-width: 161px) 100vw, 161px\" \/><\/p>\n<p>Las cremas HP HC de la gama Orexcy desarrolladas por Cyranie pueden consumirse como postre o merienda. Est\u00e1n adaptados a la desnutrici\u00f3n proteico-energ\u00e9tica. La gama ha sido especialmente formulada para el placer de comer.<\/p>\n[slide-anything id='8021']\n","protected":false},"featured_media":8119,"template":"","meta":{"footnotes":""},"product_brand":[],"product_cat":[107,106],"product_tag":[],"class_list":{"0":"post-7965","1":"product","2":"type-product","3":"status-publish","4":"has-post-thumbnail","6":"product_cat-renutrition-es","7":"product_cat-solutions-deshydratees-orexcy-es","9":"first","10":"instock","11":"sold-individually","12":"shipping-taxable","13":"product-type-simple"},"yoast_head":"<!-- This site is optimized with the Yoast SEO plugin v27.3 - https:\/\/yoast.com\/product\/yoast-seo-wordpress\/ -->\n<title>Crema hiperproteica hipercal\u00f3rica sabor frambuesaRef. : FT \u2013 Y512-JA02-00600 - Cyranie<\/title>\n<meta name=\"robots\" content=\"index, follow, max-snippet:-1, max-image-preview:large, max-video-preview:-1\" \/>\n<link rel=\"canonical\" href=\"https:\/\/cyranie.com\/es\/produit\/crema-hipercalorica-alta-en-proteinas-sabor-frambuesa-ref-ft-y512-ja02-00600\/\" \/>\n<meta property=\"og:locale\" content=\"es_ES\" \/>\n<meta property=\"og:type\" content=\"article\" \/>\n<meta property=\"og:title\" content=\"Crema hiperproteica hipercal\u00f3rica sabor frambuesaRef. : FT \u2013 Y512-JA02-00600 - Cyranie\" \/>\n<meta property=\"og:description\" content=\"Las cremas HP HC de la gama Orexcy desarrolladas por Cyranie pueden consumirse como postre o merienda. Est\u00e1n adaptados a la desnutrici\u00f3n proteico-energ\u00e9tica. La gama ha sido especialmente formulada para el placer de comer.\" \/>\n<meta property=\"og:url\" content=\"https:\/\/cyranie.com\/es\/produit\/crema-hipercalorica-alta-en-proteinas-sabor-frambuesa-ref-ft-y512-ja02-00600\/\" \/>\n<meta property=\"og:site_name\" content=\"Cyranie\" \/>\n<meta property=\"article:modified_time\" content=\"2022-09-27T07:43:10+00:00\" \/>\n<meta property=\"og:image\" content=\"https:\/\/cyranie.com\/wp-content\/uploads\/2022\/09\/creme-gourmande-les-savoureuses-framboise.jpg\" \/>\n\t<meta property=\"og:image:width\" content=\"326\" \/>\n\t<meta property=\"og:image:height\" content=\"326\" \/>\n\t<meta property=\"og:image:type\" content=\"image\/jpeg\" \/>\n<meta name=\"twitter:card\" content=\"summary_large_image\" \/>\n<script type=\"application\/ld+json\" class=\"yoast-schema-graph\">{\"@context\":\"https:\\\/\\\/schema.org\",\"@graph\":[{\"@type\":\"WebPage\",\"@id\":\"https:\\\/\\\/cyranie.com\\\/es\\\/produit\\\/crema-hipercalorica-alta-en-proteinas-sabor-frambuesa-ref-ft-y512-ja02-00600\\\/\",\"url\":\"https:\\\/\\\/cyranie.com\\\/es\\\/produit\\\/crema-hipercalorica-alta-en-proteinas-sabor-frambuesa-ref-ft-y512-ja02-00600\\\/\",\"name\":\"Crema hiperproteica hipercal\u00f3rica sabor frambuesa Ref. : FT \u2013 Y512-JA02-00600 - Cyranie\",\"isPartOf\":{\"@id\":\"https:\\\/\\\/cyranie.com\\\/es\\\/#website\"},\"primaryImageOfPage\":{\"@id\":\"https:\\\/\\\/cyranie.com\\\/es\\\/produit\\\/crema-hipercalorica-alta-en-proteinas-sabor-frambuesa-ref-ft-y512-ja02-00600\\\/#primaryimage\"},\"image\":{\"@id\":\"https:\\\/\\\/cyranie.com\\\/es\\\/produit\\\/crema-hipercalorica-alta-en-proteinas-sabor-frambuesa-ref-ft-y512-ja02-00600\\\/#primaryimage\"},\"thumbnailUrl\":\"https:\\\/\\\/cyranie.com\\\/wp-content\\\/uploads\\\/2022\\\/09\\\/creme-gourmande-les-savoureuses-framboise.jpg\",\"datePublished\":\"2022-09-09T14:45:15+00:00\",\"dateModified\":\"2022-09-27T07:43:10+00:00\",\"breadcrumb\":{\"@id\":\"https:\\\/\\\/cyranie.com\\\/es\\\/produit\\\/crema-hipercalorica-alta-en-proteinas-sabor-frambuesa-ref-ft-y512-ja02-00600\\\/#breadcrumb\"},\"inLanguage\":\"es\",\"potentialAction\":[{\"@type\":\"ReadAction\",\"target\":[\"https:\\\/\\\/cyranie.com\\\/es\\\/produit\\\/crema-hipercalorica-alta-en-proteinas-sabor-frambuesa-ref-ft-y512-ja02-00600\\\/\"]}]},{\"@type\":\"ImageObject\",\"inLanguage\":\"es\",\"@id\":\"https:\\\/\\\/cyranie.com\\\/es\\\/produit\\\/crema-hipercalorica-alta-en-proteinas-sabor-frambuesa-ref-ft-y512-ja02-00600\\\/#primaryimage\",\"url\":\"https:\\\/\\\/cyranie.com\\\/wp-content\\\/uploads\\\/2022\\\/09\\\/creme-gourmande-les-savoureuses-framboise.jpg\",\"contentUrl\":\"https:\\\/\\\/cyranie.com\\\/wp-content\\\/uploads\\\/2022\\\/09\\\/creme-gourmande-les-savoureuses-framboise.jpg\",\"width\":326,\"height\":326},{\"@type\":\"BreadcrumbList\",\"@id\":\"https:\\\/\\\/cyranie.com\\\/es\\\/produit\\\/crema-hipercalorica-alta-en-proteinas-sabor-frambuesa-ref-ft-y512-ja02-00600\\\/#breadcrumb\",\"itemListElement\":[{\"@type\":\"ListItem\",\"position\":1,\"name\":\"Accueil\",\"item\":\"https:\\\/\\\/cyranie.com\\\/es\\\/\"},{\"@type\":\"ListItem\",\"position\":2,\"name\":\"Boutique\",\"item\":\"https:\\\/\\\/cyranie.com\\\/boutique\\\/\"},{\"@type\":\"ListItem\",\"position\":3,\"name\":\"Crema hiperproteica hipercal\u00f3rica sabor frambuesaRef. : FT \u2013 Y512-JA02-00600\"}]},{\"@type\":\"WebSite\",\"@id\":\"https:\\\/\\\/cyranie.com\\\/es\\\/#website\",\"url\":\"https:\\\/\\\/cyranie.com\\\/es\\\/\",\"name\":\"Cyranie\",\"description\":\"Nourrir avec plaisir\",\"potentialAction\":[{\"@type\":\"SearchAction\",\"target\":{\"@type\":\"EntryPoint\",\"urlTemplate\":\"https:\\\/\\\/cyranie.com\\\/es\\\/?s={search_term_string}\"},\"query-input\":{\"@type\":\"PropertyValueSpecification\",\"valueRequired\":true,\"valueName\":\"search_term_string\"}}],\"inLanguage\":\"es\"}]}<\/script>\n<!-- \/ Yoast SEO plugin. -->","yoast_head_json":{"title":"Crema hiperproteica hipercal\u00f3rica sabor frambuesaRef. : FT \u2013 Y512-JA02-00600 - Cyranie","robots":{"index":"index","follow":"follow","max-snippet":"max-snippet:-1","max-image-preview":"max-image-preview:large","max-video-preview":"max-video-preview:-1"},"canonical":"https:\/\/cyranie.com\/es\/produit\/crema-hipercalorica-alta-en-proteinas-sabor-frambuesa-ref-ft-y512-ja02-00600\/","og_locale":"es_ES","og_type":"article","og_title":"Crema hiperproteica hipercal\u00f3rica sabor frambuesaRef. : FT \u2013 Y512-JA02-00600 - Cyranie","og_description":"Las cremas HP HC de la gama Orexcy desarrolladas por Cyranie pueden consumirse como postre o merienda. Est\u00e1n adaptados a la desnutrici\u00f3n proteico-energ\u00e9tica. La gama ha sido especialmente formulada para el placer de comer.","og_url":"https:\/\/cyranie.com\/es\/produit\/crema-hipercalorica-alta-en-proteinas-sabor-frambuesa-ref-ft-y512-ja02-00600\/","og_site_name":"Cyranie","article_modified_time":"2022-09-27T07:43:10+00:00","og_image":[{"width":326,"height":326,"url":"https:\/\/cyranie.com\/wp-content\/uploads\/2022\/09\/creme-gourmande-les-savoureuses-framboise.jpg","type":"image\/jpeg"}],"twitter_card":"summary_large_image","schema":{"@context":"https:\/\/schema.org","@graph":[{"@type":"WebPage","@id":"https:\/\/cyranie.com\/es\/produit\/crema-hipercalorica-alta-en-proteinas-sabor-frambuesa-ref-ft-y512-ja02-00600\/","url":"https:\/\/cyranie.com\/es\/produit\/crema-hipercalorica-alta-en-proteinas-sabor-frambuesa-ref-ft-y512-ja02-00600\/","name":"Crema hiperproteica hipercal\u00f3rica sabor frambuesa Ref. : FT \u2013 Y512-JA02-00600 - Cyranie","isPartOf":{"@id":"https:\/\/cyranie.com\/es\/#website"},"primaryImageOfPage":{"@id":"https:\/\/cyranie.com\/es\/produit\/crema-hipercalorica-alta-en-proteinas-sabor-frambuesa-ref-ft-y512-ja02-00600\/#primaryimage"},"image":{"@id":"https:\/\/cyranie.com\/es\/produit\/crema-hipercalorica-alta-en-proteinas-sabor-frambuesa-ref-ft-y512-ja02-00600\/#primaryimage"},"thumbnailUrl":"https:\/\/cyranie.com\/wp-content\/uploads\/2022\/09\/creme-gourmande-les-savoureuses-framboise.jpg","datePublished":"2022-09-09T14:45:15+00:00","dateModified":"2022-09-27T07:43:10+00:00","breadcrumb":{"@id":"https:\/\/cyranie.com\/es\/produit\/crema-hipercalorica-alta-en-proteinas-sabor-frambuesa-ref-ft-y512-ja02-00600\/#breadcrumb"},"inLanguage":"es","potentialAction":[{"@type":"ReadAction","target":["https:\/\/cyranie.com\/es\/produit\/crema-hipercalorica-alta-en-proteinas-sabor-frambuesa-ref-ft-y512-ja02-00600\/"]}]},{"@type":"ImageObject","inLanguage":"es","@id":"https:\/\/cyranie.com\/es\/produit\/crema-hipercalorica-alta-en-proteinas-sabor-frambuesa-ref-ft-y512-ja02-00600\/#primaryimage","url":"https:\/\/cyranie.com\/wp-content\/uploads\/2022\/09\/creme-gourmande-les-savoureuses-framboise.jpg","contentUrl":"https:\/\/cyranie.com\/wp-content\/uploads\/2022\/09\/creme-gourmande-les-savoureuses-framboise.jpg","width":326,"height":326},{"@type":"BreadcrumbList","@id":"https:\/\/cyranie.com\/es\/produit\/crema-hipercalorica-alta-en-proteinas-sabor-frambuesa-ref-ft-y512-ja02-00600\/#breadcrumb","itemListElement":[{"@type":"ListItem","position":1,"name":"Accueil","item":"https:\/\/cyranie.com\/es\/"},{"@type":"ListItem","position":2,"name":"Boutique","item":"https:\/\/cyranie.com\/boutique\/"},{"@type":"ListItem","position":3,"name":"Crema hiperproteica hipercal\u00f3rica sabor frambuesaRef. : FT \u2013 Y512-JA02-00600"}]},{"@type":"WebSite","@id":"https:\/\/cyranie.com\/es\/#website","url":"https:\/\/cyranie.com\/es\/","name":"Cyranie","description":"Nourrir avec plaisir","potentialAction":[{"@type":"SearchAction","target":{"@type":"EntryPoint","urlTemplate":"https:\/\/cyranie.com\/es\/?s={search_term_string}"},"query-input":{"@type":"PropertyValueSpecification","valueRequired":true,"valueName":"search_term_string"}}],"inLanguage":"es"}]}},"_links":{"self":[{"href":"https:\/\/cyranie.com\/es\/wp-json\/wp\/v2\/product\/7965","targetHints":{"allow":["GET"]}}],"collection":[{"href":"https:\/\/cyranie.com\/es\/wp-json\/wp\/v2\/product"}],"about":[{"href":"https:\/\/cyranie.com\/es\/wp-json\/wp\/v2\/types\/product"}],"version-history":[{"count":0,"href":"https:\/\/cyranie.com\/es\/wp-json\/wp\/v2\/product\/7965\/revisions"}],"wp:featuredmedia":[{"embeddable":true,"href":"https:\/\/cyranie.com\/es\/wp-json\/wp\/v2\/media\/8119"}],"wp:attachment":[{"href":"https:\/\/cyranie.com\/es\/wp-json\/wp\/v2\/media?parent=7965"}],"wp:term":[{"taxonomy":"product_brand","embeddable":true,"href":"https:\/\/cyranie.com\/es\/wp-json\/wp\/v2\/product_brand?post=7965"},{"taxonomy":"product_cat","embeddable":true,"href":"https:\/\/cyranie.com\/es\/wp-json\/wp\/v2\/product_cat?post=7965"},{"taxonomy":"product_tag","embeddable":true,"href":"https:\/\/cyranie.com\/es\/wp-json\/wp\/v2\/product_tag?post=7965"}],"curies":[{"name":"wp","href":"https:\/\/api.w.org\/{rel}","templated":true}]}}